{"id":224825,"date":"2025-03-22T16:59:25","date_gmt":"2025-03-22T16:59:25","guid":{"rendered":"https:\/\/aromasentia.com\/product\/tropical-paradise-simmering-granules-pomelo\/"},"modified":"2025-12-30T19:48:07","modified_gmt":"2025-12-30T19:48:07","slug":"simmerkoernchen-tropische-duefte-pomelo","status":"publish","type":"product","link":"https:\/\/aromasentia.com\/de\/simmerkoernchen-tropische-duefte-pomelo\/","title":{"rendered":"Simmerk\u00f6rnchen &#8211; tropische D\u00fcfte &#8218;Pomelo&#8216;"},"content":{"rendered":"<p>Bringen Sie mit dem Tropical Paradise Simmering Granulat in der Duftrichtung Pomelo ein helles und spritziges Aroma in Ihren Raum. Geben Sie einfach einen L\u00f6ffel in Ihren \u00d6lbrenner oder -w\u00e4rmer und genie\u00dfen Sie einen erfrischenden und belebenden Zitrusduft.<\/p>\n","protected":false},"excerpt":{"rendered":"<p>Bringen Sie mit dem Tropical Paradise Simmering Granulat in der Duftrichtung Pomelo ein helles und spritziges Aroma in Ihren Raum. Geben Sie einfach einen L\u00f6ffel in Ihren \u00d6lbrenner oder -w\u00e4rmer und genie\u00dfen Sie einen erfrischenden und belebenden Zitrusduft.<\/p>\n","protected":false},"featured_media":393143,"comment_status":"closed","ping_status":"open","template":"","meta":{"_angie_page":false},"product_brand":[],"product_cat":[16455,16456],"product_tag":[],"class_list":{"0":"post-224825","1":"product","2":"type-product","3":"status-publish","4":"has-post-thumbnail","6":"product_cat-aromatherapie-und-raumdufte","7":"product_cat-duftgranulat","8":"pa_collection-tropical-paradise-simmering-granules-de","9":"pa_made-in-vereinigtes-koenigreich","11":"first","12":"instock","13":"purchasable","14":"product-type-simple"},"supplier_id":null,"supplier_sku":"TPSG-04","barcode":null,"atum_controlled":true,"out_stock_date":null,"out_stock_threshold":null,"inheritable":false,"inbound_stock":null,"stock_on_hold":0,"sold_today":0,"sales_last_days":0,"reserved_stock":null,"customer_returns":null,"warehouse_damage":null,"lost_in_post":null,"other_logs":null,"out_stock_days":0,"lost_sales":0,"has_location":null,"update_date":"2026-04-27T07:25:15","atum_locations":[],"atum_stock_status":"instock","restock_status":false,"low_stock_amount":"","sales_update_date":"2026-02-06T00:01:28","calc_backorders":null,"_links":{"self":[{"href":"https:\/\/aromasentia.com\/de\/wp-json\/wp\/v2\/product\/224825","targetHints":{"allow":["GET"]}}],"collection":[{"href":"https:\/\/aromasentia.com\/de\/wp-json\/wp\/v2\/product"}],"about":[{"href":"https:\/\/aromasentia.com\/de\/wp-json\/wp\/v2\/types\/product"}],"replies":[{"embeddable":true,"href":"https:\/\/aromasentia.com\/de\/wp-json\/wp\/v2\/comments?post=224825"}],"version-history":[{"count":0,"href":"https:\/\/aromasentia.com\/de\/wp-json\/wp\/v2\/product\/224825\/revisions"}],"wp:featuredmedia":[{"embeddable":true,"href":"https:\/\/aromasentia.com\/de\/wp-json\/wp\/v2\/media\/393143"}],"wp:attachment":[{"href":"https:\/\/aromasentia.com\/de\/wp-json\/wp\/v2\/media?parent=224825"}],"wp:term":[{"taxonomy":"product_brand","embeddable":true,"href":"https:\/\/aromasentia.com\/de\/wp-json\/wp\/v2\/product_brand?post=224825"},{"taxonomy":"product_cat","embeddable":true,"href":"https:\/\/aromasentia.com\/de\/wp-json\/wp\/v2\/product_cat?post=224825"},{"taxonomy":"product_tag","embeddable":true,"href":"https:\/\/aromasentia.com\/de\/wp-json\/wp\/v2\/product_tag?post=224825"}],"curies":[{"name":"wp","href":"https:\/\/api.w.org\/{rel}","templated":true}]}}