{"id":224761,"date":"2025-03-22T16:59:25","date_gmt":"2025-03-22T16:59:25","guid":{"rendered":"https:\/\/aromasentia.com\/product\/soywax-melts-jar-nagchampa\/"},"modified":"2025-12-30T19:47:52","modified_gmt":"2025-12-30T19:47:52","slug":"duftwachs-im-glas-nagchampa","status":"publish","type":"product","link":"https:\/\/aromasentia.com\/de\/duftwachs-im-glas-nagchampa\/","title":{"rendered":"Duftwachs im Glas &#8211; Nagchampa"},"content":{"rendered":"<p>Diese <strong>Duftenden Duftwachse im Glas \u2013 Nagchampa<\/strong> bestehen aus einer nat\u00fcrlichen Mischung aus Sojawachs und feinsten Duft\u00f6len. Erh\u00e4ltlich in siebzehn k\u00f6stlichen D\u00fcften.<\/p>\n<p>Duftwachs-Herzen enthalten kein Paraffinwachs und sorgen so f\u00fcr einen hochwertigen Duft in Ihrem Raum. Geben Sie einfach ein Herz in eine Duftlampe und Ihr Zuhause duftet wunderbar.<\/p>\n<p>In jedem Glas befinden sich 16 herzf\u00f6rmige Duftwachse. Kombinieren Sie sie mit Duftlampen f\u00fcr ein perfektes Geschenk.<\/p>\n","protected":false},"excerpt":{"rendered":"<p>Diese Duftenden Duftwachse im Glas \u2013 Nagchampa bestehen aus einer nat\u00fcrlichen Mischung aus Sojawachs und feinsten Duft\u00f6len. Erh\u00e4ltlich in siebzehn k\u00f6stlichen D\u00fcften. Duftwachs-Herzen enthalten kein Paraffinwachs und sorgen so f\u00fcr einen hochwertigen Duft in Ihrem Raum. Geben Sie einfach ein Herz in eine Duftlampe und Ihr Zuhause duftet wunderbar. In jedem Glas befinden sich 16 [&hellip;]<\/p>\n","protected":false},"featured_media":392727,"comment_status":"closed","ping_status":"open","template":"","meta":{"_angie_page":false},"product_brand":[],"product_cat":[16455,16669],"product_tag":[],"class_list":{"0":"post-224761","1":"product","2":"type-product","3":"status-publish","4":"has-post-thumbnail","6":"product_cat-aromatherapie-und-raumdufte","7":"product_cat-duftwachs-sojawachs","8":"pa_collection-soy-wax-melts-in-jars-de","9":"pa_made-in-china","11":"first","12":"instock","13":"purchasable","14":"product-type-simple"},"supplier_id":null,"supplier_sku":"SWMJ-06","barcode":null,"atum_controlled":true,"out_stock_date":null,"out_stock_threshold":null,"inheritable":false,"inbound_stock":null,"stock_on_hold":0,"sold_today":0,"sales_last_days":0,"reserved_stock":null,"customer_returns":null,"warehouse_damage":null,"lost_in_post":null,"other_logs":null,"out_stock_days":0,"lost_sales":0,"has_location":null,"update_date":"2026-04-27T07:23:52","atum_locations":[],"atum_stock_status":"instock","restock_status":false,"low_stock_amount":"","sales_update_date":"2026-02-06T00:01:38","calc_backorders":null,"_links":{"self":[{"href":"https:\/\/aromasentia.com\/de\/wp-json\/wp\/v2\/product\/224761","targetHints":{"allow":["GET"]}}],"collection":[{"href":"https:\/\/aromasentia.com\/de\/wp-json\/wp\/v2\/product"}],"about":[{"href":"https:\/\/aromasentia.com\/de\/wp-json\/wp\/v2\/types\/product"}],"replies":[{"embeddable":true,"href":"https:\/\/aromasentia.com\/de\/wp-json\/wp\/v2\/comments?post=224761"}],"version-history":[{"count":0,"href":"https:\/\/aromasentia.com\/de\/wp-json\/wp\/v2\/product\/224761\/revisions"}],"wp:featuredmedia":[{"embeddable":true,"href":"https:\/\/aromasentia.com\/de\/wp-json\/wp\/v2\/media\/392727"}],"wp:attachment":[{"href":"https:\/\/aromasentia.com\/de\/wp-json\/wp\/v2\/media?parent=224761"}],"wp:term":[{"taxonomy":"product_brand","embeddable":true,"href":"https:\/\/aromasentia.com\/de\/wp-json\/wp\/v2\/product_brand?post=224761"},{"taxonomy":"product_cat","embeddable":true,"href":"https:\/\/aromasentia.com\/de\/wp-json\/wp\/v2\/product_cat?post=224761"},{"taxonomy":"product_tag","embeddable":true,"href":"https:\/\/aromasentia.com\/de\/wp-json\/wp\/v2\/product_tag?post=224761"}],"curies":[{"name":"wp","href":"https:\/\/api.w.org\/{rel}","templated":true}]}}