{"id":224733,"date":"2025-03-22T16:59:25","date_gmt":"2025-03-22T16:59:25","guid":{"rendered":"https:\/\/aromasentia.com\/product\/summer-room-spray-floral-harmony-100ml\/"},"modified":"2025-12-30T19:47:52","modified_gmt":"2025-12-30T19:47:52","slug":"sommer-raumspray-floral-harmony-100ml","status":"publish","type":"product","link":"https:\/\/aromasentia.com\/de\/sommer-raumspray-floral-harmony-100ml\/","title":{"rendered":"Sommer-Raumspray &#8211; Floral Harmony 100ml"},"content":{"rendered":"<p><span style=\"color: rgb(75, 80, 88);\"><strong>Verbessern Sie die Atmosph\u00e4re jedes Raumes mit unseren Sommer-Raumsprays.&nbsp;<\/strong><\/span><\/p>\n<p><span style=\"color: rgb(75, 80, 88);\">Jeder Duft wird sorgf\u00e4ltig mit einer einzigartigen Mischung aus \u00e4therischen \u00d6len und nat\u00fcrlichen Inhaltsstoffen hergestellt, um ein unvergessliches und angenehmes Erlebnis zu schaffen.&nbsp;<\/span><\/p>\n<p><span style=\"color: rgb(75, 80, 88);\">Unsere Formeln sind sanft und frei von aggressiven Chemikalien, sodass sie sicher f\u00fcr den t\u00e4glichen Gebrauch sind. Diese Raumsprays eignen sich perfekt zum Verschenken oder f\u00fcr den pers\u00f6nlichen Genuss und werden bei Ihren Kunden garantiert ein Hit sein.<\/span><\/p>\n<p><span style=\"color: rgb(75, 80, 88);\"><strong>Erleben Sie die Eleganz des Floral Harmony Raumsprays.<\/strong><\/span><\/p>\n<p><span style=\"color: rgb(75, 80, 88);\">Es beginnt mit dem frischen, zitrusartigen Duft von Bergamotte und geht dann in eine harmonische Mischung aus blumigen und erdigen Noten mit Wasserlilie, Lotus und Patschuli \u00fcber. Der Duft setzt sich in einer warmen, holzigen Basis fest und schafft eine erfrischende und beruhigende Atmosph\u00e4re.<\/span><\/p>\n<p><span style=\"color: rgb(75, 80, 88);\"><strong><em>Floral Harmony eignet sich perfekt f\u00fcr jede Umgebung, in der ein Hauch von Ruhe und Eleganz gew\u00fcnscht ist.<\/em><\/strong><\/span><\/p>\n","protected":false},"excerpt":{"rendered":"<p>Verbessern Sie die Atmosph\u00e4re jedes Raumes mit unseren Sommer-Raumsprays.&nbsp; Jeder Duft wird sorgf\u00e4ltig mit einer einzigartigen Mischung aus \u00e4therischen \u00d6len und nat\u00fcrlichen Inhaltsstoffen hergestellt, um ein unvergessliches und angenehmes Erlebnis zu schaffen.&nbsp; Unsere Formeln sind sanft und frei von aggressiven Chemikalien, sodass sie sicher f\u00fcr den t\u00e4glichen Gebrauch sind. Diese Raumsprays eignen sich perfekt zum [&hellip;]<\/p>\n","protected":false},"featured_media":392568,"comment_status":"closed","ping_status":"open","template":"","meta":[],"product_brand":[],"product_cat":[16455,16635],"product_tag":[],"class_list":{"0":"post-224733","1":"product","2":"type-product","3":"status-publish","4":"has-post-thumbnail","6":"product_cat-aromatherapie-und-raumdufte","7":"product_cat-raumsprays-und-raumdufte","8":"pa_collection-summer-room-sprays-de","9":"pa_made-in-vereinigtes-koenigreich","10":"pa_size-100ml","12":"first","13":"instock","14":"purchasable","15":"product-type-simple"},"supplier_id":null,"supplier_sku":"SRS-02","barcode":null,"atum_controlled":true,"out_stock_date":null,"out_stock_threshold":null,"inheritable":false,"inbound_stock":null,"stock_on_hold":0,"sold_today":0,"sales_last_days":0,"reserved_stock":null,"customer_returns":null,"warehouse_damage":null,"lost_in_post":null,"other_logs":null,"out_stock_days":0,"lost_sales":0,"has_location":null,"update_date":"2026-01-29T22:34:39","atum_locations":[],"atum_stock_status":"instock","restock_status":false,"low_stock_amount":"","sales_update_date":"2026-01-20T05:13:57","calc_backorders":null,"_links":{"self":[{"href":"https:\/\/aromasentia.com\/de\/wp-json\/wp\/v2\/product\/224733","targetHints":{"allow":["GET"]}}],"collection":[{"href":"https:\/\/aromasentia.com\/de\/wp-json\/wp\/v2\/product"}],"about":[{"href":"https:\/\/aromasentia.com\/de\/wp-json\/wp\/v2\/types\/product"}],"replies":[{"embeddable":true,"href":"https:\/\/aromasentia.com\/de\/wp-json\/wp\/v2\/comments?post=224733"}],"version-history":[{"count":0,"href":"https:\/\/aromasentia.com\/de\/wp-json\/wp\/v2\/product\/224733\/revisions"}],"wp:featuredmedia":[{"embeddable":true,"href":"https:\/\/aromasentia.com\/de\/wp-json\/wp\/v2\/media\/392568"}],"wp:attachment":[{"href":"https:\/\/aromasentia.com\/de\/wp-json\/wp\/v2\/media?parent=224733"}],"wp:term":[{"taxonomy":"product_brand","embeddable":true,"href":"https:\/\/aromasentia.com\/de\/wp-json\/wp\/v2\/product_brand?post=224733"},{"taxonomy":"product_cat","embeddable":true,"href":"https:\/\/aromasentia.com\/de\/wp-json\/wp\/v2\/product_cat?post=224733"},{"taxonomy":"product_tag","embeddable":true,"href":"https:\/\/aromasentia.com\/de\/wp-json\/wp\/v2\/product_tag?post=224733"}],"curies":[{"name":"wp","href":"https:\/\/api.w.org\/{rel}","templated":true}]}}