{"id":224717,"date":"2025-03-22T16:59:25","date_gmt":"2025-03-22T16:59:25","guid":{"rendered":"https:\/\/aromasentia.com\/product\/summer-room-spray-fresh-vetiver-100ml\/"},"modified":"2025-12-30T19:47:44","modified_gmt":"2025-12-30T19:47:44","slug":"sommer-raumspray-frisches-vetiver-100ml","status":"publish","type":"product","link":"https:\/\/aromasentia.com\/de\/sommer-raumspray-frisches-vetiver-100ml\/","title":{"rendered":"Sommer-Raumspray &#8211; Frisches Vetiver 100ml"},"content":{"rendered":"<p><span style=\"color: rgb(75, 80, 88);\"><strong>Versch\u00f6nern Sie jeden Raum mit unseren Sommer-Raumsprays.<\/strong><\/span><\/p>\n<p><span style=\"color: rgb(75, 80, 88);\">Jeder Duft wird sorgf\u00e4ltig mit einer einzigartigen Mischung aus \u00e4therischen \u00d6len und nat\u00fcrlichen Inhaltsstoffen hergestellt, um ein unvergessliches und angenehmes Erlebnis zu schaffen.&nbsp;<\/span><\/p>\n<p><span style=\"color: rgb(75, 80, 88);\">Unsere Formeln sind sanft und frei von aggressiven Chemikalien, sodass sie sicher f\u00fcr den t\u00e4glichen Gebrauch sind. Perfekt zum Verschenken oder f\u00fcr den pers\u00f6nlichen Genuss, werden diese Raumsprays bei Ihren Kunden garantiert ein Hit sein.<\/span><\/p>\n<p><span style=\"color: rgb(75, 80, 88);\"><strong>Erfrischen Sie Ihre Umgebung mit dem Fresh Vetiver Raumspray. <\/strong><\/span><\/p>\n<p><span style=\"color: rgb(75, 80, 88);\">Es beginnt mit hellen, pikanten Noten von Grapefruit, Citrus Aurantium-Schalen\u00f6l und Limonen, geht \u00fcber in eine tiefe, erdige Herznote aus Vetiver und Zedernholz und endet mit einer reichen, komplexen Basisnote aus Patchouli.&nbsp;<\/span><\/p>\n<p><span style=\"color: rgb(75, 80, 88);\"><strong><em>Fresh Vetiver ist perfekt f\u00fcr R\u00e4ume, die ein revitalisierendes und erfrischendes Ambiente ben\u00f6tigen.<\/em><\/strong><\/span><\/p>\n","protected":false},"excerpt":{"rendered":"<p>Versch\u00f6nern Sie jeden Raum mit unseren Sommer-Raumsprays. Jeder Duft wird sorgf\u00e4ltig mit einer einzigartigen Mischung aus \u00e4therischen \u00d6len und nat\u00fcrlichen Inhaltsstoffen hergestellt, um ein unvergessliches und angenehmes Erlebnis zu schaffen.&nbsp; Unsere Formeln sind sanft und frei von aggressiven Chemikalien, sodass sie sicher f\u00fcr den t\u00e4glichen Gebrauch sind. Perfekt zum Verschenken oder f\u00fcr den pers\u00f6nlichen Genuss, [&hellip;]<\/p>\n","protected":false},"featured_media":392500,"comment_status":"closed","ping_status":"open","template":"","meta":[],"product_brand":[],"product_cat":[16455,16635],"product_tag":[],"class_list":{"0":"post-224717","1":"product","2":"type-product","3":"status-publish","4":"has-post-thumbnail","6":"product_cat-aromatherapie-und-raumdufte","7":"product_cat-raumsprays-und-raumdufte","8":"pa_collection-summer-room-sprays-de","9":"pa_made-in-vereinigtes-koenigreich","10":"pa_size-100ml","12":"first","13":"instock","14":"purchasable","15":"product-type-simple"},"supplier_id":null,"supplier_sku":"SRS-06","barcode":null,"atum_controlled":true,"out_stock_date":null,"out_stock_threshold":null,"inheritable":false,"inbound_stock":null,"stock_on_hold":0,"sold_today":0,"sales_last_days":0,"reserved_stock":null,"customer_returns":null,"warehouse_damage":null,"lost_in_post":null,"other_logs":null,"out_stock_days":0,"lost_sales":0,"has_location":null,"update_date":"2026-01-29T22:40:03","atum_locations":[],"atum_stock_status":"instock","restock_status":false,"low_stock_amount":"","sales_update_date":"2025-09-03T00:21:47","calc_backorders":null,"_links":{"self":[{"href":"https:\/\/aromasentia.com\/de\/wp-json\/wp\/v2\/product\/224717","targetHints":{"allow":["GET"]}}],"collection":[{"href":"https:\/\/aromasentia.com\/de\/wp-json\/wp\/v2\/product"}],"about":[{"href":"https:\/\/aromasentia.com\/de\/wp-json\/wp\/v2\/types\/product"}],"replies":[{"embeddable":true,"href":"https:\/\/aromasentia.com\/de\/wp-json\/wp\/v2\/comments?post=224717"}],"version-history":[{"count":0,"href":"https:\/\/aromasentia.com\/de\/wp-json\/wp\/v2\/product\/224717\/revisions"}],"wp:featuredmedia":[{"embeddable":true,"href":"https:\/\/aromasentia.com\/de\/wp-json\/wp\/v2\/media\/392500"}],"wp:attachment":[{"href":"https:\/\/aromasentia.com\/de\/wp-json\/wp\/v2\/media?parent=224717"}],"wp:term":[{"taxonomy":"product_brand","embeddable":true,"href":"https:\/\/aromasentia.com\/de\/wp-json\/wp\/v2\/product_brand?post=224717"},{"taxonomy":"product_cat","embeddable":true,"href":"https:\/\/aromasentia.com\/de\/wp-json\/wp\/v2\/product_cat?post=224717"},{"taxonomy":"product_tag","embeddable":true,"href":"https:\/\/aromasentia.com\/de\/wp-json\/wp\/v2\/product_tag?post=224717"}],"curies":[{"name":"wp","href":"https:\/\/api.w.org\/{rel}","templated":true}]}}