{"id":224633,"date":"2025-03-22T16:59:25","date_gmt":"2025-03-22T16:59:25","guid":{"rendered":"https:\/\/aromasentia.com\/product\/plant-based-aroma-oil-sandalwood\/"},"modified":"2025-12-30T19:47:28","modified_gmt":"2025-12-30T19:47:28","slug":"packung-mit-6-pflanzlichen-aromaoelen-sandelholz","status":"publish","type":"product","link":"https:\/\/aromasentia.com\/de\/packung-mit-6-pflanzlichen-aromaoelen-sandelholz\/","title":{"rendered":"Packung mit 6 pflanzlichen Aroma\u00f6len &#8211; Sandelholz"},"content":{"rendered":"<p>Pflanzenbasiertes Sandelholz-Aroma\u00f6l ist bekannt f\u00fcr sein warmes, holziges und erdiges Aroma, das als erdend und entspannend empfunden wird.<\/p>\n<p>Hergestellt aus nat\u00fcrlichen pflanzlichen Inhaltsstoffen und verd\u00fcnnt in einem Dipropylenglykol-Tr\u00e4ger.<\/p>\n<p>Verwenden Sie dieses \u00d6l mit \u00d6lbrennern oder Aroma-Diffusoren.<\/p>\n","protected":false},"excerpt":{"rendered":"<p>Pflanzenbasiertes Sandelholz-Aroma\u00f6l ist bekannt f\u00fcr sein warmes, holziges und erdiges Aroma, das als erdend und entspannend empfunden wird. Hergestellt aus nat\u00fcrlichen pflanzlichen Inhaltsstoffen und verd\u00fcnnt in einem Dipropylenglykol-Tr\u00e4ger. Verwenden Sie dieses \u00d6l mit \u00d6lbrennern oder Aroma-Diffusoren.<\/p>\n","protected":false},"featured_media":392255,"comment_status":"closed","ping_status":"open","template":"","meta":{"_angie_page":false},"product_brand":[27139],"product_cat":[16455,25841,16471,26896,26387],"product_tag":[],"class_list":{"0":"post-224633","1":"product","2":"type-product","3":"status-publish","4":"has-post-thumbnail","6":"product_brand-stamford","7":"product_cat-aromatherapie-und-raumdufte","8":"product_cat-dufte-aromen","9":"product_cat-duftole","10":"product_cat-holzig","11":"product_cat-sandelholz","12":"pa_collection-plant-based-fragrance-oils-de","13":"pa_made-in-indien","14":"pa_size-10ml","16":"first","17":"instock","18":"purchasable","19":"product-type-simple"},"supplier_id":null,"supplier_sku":"SPBAO-04","barcode":null,"atum_controlled":true,"out_stock_date":null,"out_stock_threshold":null,"inheritable":false,"inbound_stock":null,"stock_on_hold":0,"sold_today":0,"sales_last_days":0,"reserved_stock":null,"customer_returns":null,"warehouse_damage":null,"lost_in_post":null,"other_logs":null,"out_stock_days":0,"lost_sales":0,"has_location":null,"update_date":"2026-05-04T00:04:59","atum_locations":[],"atum_stock_status":"instock","restock_status":false,"low_stock_amount":"","sales_update_date":"2025-09-03T00:21:42","calc_backorders":null,"_links":{"self":[{"href":"https:\/\/aromasentia.com\/de\/wp-json\/wp\/v2\/product\/224633","targetHints":{"allow":["GET"]}}],"collection":[{"href":"https:\/\/aromasentia.com\/de\/wp-json\/wp\/v2\/product"}],"about":[{"href":"https:\/\/aromasentia.com\/de\/wp-json\/wp\/v2\/types\/product"}],"replies":[{"embeddable":true,"href":"https:\/\/aromasentia.com\/de\/wp-json\/wp\/v2\/comments?post=224633"}],"version-history":[{"count":0,"href":"https:\/\/aromasentia.com\/de\/wp-json\/wp\/v2\/product\/224633\/revisions"}],"wp:featuredmedia":[{"embeddable":true,"href":"https:\/\/aromasentia.com\/de\/wp-json\/wp\/v2\/media\/392255"}],"wp:attachment":[{"href":"https:\/\/aromasentia.com\/de\/wp-json\/wp\/v2\/media?parent=224633"}],"wp:term":[{"taxonomy":"product_brand","embeddable":true,"href":"https:\/\/aromasentia.com\/de\/wp-json\/wp\/v2\/product_brand?post=224633"},{"taxonomy":"product_cat","embeddable":true,"href":"https:\/\/aromasentia.com\/de\/wp-json\/wp\/v2\/product_cat?post=224633"},{"taxonomy":"product_tag","embeddable":true,"href":"https:\/\/aromasentia.com\/de\/wp-json\/wp\/v2\/product_tag?post=224633"}],"curies":[{"name":"wp","href":"https:\/\/api.w.org\/{rel}","templated":true}]}}