{"id":224581,"date":"2025-03-22T16:59:25","date_gmt":"2025-03-22T16:59:25","guid":{"rendered":"https:\/\/aromasentia.com\/product\/hallway-warm-welcome\/"},"modified":"2025-12-30T19:47:20","modified_gmt":"2025-12-30T19:47:20","slug":"flur-ein-warmer-willkommensgruss","status":"publish","type":"product","link":"https:\/\/aromasentia.com\/de\/flur-ein-warmer-willkommensgruss\/","title":{"rendered":"Flur &#8211; Ein warmer Willkommensgru\u00df"},"content":{"rendered":"<p>Dieses feine <strong>Simmergranulat Flur &#8211; Herzlich Willkommen<\/strong> ist f\u00fcr bestimmte Stellen in Ihrem Zuhause konzipiert. Ideal f\u00fcr Duftlampen, Duftbuchstaben, n\u00fctzlich auf Aschenbechern zur Bek\u00e4mpfung von Tabakgeruch sowie zum Beduften und Dekorieren von Tellern. Die Farben sind auff\u00e4llig. Mindestgewicht 200 g pro Beutel.<\/p>\n<p>Sie werden in den Vorratsbeh\u00e4lter der Duftlampe gegeben und ben\u00f6tigen kein Wasser.<\/p>\n","protected":false},"excerpt":{"rendered":"<p>Dieses feine Simmergranulat Flur &#8211; Herzlich Willkommen ist f\u00fcr bestimmte Stellen in Ihrem Zuhause konzipiert. Ideal f\u00fcr Duftlampen, Duftbuchstaben, n\u00fctzlich auf Aschenbechern zur Bek\u00e4mpfung von Tabakgeruch sowie zum Beduften und Dekorieren von Tellern. Die Farben sind auff\u00e4llig. Mindestgewicht 200 g pro Beutel. Sie werden in den Vorratsbeh\u00e4lter der Duftlampe gegeben und ben\u00f6tigen kein Wasser.<\/p>\n","protected":false},"featured_media":391786,"comment_status":"closed","ping_status":"open","template":"","meta":{"_angie_page":false},"product_brand":[],"product_cat":[16455,16456],"product_tag":[],"class_list":{"0":"post-224581","1":"product","2":"type-product","3":"status-publish","4":"has-post-thumbnail","6":"product_cat-aromatherapie-und-raumdufte","7":"product_cat-duftgranulat","8":"pa_collection-home-comforts-scented-salt-granules-for-oil-burners-de","9":"pa_made-in-vereinigtes-koenigreich","11":"first","12":"instock","13":"purchasable","14":"product-type-simple"},"supplier_id":null,"supplier_sku":"SGHC-01","barcode":null,"atum_controlled":true,"out_stock_date":null,"out_stock_threshold":null,"inheritable":false,"inbound_stock":null,"stock_on_hold":0,"sold_today":0,"sales_last_days":0,"reserved_stock":null,"customer_returns":null,"warehouse_damage":null,"lost_in_post":null,"other_logs":null,"out_stock_days":0,"lost_sales":0,"has_location":null,"update_date":"2026-04-29T13:02:07","atum_locations":[],"atum_stock_status":"instock","restock_status":false,"low_stock_amount":"","sales_update_date":"2025-09-03T00:21:39","calc_backorders":null,"_links":{"self":[{"href":"https:\/\/aromasentia.com\/de\/wp-json\/wp\/v2\/product\/224581","targetHints":{"allow":["GET"]}}],"collection":[{"href":"https:\/\/aromasentia.com\/de\/wp-json\/wp\/v2\/product"}],"about":[{"href":"https:\/\/aromasentia.com\/de\/wp-json\/wp\/v2\/types\/product"}],"replies":[{"embeddable":true,"href":"https:\/\/aromasentia.com\/de\/wp-json\/wp\/v2\/comments?post=224581"}],"version-history":[{"count":0,"href":"https:\/\/aromasentia.com\/de\/wp-json\/wp\/v2\/product\/224581\/revisions"}],"wp:featuredmedia":[{"embeddable":true,"href":"https:\/\/aromasentia.com\/de\/wp-json\/wp\/v2\/media\/391786"}],"wp:attachment":[{"href":"https:\/\/aromasentia.com\/de\/wp-json\/wp\/v2\/media?parent=224581"}],"wp:term":[{"taxonomy":"product_brand","embeddable":true,"href":"https:\/\/aromasentia.com\/de\/wp-json\/wp\/v2\/product_brand?post=224581"},{"taxonomy":"product_cat","embeddable":true,"href":"https:\/\/aromasentia.com\/de\/wp-json\/wp\/v2\/product_cat?post=224581"},{"taxonomy":"product_tag","embeddable":true,"href":"https:\/\/aromasentia.com\/de\/wp-json\/wp\/v2\/product_tag?post=224581"}],"curies":[{"name":"wp","href":"https:\/\/api.w.org\/{rel}","templated":true}]}}