{"id":224577,"date":"2025-03-22T16:59:25","date_gmt":"2025-03-22T16:59:25","guid":{"rendered":"https:\/\/aromasentia.com\/product\/natural-reed-diffuser-sticks-25cm-x-3mm-2-5kg\/"},"modified":"2025-12-30T19:47:20","modified_gmt":"2025-12-30T19:47:20","slug":"natural-reed-diffuser-sticks-25cm-x-3mm-2-5kg","status":"publish","type":"product","link":"https:\/\/aromasentia.com\/de\/natural-reed-diffuser-sticks-25cm-x-3mm-2-5kg\/","title":{"rendered":"Natural Reed Diffuser Sticks -25cm x 3mm &#8211; 2.5kg"},"content":{"rendered":"<p>F\u00fcr den Bedarf an Duftstoffen in gro\u00dfen Mengen ist diese 2,5-kg-Packung nat\u00fcrlicher Rohrdiffusorst\u00e4bchen ideal. Mit einer Gr\u00f6\u00dfe von 25 cm x 3 mm sorgen diese hochwertigen Rattanst\u00e4bchen daf\u00fcr, dass Ihre Diffusoren effektiv arbeiten und eine kontinuierliche und nat\u00fcrliche Freisetzung der von Ihnen gew\u00e4hlten D\u00fcfte gew\u00e4hrleistet ist.<\/p>\n","protected":false},"excerpt":{"rendered":"<p>F\u00fcr den Bedarf an Duftstoffen in gro\u00dfen Mengen ist diese 2,5-kg-Packung nat\u00fcrlicher Rohrdiffusorst\u00e4bchen ideal. Mit einer Gr\u00f6\u00dfe von 25 cm x 3 mm sorgen diese hochwertigen Rattanst\u00e4bchen daf\u00fcr, dass Ihre Diffusoren effektiv arbeiten und eine kontinuierliche und nat\u00fcrliche Freisetzung der von Ihnen gew\u00e4hlten D\u00fcfte gew\u00e4hrleistet ist.<\/p>\n","protected":false},"featured_media":391777,"comment_status":"closed","ping_status":"open","template":"","meta":{"_angie_page":false},"product_brand":[],"product_cat":[16543,16455],"product_tag":[],"class_list":{"0":"post-224577","1":"product","2":"type-product","3":"status-publish","4":"has-post-thumbnail","6":"product_cat-aromaflaschen-und-zubehor","7":"product_cat-aromatherapie-und-raumdufte","8":"pa_collection-bulk-reed-diffusers-sticks-de","9":"pa_made-in-indonesien","11":"first","12":"instock","13":"purchasable","14":"product-type-simple"},"supplier_id":null,"supplier_sku":"RReed-19","barcode":null,"atum_controlled":true,"out_stock_date":null,"out_stock_threshold":null,"inheritable":false,"inbound_stock":null,"stock_on_hold":0,"sold_today":0,"sales_last_days":0,"reserved_stock":null,"customer_returns":null,"warehouse_damage":null,"lost_in_post":null,"other_logs":null,"out_stock_days":0,"lost_sales":0,"has_location":null,"update_date":"2026-04-27T07:19:59","atum_locations":[],"atum_stock_status":"instock","restock_status":false,"low_stock_amount":"","sales_update_date":"2026-01-20T05:14:19","calc_backorders":null,"_links":{"self":[{"href":"https:\/\/aromasentia.com\/de\/wp-json\/wp\/v2\/product\/224577","targetHints":{"allow":["GET"]}}],"collection":[{"href":"https:\/\/aromasentia.com\/de\/wp-json\/wp\/v2\/product"}],"about":[{"href":"https:\/\/aromasentia.com\/de\/wp-json\/wp\/v2\/types\/product"}],"replies":[{"embeddable":true,"href":"https:\/\/aromasentia.com\/de\/wp-json\/wp\/v2\/comments?post=224577"}],"version-history":[{"count":0,"href":"https:\/\/aromasentia.com\/de\/wp-json\/wp\/v2\/product\/224577\/revisions"}],"wp:featuredmedia":[{"embeddable":true,"href":"https:\/\/aromasentia.com\/de\/wp-json\/wp\/v2\/media\/391777"}],"wp:attachment":[{"href":"https:\/\/aromasentia.com\/de\/wp-json\/wp\/v2\/media?parent=224577"}],"wp:term":[{"taxonomy":"product_brand","embeddable":true,"href":"https:\/\/aromasentia.com\/de\/wp-json\/wp\/v2\/product_brand?post=224577"},{"taxonomy":"product_cat","embeddable":true,"href":"https:\/\/aromasentia.com\/de\/wp-json\/wp\/v2\/product_cat?post=224577"},{"taxonomy":"product_tag","embeddable":true,"href":"https:\/\/aromasentia.com\/de\/wp-json\/wp\/v2\/product_tag?post=224577"}],"curies":[{"name":"wp","href":"https:\/\/api.w.org\/{rel}","templated":true}]}}