{"id":224573,"date":"2025-03-22T16:59:25","date_gmt":"2025-03-22T16:59:25","guid":{"rendered":"https:\/\/aromasentia.com\/product\/natural-reed-diffuser-sticks-25cm-x-3mm-1kg\/"},"modified":"2025-12-30T19:47:20","modified_gmt":"2025-12-30T19:47:20","slug":"natural-reed-diffuser-sticks-25cm-x-3mm-1kg","status":"publish","type":"product","link":"https:\/\/aromasentia.com\/de\/natural-reed-diffuser-sticks-25cm-x-3mm-1kg\/","title":{"rendered":"Natural Reed Diffuser Sticks -25cm x 3mm &#8211; 1kg"},"content":{"rendered":"<p>F\u00fcllen Sie Ihren Vorrat an nat\u00fcrlichen Duftstoffen mit dieser 1kg-Packung nat\u00fcrlicher Diffusorst\u00e4bchen. Mit einer Gr\u00f6\u00dfe von 25 cm x 3 mm sind diese hochwertigen Rattanst\u00e4bchen perfekt zum Nachf\u00fcllen Ihrer Diffusoren geeignet und sorgen f\u00fcr eine gleichm\u00e4\u00dfige Abgabe Ihrer Lieblingsd\u00fcfte.<\/p>\n","protected":false},"excerpt":{"rendered":"<p>F\u00fcllen Sie Ihren Vorrat an nat\u00fcrlichen Duftstoffen mit dieser 1kg-Packung nat\u00fcrlicher Diffusorst\u00e4bchen. Mit einer Gr\u00f6\u00dfe von 25 cm x 3 mm sind diese hochwertigen Rattanst\u00e4bchen perfekt zum Nachf\u00fcllen Ihrer Diffusoren geeignet und sorgen f\u00fcr eine gleichm\u00e4\u00dfige Abgabe Ihrer Lieblingsd\u00fcfte.<\/p>\n","protected":false},"featured_media":642633,"comment_status":"closed","ping_status":"open","template":"","meta":{"_angie_page":false},"product_brand":[],"product_cat":[16543,16455],"product_tag":[],"class_list":{"0":"post-224573","1":"product","2":"type-product","3":"status-publish","4":"has-post-thumbnail","6":"product_cat-aromaflaschen-und-zubehor","7":"product_cat-aromatherapie-und-raumdufte","8":"pa_collection-bulk-reed-diffusers-sticks-de","9":"pa_made-in-indonesien","11":"first","12":"instock","13":"purchasable","14":"product-type-simple"},"supplier_id":null,"supplier_sku":"RReed-18","barcode":null,"atum_controlled":true,"out_stock_date":null,"out_stock_threshold":null,"inheritable":false,"inbound_stock":null,"stock_on_hold":0,"sold_today":0,"sales_last_days":0,"reserved_stock":null,"customer_returns":null,"warehouse_damage":null,"lost_in_post":null,"other_logs":null,"out_stock_days":0,"lost_sales":0,"has_location":null,"update_date":"2026-04-27T07:19:59","atum_locations":[],"atum_stock_status":"instock","restock_status":false,"low_stock_amount":"","sales_update_date":"2026-02-06T00:02:38","calc_backorders":null,"_links":{"self":[{"href":"https:\/\/aromasentia.com\/de\/wp-json\/wp\/v2\/product\/224573","targetHints":{"allow":["GET"]}}],"collection":[{"href":"https:\/\/aromasentia.com\/de\/wp-json\/wp\/v2\/product"}],"about":[{"href":"https:\/\/aromasentia.com\/de\/wp-json\/wp\/v2\/types\/product"}],"replies":[{"embeddable":true,"href":"https:\/\/aromasentia.com\/de\/wp-json\/wp\/v2\/comments?post=224573"}],"version-history":[{"count":0,"href":"https:\/\/aromasentia.com\/de\/wp-json\/wp\/v2\/product\/224573\/revisions"}],"wp:featuredmedia":[{"embeddable":true,"href":"https:\/\/aromasentia.com\/de\/wp-json\/wp\/v2\/media\/642633"}],"wp:attachment":[{"href":"https:\/\/aromasentia.com\/de\/wp-json\/wp\/v2\/media?parent=224573"}],"wp:term":[{"taxonomy":"product_brand","embeddable":true,"href":"https:\/\/aromasentia.com\/de\/wp-json\/wp\/v2\/product_brand?post=224573"},{"taxonomy":"product_cat","embeddable":true,"href":"https:\/\/aromasentia.com\/de\/wp-json\/wp\/v2\/product_cat?post=224573"},{"taxonomy":"product_tag","embeddable":true,"href":"https:\/\/aromasentia.com\/de\/wp-json\/wp\/v2\/product_tag?post=224573"}],"curies":[{"name":"wp","href":"https:\/\/api.w.org\/{rel}","templated":true}]}}