{"id":224569,"date":"2025-03-22T16:59:25","date_gmt":"2025-03-22T16:59:25","guid":{"rendered":"https:\/\/aromasentia.com\/product\/5kg-of-3mm-reed-diffusers-approx-3600\/"},"modified":"2025-12-30T19:47:12","modified_gmt":"2025-12-30T19:47:12","slug":"5kg-of-3mm-reed-diffusers-approx-3600","status":"publish","type":"product","link":"https:\/\/aromasentia.com\/de\/5kg-of-3mm-reed-diffusers-approx-3600\/","title":{"rendered":"5kg of 3mm Reed Diffusers (approx 3600)"},"content":{"rendered":"<p><span style=\"color: rgb(75, 80, 88);\">Ein Duftst\u00e4bchen-Diffusor ist eine einfache, effektive und sichere M\u00f6glichkeit, einen kontinuierlichen Duft in Ihrer Umgebung zu verbreiten.<\/span><\/p>\n<p><span style=\"color: rgb(75, 80, 88);\">Diffusoren mit Duftst\u00e4bchen sind leicht zu verkaufen &#8230; Sie haben keinen Rauch, kein tropfendes Wachs und keine Angst vor brennenden Kerzen. Ideal f\u00fcr Bereiche ohne Kerzen, wie B\u00fcros und Schlafs\u00e4le oder Haushalte mit kleinen Kindern.&nbsp;<\/span><\/p>\n<p><span style=\"color: rgb(75, 80, 88);\">Hier haben wir 5 kg 3 mm gro\u00dfe Rattanst\u00e4bchen-Diffusoren im Gro\u00dfhandel (ca. 3000), die Sie pro B\u00fcndel oder mit hohem Gewinn pro St\u00e4bchen verkaufen k\u00f6nnen.&nbsp;<\/span><\/p>\n<p><span style=\"color: rgb(75, 80, 88);\">Rattanst\u00e4bchen-Diffusoren sind ein sehr beliebtes Geschenk und eine tolle Alternative zu \u00d6lbrennern.<\/span><\/p>\n<p><span style=\"color: rgb(141, 186, 216);\"><strong>Rattanst\u00e4bchen-Diffusoren sind in den Gr\u00f6\u00dfen 24\u201325 cm erh\u00e4ltlich<\/strong><\/span><\/p>\n","protected":false},"excerpt":{"rendered":"<p>Ein Duftst\u00e4bchen-Diffusor ist eine einfache, effektive und sichere M\u00f6glichkeit, einen kontinuierlichen Duft in Ihrer Umgebung zu verbreiten. Diffusoren mit Duftst\u00e4bchen sind leicht zu verkaufen &#8230; Sie haben keinen Rauch, kein tropfendes Wachs und keine Angst vor brennenden Kerzen. Ideal f\u00fcr Bereiche ohne Kerzen, wie B\u00fcros und Schlafs\u00e4le oder Haushalte mit kleinen Kindern.&nbsp; Hier haben wir [&hellip;]<\/p>\n","protected":false},"featured_media":392112,"comment_status":"closed","ping_status":"open","template":"","meta":{"_angie_page":false},"product_brand":[],"product_cat":[16543,16455],"product_tag":[],"class_list":{"0":"post-224569","1":"product","2":"type-product","3":"status-publish","4":"has-post-thumbnail","6":"product_cat-aromaflaschen-und-zubehor","7":"product_cat-aromatherapie-und-raumdufte","8":"pa_collection-bulk-reed-diffusers-sticks-de","9":"pa_made-in-indonesien","11":"first","12":"outofstock","13":"purchasable","14":"product-type-simple"},"supplier_id":null,"supplier_sku":"Rreed-05","barcode":null,"atum_controlled":true,"out_stock_date":"2026-04-25 16:30:34","out_stock_threshold":null,"inheritable":false,"inbound_stock":null,"stock_on_hold":0,"sold_today":0,"sales_last_days":0,"reserved_stock":null,"customer_returns":null,"warehouse_damage":null,"lost_in_post":null,"other_logs":null,"out_stock_days":0,"lost_sales":0,"has_location":null,"update_date":"2026-04-27T07:19:52","atum_locations":[],"atum_stock_status":"outofstock","restock_status":false,"low_stock_amount":"","sales_update_date":"2026-01-30T01:25:41","calc_backorders":null,"_links":{"self":[{"href":"https:\/\/aromasentia.com\/de\/wp-json\/wp\/v2\/product\/224569","targetHints":{"allow":["GET"]}}],"collection":[{"href":"https:\/\/aromasentia.com\/de\/wp-json\/wp\/v2\/product"}],"about":[{"href":"https:\/\/aromasentia.com\/de\/wp-json\/wp\/v2\/types\/product"}],"replies":[{"embeddable":true,"href":"https:\/\/aromasentia.com\/de\/wp-json\/wp\/v2\/comments?post=224569"}],"version-history":[{"count":0,"href":"https:\/\/aromasentia.com\/de\/wp-json\/wp\/v2\/product\/224569\/revisions"}],"wp:featuredmedia":[{"embeddable":true,"href":"https:\/\/aromasentia.com\/de\/wp-json\/wp\/v2\/media\/392112"}],"wp:attachment":[{"href":"https:\/\/aromasentia.com\/de\/wp-json\/wp\/v2\/media?parent=224569"}],"wp:term":[{"taxonomy":"product_brand","embeddable":true,"href":"https:\/\/aromasentia.com\/de\/wp-json\/wp\/v2\/product_brand?post=224569"},{"taxonomy":"product_cat","embeddable":true,"href":"https:\/\/aromasentia.com\/de\/wp-json\/wp\/v2\/product_cat?post=224569"},{"taxonomy":"product_tag","embeddable":true,"href":"https:\/\/aromasentia.com\/de\/wp-json\/wp\/v2\/product_tag?post=224569"}],"curies":[{"name":"wp","href":"https:\/\/api.w.org\/{rel}","templated":true}]}}