{"id":224565,"date":"2025-03-22T16:59:25","date_gmt":"2025-03-22T16:59:25","guid":{"rendered":"https:\/\/aromasentia.com\/product\/pack-of-2-5mm-indonesia-reed-diffuser-sticks-approx-100-sticks\/"},"modified":"2025-12-30T19:47:12","modified_gmt":"2025-12-30T19:47:12","slug":"pack-of-2-5mm-indonesia-reed-diffuser-sticks-approx-100-sticks","status":"publish","type":"product","link":"https:\/\/aromasentia.com\/de\/pack-of-2-5mm-indonesia-reed-diffuser-sticks-approx-100-sticks\/","title":{"rendered":"Pack of 2.5mm Indonesia Reed Diffuser Sticks &#8211; Approx 100 Sticks"},"content":{"rendered":"<p>Ein Rohrdiffusor ist ein einfacher, effektiver und sicherer Weg, um einen kontinuierlichen Duft in Ihrer Umgebung zu verbreiten. Ideal f\u00fcr kerzenfreie Zonen wie B\u00fcros und Schlafs\u00e4le oder H\u00e4user mit kleinen Kindern.<\/p>\n<p>Viele Kunden fragen nach Ersatzbl\u00e4ttern f\u00fcr ihre Diffusoren. Hier haben wir <strong>Gro\u00dfhandel von B\u00fcndeln Schilf ideal f\u00fcr Hersteller, oder f\u00fcr den Wiederverkauf.&nbsp;<\/strong><\/p>\n<p>Schilf Diffusor Sticks hilft die aromatischen \u00d6le durch die schlanken Schilf absorbiert werden und geben Aroma nat\u00fcrlich.<br style=\"color: rgb(114, 114, 114); font-family: Ubuntu, sans-serif; font-size: 16px; font-style: normal; font-variant-ligatures: normal; font-variant-caps: normal; font-weight: 400; letter-spacing: normal; orphans: 2; text-align: start; text-indent: 0px; text-transform: none; white-space: normal; widows: 2; word-spacing: 0px; -webkit-text-stroke-width: 0px; background-color: rgb(255, 255, 255); text-decoration-thickness: initial; text-decoration-style: initial; text-decoration-color: initial;\">Schilfdiffusoren sind ein sehr beliebtes Geschenk und eine tolle Alternative zu \u00d6lbrennern. Vielleicht gef\u00e4llt Ihnen auch <a href=\"https:\/\/aromasentia.com\/rdbot\"><strong>Gro\u00dfhandel Diffusor-Flaschen<\/strong><\/a><\/p>\n<p><strong><em>Sticks sind 30,6 cm lang<\/em><\/strong><\/p>\n","protected":false},"excerpt":{"rendered":"<p>Ein Rohrdiffusor ist ein einfacher, effektiver und sicherer Weg, um einen kontinuierlichen Duft in Ihrer Umgebung zu verbreiten. Ideal f\u00fcr kerzenfreie Zonen wie B\u00fcros und Schlafs\u00e4le oder H\u00e4user mit kleinen Kindern. Viele Kunden fragen nach Ersatzbl\u00e4ttern f\u00fcr ihre Diffusoren. Hier haben wir Gro\u00dfhandel von B\u00fcndeln Schilf ideal f\u00fcr Hersteller, oder f\u00fcr den Wiederverkauf.&nbsp; Schilf Diffusor [&hellip;]<\/p>\n","protected":false},"featured_media":391710,"comment_status":"closed","ping_status":"open","template":"","meta":{"_angie_page":false},"product_brand":[],"product_cat":[16543,16455],"product_tag":[],"class_list":{"0":"post-224565","1":"product","2":"type-product","3":"status-publish","4":"has-post-thumbnail","6":"product_cat-aromaflaschen-und-zubehor","7":"product_cat-aromatherapie-und-raumdufte","8":"pa_collection-bulk-reed-diffusers-sticks-de","9":"pa_made-in-indonesien","11":"first","12":"instock","13":"purchasable","14":"product-type-simple"},"supplier_id":null,"supplier_sku":"Rreed-15","barcode":null,"atum_controlled":true,"out_stock_date":null,"out_stock_threshold":null,"inheritable":false,"inbound_stock":null,"stock_on_hold":0,"sold_today":0,"sales_last_days":0,"reserved_stock":null,"customer_returns":null,"warehouse_damage":null,"lost_in_post":null,"other_logs":null,"out_stock_days":0,"lost_sales":0,"has_location":null,"update_date":"2026-04-27T07:19:59","atum_locations":[],"atum_stock_status":"instock","restock_status":false,"low_stock_amount":"","sales_update_date":"2026-01-30T01:24:55","calc_backorders":null,"_links":{"self":[{"href":"https:\/\/aromasentia.com\/de\/wp-json\/wp\/v2\/product\/224565","targetHints":{"allow":["GET"]}}],"collection":[{"href":"https:\/\/aromasentia.com\/de\/wp-json\/wp\/v2\/product"}],"about":[{"href":"https:\/\/aromasentia.com\/de\/wp-json\/wp\/v2\/types\/product"}],"replies":[{"embeddable":true,"href":"https:\/\/aromasentia.com\/de\/wp-json\/wp\/v2\/comments?post=224565"}],"version-history":[{"count":0,"href":"https:\/\/aromasentia.com\/de\/wp-json\/wp\/v2\/product\/224565\/revisions"}],"wp:featuredmedia":[{"embeddable":true,"href":"https:\/\/aromasentia.com\/de\/wp-json\/wp\/v2\/media\/391710"}],"wp:attachment":[{"href":"https:\/\/aromasentia.com\/de\/wp-json\/wp\/v2\/media?parent=224565"}],"wp:term":[{"taxonomy":"product_brand","embeddable":true,"href":"https:\/\/aromasentia.com\/de\/wp-json\/wp\/v2\/product_brand?post=224565"},{"taxonomy":"product_cat","embeddable":true,"href":"https:\/\/aromasentia.com\/de\/wp-json\/wp\/v2\/product_cat?post=224565"},{"taxonomy":"product_tag","embeddable":true,"href":"https:\/\/aromasentia.com\/de\/wp-json\/wp\/v2\/product_tag?post=224565"}],"curies":[{"name":"wp","href":"https:\/\/api.w.org\/{rel}","templated":true}]}}