{"id":224561,"date":"2025-03-22T16:59:25","date_gmt":"2025-03-22T16:59:25","guid":{"rendered":"https:\/\/aromasentia.com\/product\/black-reed-diffuser-sticks-25cm-x-3mm-500gms\/"},"modified":"2025-06-28T21:32:19","modified_gmt":"2025-06-28T21:32:19","slug":"rattanstaebchen-schwarz-25cm-x-3mm-500g","status":"publish","type":"product","link":"https:\/\/aromasentia.com\/de\/rattanstaebchen-schwarz-25cm-x-3mm-500g\/","title":{"rendered":"Rattanst\u00e4bchen &#8211; Schwarz 25cm x 3mm &#8211; 500g"},"content":{"rendered":"<p><strong>Schwarzer Schilfdiffusor,<\/strong> Schilfdiffusoren sind einfach zu verkaufen&#8230;Mit einem Schilfdiffusor gibt es keinen Rauch, kein tropfendes Wachs und keine Angst vor brennenden Kerzen, daher sind Schilfdiffusoren ideal f\u00fcr den Gebrauch in der N\u00e4he von Kindern oder Tieren.&nbsp;<\/p>\n<p>Hier haben wir f\u00fcr Sie <strong>Gro\u00dfhandel von 500g 3mm Schilf Diffusoren&nbsp;<\/strong>(ca 500) Sie k\u00f6nnen pro B\u00fcndel oder f\u00fcr hohe Gewinne pro Stick verkaufen.<\/p>\n<p>Schilfrohrdiffusoren sind ein sehr beliebtes Geschenk und eine tolle Alternative zu \u00d6lbrennern.<\/p>\n<p>Bitte beachten Sie: Diese Schilfrohre wurden gef\u00e4rbt. Wenn Sie Ihr eigenes \u00d6l verwenden, testen Sie bitte, ob das \u00d6l die Farbe aufl\u00f6st.<\/p>\n<p>Gro\u00dfer Wert, der es Ihnen erm\u00f6glicht, genug Marge zu haben, um bei gr\u00f6\u00dferen Bestellungen Rabatte zu gew\u00e4hren. Ein unverzichtbarer Artikel f\u00fcr Ihren Geschenkartikel-Laden, wenn Sie Diffusoren verkaufen, sollten Sie unbedingt in Erw\u00e4gung ziehen, diese auf Lager zu haben.<\/p>\n<p><strong>So f\u00fcgen Sie Ihrem Laden ein paar zus\u00e4tzliche Verk\u00e4ufe hinzu und bestellen Sie noch heute.<span class=\"fr-emoticon fr-deletable fr-emoticon-img\" style=\"background: url(https:\/\/cdnjs.cloudflare.com\/ajax\/libs\/emojione\/2.0.1\/assets\/svg\/1f600.svg);\">&nbsp;<\/span>&nbsp;<\/strong><\/p>\n","protected":false},"excerpt":{"rendered":"<p>Schwarzer Schilfdiffusor, Schilfdiffusoren sind einfach zu verkaufen&#8230;Mit einem Schilfdiffusor gibt es keinen Rauch, kein tropfendes Wachs und keine Angst vor brennenden Kerzen, daher sind Schilfdiffusoren ideal f\u00fcr den Gebrauch in der N\u00e4he von Kindern oder Tieren.&nbsp; Hier haben wir f\u00fcr Sie Gro\u00dfhandel von 500g 3mm Schilf Diffusoren&nbsp;(ca 500) Sie k\u00f6nnen pro B\u00fcndel oder f\u00fcr hohe [&hellip;]<\/p>\n","protected":false},"featured_media":391677,"comment_status":"closed","ping_status":"open","template":"","meta":{"_angie_page":false},"product_brand":[],"product_cat":[16543,16455],"product_tag":[],"class_list":{"0":"post-224561","1":"product","2":"type-product","3":"status-publish","4":"has-post-thumbnail","6":"product_cat-aromaflaschen-und-zubehor","7":"product_cat-aromatherapie-und-raumdufte","8":"pa_collection-bulk-reed-diffusers-sticks-de","9":"pa_made-in-indonesien","10":"pa_size-500g","12":"first","13":"instock","14":"purchasable","15":"product-type-simple"},"supplier_id":null,"supplier_sku":"Rreed-07","barcode":null,"atum_controlled":true,"out_stock_date":null,"out_stock_threshold":null,"inheritable":false,"inbound_stock":null,"stock_on_hold":0,"sold_today":0,"sales_last_days":0,"reserved_stock":null,"customer_returns":null,"warehouse_damage":null,"lost_in_post":null,"other_logs":null,"out_stock_days":0,"lost_sales":0,"has_location":null,"update_date":"2026-04-27T07:19:52","atum_locations":[],"atum_stock_status":"instock","restock_status":false,"low_stock_amount":"","sales_update_date":"2025-09-03T00:14:29","calc_backorders":null,"_links":{"self":[{"href":"https:\/\/aromasentia.com\/de\/wp-json\/wp\/v2\/product\/224561","targetHints":{"allow":["GET"]}}],"collection":[{"href":"https:\/\/aromasentia.com\/de\/wp-json\/wp\/v2\/product"}],"about":[{"href":"https:\/\/aromasentia.com\/de\/wp-json\/wp\/v2\/types\/product"}],"replies":[{"embeddable":true,"href":"https:\/\/aromasentia.com\/de\/wp-json\/wp\/v2\/comments?post=224561"}],"version-history":[{"count":0,"href":"https:\/\/aromasentia.com\/de\/wp-json\/wp\/v2\/product\/224561\/revisions"}],"wp:featuredmedia":[{"embeddable":true,"href":"https:\/\/aromasentia.com\/de\/wp-json\/wp\/v2\/media\/391677"}],"wp:attachment":[{"href":"https:\/\/aromasentia.com\/de\/wp-json\/wp\/v2\/media?parent=224561"}],"wp:term":[{"taxonomy":"product_brand","embeddable":true,"href":"https:\/\/aromasentia.com\/de\/wp-json\/wp\/v2\/product_brand?post=224561"},{"taxonomy":"product_cat","embeddable":true,"href":"https:\/\/aromasentia.com\/de\/wp-json\/wp\/v2\/product_cat?post=224561"},{"taxonomy":"product_tag","embeddable":true,"href":"https:\/\/aromasentia.com\/de\/wp-json\/wp\/v2\/product_tag?post=224561"}],"curies":[{"name":"wp","href":"https:\/\/api.w.org\/{rel}","templated":true}]}}