{"id":224557,"date":"2025-03-22T16:59:25","date_gmt":"2025-03-22T16:59:25","guid":{"rendered":"https:\/\/aromasentia.com\/product\/pack-of-2mm-indonesia-reed-diffuser-sticks-approx-100-sticks\/"},"modified":"2025-12-30T19:47:12","modified_gmt":"2025-12-30T19:47:12","slug":"pack-of-2mm-indonesia-reed-diffuser-sticks-approx-100-sticks","status":"publish","type":"product","link":"https:\/\/aromasentia.com\/de\/pack-of-2mm-indonesia-reed-diffuser-sticks-approx-100-sticks\/","title":{"rendered":"Pack of 2mm Indonesia Reed Diffuser Sticks &#8211; Approx 100 Sticks"},"content":{"rendered":"<p>Schilfrohrdiffusoren sind einfach zu verkaufen&#8230;Mit einem Schilfrohrdiffusor gibt es keinen Rauch, kein tropfendes Wachs und keine Angst vor brennenden Kerzen, so dass Schilfrohrdiffusoren ideal f\u00fcr die Verwendung in der N\u00e4he von Kindern oder Tieren sind.<\/p>\n<p>Lassen Sie die aromatischen \u00d6le durch die schlanken Schilfrohre absorbiert werden und setzen Sie das Aroma auf nat\u00fcrliche Weise frei.<\/p>\n<p>Schilfrohrdiffusoren sind ein sehr beliebtes Geschenk und eine tolle Alternative zu \u00d6lbrennern.<\/p>\n","protected":false},"excerpt":{"rendered":"<p>Schilfrohrdiffusoren sind einfach zu verkaufen&#8230;Mit einem Schilfrohrdiffusor gibt es keinen Rauch, kein tropfendes Wachs und keine Angst vor brennenden Kerzen, so dass Schilfrohrdiffusoren ideal f\u00fcr die Verwendung in der N\u00e4he von Kindern oder Tieren sind. Lassen Sie die aromatischen \u00d6le durch die schlanken Schilfrohre absorbiert werden und setzen Sie das Aroma auf nat\u00fcrliche Weise frei. [&hellip;]<\/p>\n","protected":false},"featured_media":391636,"comment_status":"closed","ping_status":"open","template":"","meta":{"_angie_page":false},"product_brand":[],"product_cat":[16543,16455],"product_tag":[],"class_list":{"0":"post-224557","1":"product","2":"type-product","3":"status-publish","4":"has-post-thumbnail","6":"product_cat-aromaflaschen-und-zubehor","7":"product_cat-aromatherapie-und-raumdufte","8":"pa_collection-bulk-reed-diffusers-sticks-de","9":"pa_made-in-indonesien","11":"first","12":"outofstock","13":"purchasable","14":"product-type-simple"},"supplier_id":null,"supplier_sku":"Rreed-04","barcode":null,"atum_controlled":true,"out_stock_date":"2025-09-05 14:05:37","out_stock_threshold":null,"inheritable":false,"inbound_stock":null,"stock_on_hold":0,"sold_today":0,"sales_last_days":0,"reserved_stock":null,"customer_returns":null,"warehouse_damage":null,"lost_in_post":null,"other_logs":null,"out_stock_days":0,"lost_sales":0,"has_location":null,"update_date":"2026-04-27T07:19:52","atum_locations":[],"atum_stock_status":"outofstock","restock_status":false,"low_stock_amount":"","sales_update_date":"2025-09-03T00:21:37","calc_backorders":null,"_links":{"self":[{"href":"https:\/\/aromasentia.com\/de\/wp-json\/wp\/v2\/product\/224557","targetHints":{"allow":["GET"]}}],"collection":[{"href":"https:\/\/aromasentia.com\/de\/wp-json\/wp\/v2\/product"}],"about":[{"href":"https:\/\/aromasentia.com\/de\/wp-json\/wp\/v2\/types\/product"}],"replies":[{"embeddable":true,"href":"https:\/\/aromasentia.com\/de\/wp-json\/wp\/v2\/comments?post=224557"}],"version-history":[{"count":0,"href":"https:\/\/aromasentia.com\/de\/wp-json\/wp\/v2\/product\/224557\/revisions"}],"wp:featuredmedia":[{"embeddable":true,"href":"https:\/\/aromasentia.com\/de\/wp-json\/wp\/v2\/media\/391636"}],"wp:attachment":[{"href":"https:\/\/aromasentia.com\/de\/wp-json\/wp\/v2\/media?parent=224557"}],"wp:term":[{"taxonomy":"product_brand","embeddable":true,"href":"https:\/\/aromasentia.com\/de\/wp-json\/wp\/v2\/product_brand?post=224557"},{"taxonomy":"product_cat","embeddable":true,"href":"https:\/\/aromasentia.com\/de\/wp-json\/wp\/v2\/product_cat?post=224557"},{"taxonomy":"product_tag","embeddable":true,"href":"https:\/\/aromasentia.com\/de\/wp-json\/wp\/v2\/product_tag?post=224557"}],"curies":[{"name":"wp","href":"https:\/\/api.w.org\/{rel}","templated":true}]}}