{"id":224521,"date":"2025-03-22T16:59:25","date_gmt":"2025-03-22T16:59:25","guid":{"rendered":"https:\/\/aromasentia.com\/product\/pack-of-3-5mm-indonesia-reed-diffuser-sticks-approx-100-sticks\/"},"modified":"2025-12-30T19:47:12","modified_gmt":"2025-12-30T19:47:12","slug":"packung-mit-35-mm-indonesischen-diffusionsstaebchen-ca-100-staebchen","status":"publish","type":"product","link":"https:\/\/aromasentia.com\/de\/packung-mit-35-mm-indonesischen-diffusionsstaebchen-ca-100-staebchen\/","title":{"rendered":"Packung mit 3,5 mm indonesischen Diffusionsst\u00e4bchen &#8211; ca. 100 St\u00e4bchen"},"content":{"rendered":"<p>Ein Duftst\u00e4bchen-Diffusor ist eine einfache, effektive und sichere M\u00f6glichkeit, einen gleichm\u00e4\u00dfigen Duft in Ihrer Umgebung zu verbreiten. Ideal f\u00fcr kerzenfreie Bereiche wie B\u00fcros, Wohnheime oder Haushalte mit kleinen Kindern \u2013 entwickelt f\u00fcr <strong>Aroma Sentia<\/strong>.<\/p>\n<p>Viele Menschen fragen nach Ersatzst\u00e4bchen f\u00fcr ihre Diffusoren.<\/p>\n<p>Mit einem Duftst\u00e4bchen-Diffusor gibt es keinen Rauch, kein tropfendes Wachs und keine Angst vor brennenden Kerzen. Daher sind Duftst\u00e4bchen-Diffusoren ideal f\u00fcr die Verwendung in der N\u00e4he von Kindern oder Tieren.<\/p>\n<p>Die aromatischen \u00d6le werden durch die d\u00fcnnen St\u00e4bchen aufgenommen und geben das Aroma auf nat\u00fcrliche Weise frei. Duftst\u00e4bchen-Diffusoren sind ein beliebtes Geschenk und eine tolle Alternative zu Duftlampen.<\/p>\n<p><strong>F\u00fcr den Fall, dass Sie viele St\u00e4bchen ben\u00f6tigen.<\/strong><\/p>\n","protected":false},"excerpt":{"rendered":"<p>Ein Duftst\u00e4bchen-Diffusor ist eine einfache, effektive und sichere M\u00f6glichkeit, einen gleichm\u00e4\u00dfigen Duft in Ihrer Umgebung zu verbreiten. Ideal f\u00fcr kerzenfreie Bereiche wie B\u00fcros, Wohnheime oder Haushalte mit kleinen Kindern \u2013 entwickelt f\u00fcr Aroma Sentia. Viele Menschen fragen nach Ersatzst\u00e4bchen f\u00fcr ihre Diffusoren. Mit einem Duftst\u00e4bchen-Diffusor gibt es keinen Rauch, kein tropfendes Wachs und keine Angst [&hellip;]<\/p>\n","protected":false},"featured_media":391363,"comment_status":"closed","ping_status":"open","template":"","meta":{"_angie_page":false},"product_brand":[],"product_cat":[16543,16455],"product_tag":[],"class_list":{"0":"post-224521","1":"product","2":"type-product","3":"status-publish","4":"has-post-thumbnail","6":"product_cat-aromaflaschen-und-zubehor","7":"product_cat-aromatherapie-und-raumdufte","8":"pa_collection-bulk-reed-diffusers-sticks-de","9":"pa_made-in-indonesien","11":"first","12":"instock","13":"purchasable","14":"product-type-simple"},"supplier_id":null,"supplier_sku":"Rreed-03","barcode":null,"atum_controlled":true,"out_stock_date":null,"out_stock_threshold":null,"inheritable":false,"inbound_stock":null,"stock_on_hold":0,"sold_today":0,"sales_last_days":0,"reserved_stock":null,"customer_returns":null,"warehouse_damage":null,"lost_in_post":null,"other_logs":null,"out_stock_days":0,"lost_sales":0,"has_location":null,"update_date":"2026-04-28T01:01:01","atum_locations":[],"atum_stock_status":"instock","restock_status":false,"low_stock_amount":"","sales_update_date":"2025-09-03T00:21:36","calc_backorders":null,"_links":{"self":[{"href":"https:\/\/aromasentia.com\/de\/wp-json\/wp\/v2\/product\/224521","targetHints":{"allow":["GET"]}}],"collection":[{"href":"https:\/\/aromasentia.com\/de\/wp-json\/wp\/v2\/product"}],"about":[{"href":"https:\/\/aromasentia.com\/de\/wp-json\/wp\/v2\/types\/product"}],"replies":[{"embeddable":true,"href":"https:\/\/aromasentia.com\/de\/wp-json\/wp\/v2\/comments?post=224521"}],"version-history":[{"count":0,"href":"https:\/\/aromasentia.com\/de\/wp-json\/wp\/v2\/product\/224521\/revisions"}],"wp:featuredmedia":[{"embeddable":true,"href":"https:\/\/aromasentia.com\/de\/wp-json\/wp\/v2\/media\/391363"}],"wp:attachment":[{"href":"https:\/\/aromasentia.com\/de\/wp-json\/wp\/v2\/media?parent=224521"}],"wp:term":[{"taxonomy":"product_brand","embeddable":true,"href":"https:\/\/aromasentia.com\/de\/wp-json\/wp\/v2\/product_brand?post=224521"},{"taxonomy":"product_cat","embeddable":true,"href":"https:\/\/aromasentia.com\/de\/wp-json\/wp\/v2\/product_cat?post=224521"},{"taxonomy":"product_tag","embeddable":true,"href":"https:\/\/aromasentia.com\/de\/wp-json\/wp\/v2\/product_tag?post=224521"}],"curies":[{"name":"wp","href":"https:\/\/api.w.org\/{rel}","templated":true}]}}