{"id":224517,"date":"2025-03-22T16:59:25","date_gmt":"2025-03-22T16:59:25","guid":{"rendered":"https:\/\/aromasentia.com\/product\/120ml-reed-diffuser-gold-frankincense-myrrh\/"},"modified":"2025-12-30T19:47:12","modified_gmt":"2025-12-30T19:47:12","slug":"lufterfrischer-120ml-gold-weihrauch-myrrhe","status":"publish","type":"product","link":"https:\/\/aromasentia.com\/de\/lufterfrischer-120ml-gold-weihrauch-myrrhe\/","title":{"rendered":"Lufterfrischer 120ml &#8211; Gold, Weihrauch &#038; Myrrhe"},"content":{"rendered":"<p>S\u00fc\u00df und doch erdig: Diese majest\u00e4tische Mischung aus <strong>Gold, Weihrauch und Myrrhe<\/strong> wird Ihre Kunden mit ihrem wohlriechenden Aroma verzaubern. Der harzige, zitronige Duft des Weihrauchs kombiniert mit dem erdigen Duft der Myrrhe ergibt einen \u00fcppigen, subtilen Duft, der das Zuhause Ihrer Kunden bis zu 12 Wochen lang erf\u00fcllt. &nbsp;<\/p>\n<p><strong>Raumduft-Diffusoren<\/strong> sind ein \u00e4u\u00dferst beliebter Haushaltsgegenstand, der regelm\u00e4\u00dfig nachgekauft wird und auch als Geschenk sehr beliebt ist, weshalb sie sich das ganze Jahr \u00fcber gut verkaufen. Dieser Raumduft-Diffusor wird verkaufsfertig in seiner eleganten und auff\u00e4lligen Verpackung geliefert.&nbsp;<\/p>\n<p>Entfernen Sie vor Gebrauch die gesamte Verpackung. \u00d6ffnen Sie einfach den Deckel, entfernen Sie den St\u00f6psel und stecken Sie die indonesischen Rattanst\u00e4bchen in den Hals. Wenn die St\u00e4bchen das \u00d6l aufgesogen haben, k\u00f6nnen Sie sie optional umdrehen und mit dem \u00f6lgetr\u00e4nkten Ende nach au\u00dfen wieder in das Glasgef\u00e4\u00df einsetzen, damit der Duft schneller freigesetzt wird.<\/p>\n","protected":false},"excerpt":{"rendered":"<p>S\u00fc\u00df und doch erdig: Diese majest\u00e4tische Mischung aus Gold, Weihrauch und Myrrhe wird Ihre Kunden mit ihrem wohlriechenden Aroma verzaubern. Der harzige, zitronige Duft des Weihrauchs kombiniert mit dem erdigen Duft der Myrrhe ergibt einen \u00fcppigen, subtilen Duft, der das Zuhause Ihrer Kunden bis zu 12 Wochen lang erf\u00fcllt. &nbsp; Raumduft-Diffusoren sind ein \u00e4u\u00dferst beliebter [&hellip;]<\/p>\n","protected":false},"featured_media":391322,"comment_status":"closed","ping_status":"open","template":"","meta":{"_angie_page":false},"product_brand":[],"product_cat":[16519,25841,16520,26882,26200,26284],"product_tag":[],"class_list":{"0":"post-224517","1":"product","2":"type-product","3":"status-publish","4":"has-post-thumbnail","6":"product_cat-aroma-diffuser-duftstabchen-und-olbrenner","7":"product_cat-dufte-aromen","8":"product_cat-duftstabchen-duftsticks","9":"product_cat-harzig-balsamisch","10":"product_cat-ingwer","11":"product_cat-myrrh","12":"pa_collection-reed-diffusers-home-fragrance-reed-diffusers-120ml-de","13":"pa_made-in-vereinigtes-koenigreich","15":"first","16":"instock","17":"purchasable","18":"product-type-simple"},"supplier_id":null,"supplier_sku":"RDHF-12","barcode":null,"atum_controlled":true,"out_stock_date":null,"out_stock_threshold":null,"inheritable":false,"inbound_stock":null,"stock_on_hold":0,"sold_today":0,"sales_last_days":0,"reserved_stock":null,"customer_returns":null,"warehouse_damage":null,"lost_in_post":null,"other_logs":null,"out_stock_days":0,"lost_sales":0,"has_location":null,"update_date":"2026-04-27T07:19:28","atum_locations":[],"atum_stock_status":"instock","restock_status":false,"low_stock_amount":"","sales_update_date":"2025-09-03T00:21:36","calc_backorders":null,"_links":{"self":[{"href":"https:\/\/aromasentia.com\/de\/wp-json\/wp\/v2\/product\/224517","targetHints":{"allow":["GET"]}}],"collection":[{"href":"https:\/\/aromasentia.com\/de\/wp-json\/wp\/v2\/product"}],"about":[{"href":"https:\/\/aromasentia.com\/de\/wp-json\/wp\/v2\/types\/product"}],"replies":[{"embeddable":true,"href":"https:\/\/aromasentia.com\/de\/wp-json\/wp\/v2\/comments?post=224517"}],"version-history":[{"count":0,"href":"https:\/\/aromasentia.com\/de\/wp-json\/wp\/v2\/product\/224517\/revisions"}],"wp:featuredmedia":[{"embeddable":true,"href":"https:\/\/aromasentia.com\/de\/wp-json\/wp\/v2\/media\/391322"}],"wp:attachment":[{"href":"https:\/\/aromasentia.com\/de\/wp-json\/wp\/v2\/media?parent=224517"}],"wp:term":[{"taxonomy":"product_brand","embeddable":true,"href":"https:\/\/aromasentia.com\/de\/wp-json\/wp\/v2\/product_brand?post=224517"},{"taxonomy":"product_cat","embeddable":true,"href":"https:\/\/aromasentia.com\/de\/wp-json\/wp\/v2\/product_cat?post=224517"},{"taxonomy":"product_tag","embeddable":true,"href":"https:\/\/aromasentia.com\/de\/wp-json\/wp\/v2\/product_tag?post=224517"}],"curies":[{"name":"wp","href":"https:\/\/api.w.org\/{rel}","templated":true}]}}