{"id":224509,"date":"2025-03-22T16:59:25","date_gmt":"2025-03-22T16:59:25","guid":{"rendered":"https:\/\/aromasentia.com\/product\/120ml-reed-diffuser-ginger-stem-walnut\/"},"modified":"2025-12-30T19:47:12","modified_gmt":"2025-12-30T19:47:12","slug":"lufterfrischer-120ml-ingwer-walnuss","status":"publish","type":"product","link":"https:\/\/aromasentia.com\/de\/lufterfrischer-120ml-ingwer-walnuss\/","title":{"rendered":"Lufterfrischer 120ml &#8211; Ingwer &#038; Walnuss"},"content":{"rendered":"<p>W\u00fcrzig und doch s\u00fc\u00df: Diese majest\u00e4tische Mischung aus <strong>Ingwerst\u00e4ngel und Walnuss<\/strong> verleiht den R\u00e4umen Ihrer Kunden einen angenehmen Duft, ohne aufdringlich zu sein. Der warme und s\u00fc\u00dfe Duft des Ingwers kombiniert mit dem holzigen Duft der Walnuss erzeugt einen wunderbar leichten und beruhigenden Duft, der die H\u00e4user Ihrer Kunden bis zu 12 Wochen lang erf\u00fcllt. &nbsp;<\/p>\n<p><strong>Raumduft-Diffusoren<\/strong> sind ein \u00e4u\u00dferst beliebter Haushaltsgegenstand, der regelm\u00e4\u00dfig nachgekauft wird und auch als Geschenk sehr beliebt ist, weshalb sie sich das ganze Jahr \u00fcber gut verkaufen. Dieser Raumduft-Diffusor wird sogar verkaufsfertig in seiner eleganten und auff\u00e4lligen Verpackung geliefert.&nbsp;<\/p>\n<p>Entfernen Sie vor Gebrauch die gesamte Verpackung. \u00d6ffnen Sie einfach den Deckel, entfernen Sie den Stecker und stecken Sie die indonesischen Rattanst\u00e4bchen in den Hals. Wenn die St\u00e4bchen das \u00d6l aufgesogen haben, k\u00f6nnen Sie sie optional umdrehen und mit dem \u00f6lgetr\u00e4nkten Ende nach au\u00dfen wieder in das Glasgef\u00e4\u00df einsetzen, damit der Duft schneller freigesetzt wird.<\/p>\n","protected":false},"excerpt":{"rendered":"<p>W\u00fcrzig und doch s\u00fc\u00df: Diese majest\u00e4tische Mischung aus Ingwerst\u00e4ngel und Walnuss verleiht den R\u00e4umen Ihrer Kunden einen angenehmen Duft, ohne aufdringlich zu sein. Der warme und s\u00fc\u00dfe Duft des Ingwers kombiniert mit dem holzigen Duft der Walnuss erzeugt einen wunderbar leichten und beruhigenden Duft, der die H\u00e4user Ihrer Kunden bis zu 12 Wochen lang erf\u00fcllt. [&hellip;]<\/p>\n","protected":false},"featured_media":391240,"comment_status":"closed","ping_status":"open","template":"","meta":{"_angie_page":false},"product_brand":[],"product_cat":[16519,25841,16520,26195,26889],"product_tag":[],"class_list":{"0":"post-224509","1":"product","2":"type-product","3":"status-publish","4":"has-post-thumbnail","6":"product_cat-aroma-diffuser-duftstabchen-und-olbrenner","7":"product_cat-dufte-aromen","8":"product_cat-duftstabchen-duftsticks","9":"product_cat-geranie","10":"product_cat-wurzig","11":"pa_collection-reed-diffusers-home-fragrance-reed-diffusers-120ml-de","12":"pa_made-in-vereinigtes-koenigreich","14":"first","15":"instock","16":"purchasable","17":"product-type-simple"},"supplier_id":null,"supplier_sku":"RDHF-10","barcode":null,"atum_controlled":true,"out_stock_date":null,"out_stock_threshold":null,"inheritable":false,"inbound_stock":null,"stock_on_hold":0,"sold_today":0,"sales_last_days":0,"reserved_stock":null,"customer_returns":null,"warehouse_damage":null,"lost_in_post":null,"other_logs":null,"out_stock_days":0,"lost_sales":0,"has_location":null,"update_date":"2026-04-28T01:01:01","atum_locations":[],"atum_stock_status":"instock","restock_status":false,"low_stock_amount":"","sales_update_date":"2026-01-30T01:24:46","calc_backorders":null,"_links":{"self":[{"href":"https:\/\/aromasentia.com\/de\/wp-json\/wp\/v2\/product\/224509","targetHints":{"allow":["GET"]}}],"collection":[{"href":"https:\/\/aromasentia.com\/de\/wp-json\/wp\/v2\/product"}],"about":[{"href":"https:\/\/aromasentia.com\/de\/wp-json\/wp\/v2\/types\/product"}],"replies":[{"embeddable":true,"href":"https:\/\/aromasentia.com\/de\/wp-json\/wp\/v2\/comments?post=224509"}],"version-history":[{"count":0,"href":"https:\/\/aromasentia.com\/de\/wp-json\/wp\/v2\/product\/224509\/revisions"}],"wp:featuredmedia":[{"embeddable":true,"href":"https:\/\/aromasentia.com\/de\/wp-json\/wp\/v2\/media\/391240"}],"wp:attachment":[{"href":"https:\/\/aromasentia.com\/de\/wp-json\/wp\/v2\/media?parent=224509"}],"wp:term":[{"taxonomy":"product_brand","embeddable":true,"href":"https:\/\/aromasentia.com\/de\/wp-json\/wp\/v2\/product_brand?post=224509"},{"taxonomy":"product_cat","embeddable":true,"href":"https:\/\/aromasentia.com\/de\/wp-json\/wp\/v2\/product_cat?post=224509"},{"taxonomy":"product_tag","embeddable":true,"href":"https:\/\/aromasentia.com\/de\/wp-json\/wp\/v2\/product_tag?post=224509"}],"curies":[{"name":"wp","href":"https:\/\/api.w.org\/{rel}","templated":true}]}}