{"id":224481,"date":"2025-03-22T16:59:25","date_gmt":"2025-03-22T16:59:25","guid":{"rendered":"https:\/\/aromasentia.com\/product\/120ml-reed-diffuser-vanilla-plantation\/"},"modified":"2025-12-30T19:47:04","modified_gmt":"2025-12-30T19:47:04","slug":"lufterfrischer-120ml-vanilleplantage","status":"publish","type":"product","link":"https:\/\/aromasentia.com\/de\/lufterfrischer-120ml-vanilleplantage\/","title":{"rendered":"Lufterfrischer 120ml &#8211; Vanilleplantage"},"content":{"rendered":"<p>Einfach und doch warm: Diese majest\u00e4tische Mischung aus <strong>Vanille<\/strong>-Duft wird Ihren Kunden das Gef\u00fchl geben, eine B\u00e4ckerei gegen\u00fcber einem Blumenladen zu betreten. Der himmlische Duft der Vanille &nbsp; erzeugt einen wunderbar beruhigenden und k\u00f6stlichen Duft, der das Zuhause Ihrer Kunden bis zu 12 Wochen lang wunderbar duften l\u00e4sst. &nbsp; &nbsp;<\/p>\n<p><strong>Raumduft-Diffusoren<\/strong> sind ein \u00e4u\u00dferst beliebter Haushaltsgegenstand, der regelm\u00e4\u00dfig nachgekauft wird und auch als Geschenk sehr beliebt ist, weshalb sie sich das ganze Jahr \u00fcber so gut verkaufen. Dieser Raumduft-Diffusor wird sogar verkaufsfertig in seiner eleganten und auff\u00e4lligen Verpackung geliefert.&nbsp;<\/p>\n<p>Entfernen Sie vor Gebrauch die gesamte Verpackung. \u00d6ffnen Sie einfach den Deckel, entfernen Sie den Stecker und stecken Sie die indonesischen Rattanst\u00e4bchen in den Hals. Wenn die St\u00e4bchen das \u00d6l aufgesogen haben, k\u00f6nnen Sie sie optional umdrehen und mit dem \u00f6lgetr\u00e4nkten Ende nach au\u00dfen wieder in das Glasgef\u00e4\u00df einsetzen, damit der Duft schneller freigesetzt wird.<\/p>\n","protected":false},"excerpt":{"rendered":"<p>Einfach und doch warm: Diese majest\u00e4tische Mischung aus Vanille-Duft wird Ihren Kunden das Gef\u00fchl geben, eine B\u00e4ckerei gegen\u00fcber einem Blumenladen zu betreten. Der himmlische Duft der Vanille &nbsp; erzeugt einen wunderbar beruhigenden und k\u00f6stlichen Duft, der das Zuhause Ihrer Kunden bis zu 12 Wochen lang wunderbar duften l\u00e4sst. &nbsp; &nbsp; Raumduft-Diffusoren sind ein \u00e4u\u00dferst beliebter [&hellip;]<\/p>\n","protected":false},"featured_media":390953,"comment_status":"closed","ping_status":"open","template":"","meta":{"_angie_page":false},"product_brand":[],"product_cat":[16519,16520],"product_tag":[],"class_list":{"0":"post-224481","1":"product","2":"type-product","3":"status-publish","4":"has-post-thumbnail","6":"product_cat-aroma-diffuser-duftstabchen-und-olbrenner","7":"product_cat-duftstabchen-duftsticks","8":"pa_collection-reed-diffusers-home-fragrance-reed-diffusers-120ml-de","9":"pa_made-in-vereinigtes-koenigreich","11":"first","12":"instock","13":"purchasable","14":"product-type-simple"},"supplier_id":null,"supplier_sku":"RDHF-03","barcode":null,"atum_controlled":true,"out_stock_date":null,"out_stock_threshold":null,"inheritable":false,"inbound_stock":null,"stock_on_hold":0,"sold_today":0,"sales_last_days":0,"reserved_stock":null,"customer_returns":null,"warehouse_damage":null,"lost_in_post":null,"other_logs":null,"out_stock_days":0,"lost_sales":0,"has_location":null,"update_date":"2026-04-27T07:19:22","atum_locations":[],"atum_stock_status":"instock","restock_status":false,"low_stock_amount":"","sales_update_date":"2025-09-03T00:21:34","calc_backorders":null,"_links":{"self":[{"href":"https:\/\/aromasentia.com\/de\/wp-json\/wp\/v2\/product\/224481","targetHints":{"allow":["GET"]}}],"collection":[{"href":"https:\/\/aromasentia.com\/de\/wp-json\/wp\/v2\/product"}],"about":[{"href":"https:\/\/aromasentia.com\/de\/wp-json\/wp\/v2\/types\/product"}],"replies":[{"embeddable":true,"href":"https:\/\/aromasentia.com\/de\/wp-json\/wp\/v2\/comments?post=224481"}],"version-history":[{"count":0,"href":"https:\/\/aromasentia.com\/de\/wp-json\/wp\/v2\/product\/224481\/revisions"}],"wp:featuredmedia":[{"embeddable":true,"href":"https:\/\/aromasentia.com\/de\/wp-json\/wp\/v2\/media\/390953"}],"wp:attachment":[{"href":"https:\/\/aromasentia.com\/de\/wp-json\/wp\/v2\/media?parent=224481"}],"wp:term":[{"taxonomy":"product_brand","embeddable":true,"href":"https:\/\/aromasentia.com\/de\/wp-json\/wp\/v2\/product_brand?post=224481"},{"taxonomy":"product_cat","embeddable":true,"href":"https:\/\/aromasentia.com\/de\/wp-json\/wp\/v2\/product_cat?post=224481"},{"taxonomy":"product_tag","embeddable":true,"href":"https:\/\/aromasentia.com\/de\/wp-json\/wp\/v2\/product_tag?post=224481"}],"curies":[{"name":"wp","href":"https:\/\/api.w.org\/{rel}","templated":true}]}}