{"id":224473,"date":"2025-03-22T16:59:25","date_gmt":"2025-03-22T16:59:25","guid":{"rendered":"https:\/\/aromasentia.com\/product\/120ml-reed-diffuser-white-strawberry-blackberry\/"},"modified":"2025-12-30T19:47:04","modified_gmt":"2025-12-30T19:47:04","slug":"lufterfrischer-120ml-weisse-erdbeere-brombeere","status":"publish","type":"product","link":"https:\/\/aromasentia.com\/de\/lufterfrischer-120ml-weisse-erdbeere-brombeere\/","title":{"rendered":"Lufterfrischer 120ml &#8211; Wei\u00dfe Erdbeere &#038; Brombeere"},"content":{"rendered":"<p>S\u00fc\u00df, ohne aufdringlich zu sein: Der Duft <strong>S\u00fc\u00dfe Erdbeere und Brombeere<\/strong><strong>Blatt<\/strong> entf\u00fchrt Sie in eine Welt aus gezuckerten Veilchen, Pfingstrosen und Jasmin, abgerundet mit Erdbeer-, Apfel- und Brombeerbl\u00e4ttern. Abgemildert durch eine Basis aus Vanille und Sandelholz, l\u00e4dt dieser helle und zugleich sanfte Duft zu k\u00fchlen N\u00e4chten und frischen Morgenstunden ein und umh\u00fcllt das Zuhause Ihrer Kunden mit wundersch\u00f6nen Akzenten, die bis zu 12 Wochen anhalten k\u00f6nnen. <\/p>\n<p><strong>Raumduft-Diffusoren<\/strong> sind \u00e4u\u00dferst beliebt und werden regelm\u00e4\u00dfig nachgekauft. Sie eignen sich auch hervorragend als Geschenk und sind daher das ganze Jahr \u00fcber ein Verkaufsschlager. Dieser Raumduft-Diffusor wird verkaufsfertig in seiner eleganten und auff\u00e4lligen Verpackung geliefert. <\/p>\n<p>Entfernen Sie vor Gebrauch die gesamte Verpackung. \u00d6ffnen Sie einfach den Deckel, entfernen Sie den St\u00f6psel und stecken Sie die indonesischen Rattanst\u00e4bchen in den Hals. Sobald die St\u00e4bchen das \u00d6l aufgesogen haben, k\u00f6nnen Sie sie drehen und mit dem \u00f6lgetr\u00e4nkten Ende nach au\u00dfen wieder in das Glasgef\u00e4\u00df stecken, damit der Duft schneller freigesetzt wird.<\/p>\n<p><\/p>\n","protected":false},"excerpt":{"rendered":"<p>S\u00fc\u00df, ohne aufdringlich zu sein: Der Duft S\u00fc\u00dfe Erdbeere und BrombeereBlatt entf\u00fchrt Sie in eine Welt aus gezuckerten Veilchen, Pfingstrosen und Jasmin, abgerundet mit Erdbeer-, Apfel- und Brombeerbl\u00e4ttern. Abgemildert durch eine Basis aus Vanille und Sandelholz, l\u00e4dt dieser helle und zugleich sanfte Duft zu k\u00fchlen N\u00e4chten und frischen Morgenstunden ein und umh\u00fcllt das Zuhause Ihrer [&hellip;]<\/p>\n","protected":false},"featured_media":390871,"comment_status":"closed","ping_status":"open","template":"","meta":[],"product_brand":[],"product_cat":[16519,26527,25841,16520,26529,26847],"product_tag":[],"class_list":{"0":"post-224473","1":"product","2":"type-product","3":"status-publish","4":"has-post-thumbnail","6":"product_cat-aroma-diffuser-duftstabchen-und-olbrenner","7":"product_cat-brombeere","8":"product_cat-dufte-aromen","9":"product_cat-duftstabchen-duftsticks","10":"product_cat-erdbeere","11":"product_cat-fruchtig","12":"pa_collection-reed-diffusers-home-fragrance-reed-diffusers-120ml-de","13":"pa_made-in-vereinigtes-koenigreich","15":"first","16":"instock","17":"purchasable","18":"product-type-simple"},"supplier_id":null,"supplier_sku":"RDHF-01","barcode":null,"atum_controlled":true,"out_stock_date":null,"out_stock_threshold":null,"inheritable":false,"inbound_stock":null,"stock_on_hold":0,"sold_today":0,"sales_last_days":0,"reserved_stock":null,"customer_returns":null,"warehouse_damage":null,"lost_in_post":null,"other_logs":null,"out_stock_days":0,"lost_sales":0,"has_location":null,"update_date":"2026-02-05T22:38:58","atum_locations":[],"atum_stock_status":"instock","restock_status":false,"low_stock_amount":"","sales_update_date":"2025-09-03T00:21:34","calc_backorders":null,"_links":{"self":[{"href":"https:\/\/aromasentia.com\/de\/wp-json\/wp\/v2\/product\/224473","targetHints":{"allow":["GET"]}}],"collection":[{"href":"https:\/\/aromasentia.com\/de\/wp-json\/wp\/v2\/product"}],"about":[{"href":"https:\/\/aromasentia.com\/de\/wp-json\/wp\/v2\/types\/product"}],"replies":[{"embeddable":true,"href":"https:\/\/aromasentia.com\/de\/wp-json\/wp\/v2\/comments?post=224473"}],"version-history":[{"count":0,"href":"https:\/\/aromasentia.com\/de\/wp-json\/wp\/v2\/product\/224473\/revisions"}],"wp:featuredmedia":[{"embeddable":true,"href":"https:\/\/aromasentia.com\/de\/wp-json\/wp\/v2\/media\/390871"}],"wp:attachment":[{"href":"https:\/\/aromasentia.com\/de\/wp-json\/wp\/v2\/media?parent=224473"}],"wp:term":[{"taxonomy":"product_brand","embeddable":true,"href":"https:\/\/aromasentia.com\/de\/wp-json\/wp\/v2\/product_brand?post=224473"},{"taxonomy":"product_cat","embeddable":true,"href":"https:\/\/aromasentia.com\/de\/wp-json\/wp\/v2\/product_cat?post=224473"},{"taxonomy":"product_tag","embeddable":true,"href":"https:\/\/aromasentia.com\/de\/wp-json\/wp\/v2\/product_tag?post=224473"}],"curies":[{"name":"wp","href":"https:\/\/api.w.org\/{rel}","templated":true}]}}