{"id":224281,"date":"2025-03-22T16:59:35","date_gmt":"2025-03-22T16:59:35","guid":{"rendered":"https:\/\/aromasentia.com\/product\/10-ml-white-lavender-fragrance-oil-unlabelled\/"},"modified":"2025-12-30T19:46:24","modified_gmt":"2025-12-30T19:46:24","slug":"10ml-weisser-lavendel-duftoel-ohne-etikett","status":"publish","type":"product","link":"https:\/\/aromasentia.com\/de\/10ml-weisser-lavendel-duftoel-ohne-etikett\/","title":{"rendered":"10ml Wei\u00dfer Lavendel &#8211; Duft\u00f6l (Ohne Etikett)"},"content":{"rendered":"<p><strong>Aroma Sentia ping 10 ml Wei\u00dfe Lavendel Duft\u00f6le<\/strong> sind sehr langlebig, da sie mit einem anderen \u00d6l auf Basis von Dipropylenglykol (DPG) verd\u00fcnnt werden. DPG ist ein g\u00e4ngiges Tr\u00e4ger\u00f6l, das zum Verd\u00fcnnen von Duft\u00f6len verwendet wird, um deren Wirksamkeit zu erh\u00f6hen.<\/p>\n<p>Au\u00dferdem wird ihr herrlicher, unverwechselbarer Duft die Aufmerksamkeit mancher Kunden auf sich ziehen.<\/p>\n","protected":false},"excerpt":{"rendered":"<p>Aroma Sentia ping 10 ml Wei\u00dfe Lavendel Duft\u00f6le sind sehr langlebig, da sie mit einem anderen \u00d6l auf Basis von Dipropylenglykol (DPG) verd\u00fcnnt werden. DPG ist ein g\u00e4ngiges Tr\u00e4ger\u00f6l, das zum Verd\u00fcnnen von Duft\u00f6len verwendet wird, um deren Wirksamkeit zu erh\u00f6hen. Au\u00dferdem wird ihr herrlicher, unverwechselbarer Duft die Aufmerksamkeit mancher Kunden auf sich ziehen.<\/p>\n","protected":false},"featured_media":394270,"comment_status":"closed","ping_status":"open","template":"","meta":[],"product_brand":[],"product_cat":[16455,26833,25841,16471,26234],"product_tag":[],"class_list":{"0":"post-224281","1":"product","2":"type-product","3":"status-publish","4":"has-post-thumbnail","6":"product_cat-aromatherapie-und-raumdufte","7":"product_cat-blumig","8":"product_cat-dufte-aromen","9":"product_cat-duftole","10":"product_cat-lavendel","11":"pa_collection-ancient-wisdom-fragrance-oils-unlabelled-de","12":"pa_made-in-vereinigtes-koenigreich","13":"pa_size-10ml","15":"first","16":"instock","17":"purchasable","18":"product-type-simple"},"supplier_id":null,"supplier_sku":"ULFO-63","barcode":null,"atum_controlled":true,"out_stock_date":null,"out_stock_threshold":null,"inheritable":false,"inbound_stock":null,"stock_on_hold":0,"sold_today":0,"sales_last_days":0,"reserved_stock":null,"customer_returns":null,"warehouse_damage":null,"lost_in_post":null,"other_logs":null,"out_stock_days":0,"lost_sales":0,"has_location":null,"update_date":"2026-01-30T01:25:55","atum_locations":[],"atum_stock_status":"instock","restock_status":false,"low_stock_amount":"","sales_update_date":"2026-01-30T01:25:55","calc_backorders":null,"_links":{"self":[{"href":"https:\/\/aromasentia.com\/de\/wp-json\/wp\/v2\/product\/224281","targetHints":{"allow":["GET"]}}],"collection":[{"href":"https:\/\/aromasentia.com\/de\/wp-json\/wp\/v2\/product"}],"about":[{"href":"https:\/\/aromasentia.com\/de\/wp-json\/wp\/v2\/types\/product"}],"replies":[{"embeddable":true,"href":"https:\/\/aromasentia.com\/de\/wp-json\/wp\/v2\/comments?post=224281"}],"version-history":[{"count":0,"href":"https:\/\/aromasentia.com\/de\/wp-json\/wp\/v2\/product\/224281\/revisions"}],"wp:featuredmedia":[{"embeddable":true,"href":"https:\/\/aromasentia.com\/de\/wp-json\/wp\/v2\/media\/394270"}],"wp:attachment":[{"href":"https:\/\/aromasentia.com\/de\/wp-json\/wp\/v2\/media?parent=224281"}],"wp:term":[{"taxonomy":"product_brand","embeddable":true,"href":"https:\/\/aromasentia.com\/de\/wp-json\/wp\/v2\/product_brand?post=224281"},{"taxonomy":"product_cat","embeddable":true,"href":"https:\/\/aromasentia.com\/de\/wp-json\/wp\/v2\/product_cat?post=224281"},{"taxonomy":"product_tag","embeddable":true,"href":"https:\/\/aromasentia.com\/de\/wp-json\/wp\/v2\/product_tag?post=224281"}],"curies":[{"name":"wp","href":"https:\/\/api.w.org\/{rel}","templated":true}]}}