{"id":224165,"date":"2025-03-22T16:59:35","date_gmt":"2025-03-22T16:59:35","guid":{"rendered":"https:\/\/aromasentia.com\/product\/10ml-bubblegum-fragrance-oil-unlabelled\/"},"modified":"2025-12-30T19:46:00","modified_gmt":"2025-12-30T19:46:00","slug":"10ml-kaugummi-duftoel-ohne-etikett","status":"publish","type":"product","link":"https:\/\/aromasentia.com\/de\/10ml-kaugummi-duftoel-ohne-etikett\/","title":{"rendered":"10ml Kaugummi &#8211; Duft\u00f6l (Ohne Etikett)"},"content":{"rendered":"<p>Aroma Sentia Ping Bubblegum Duft\u00f6le sind sehr langlebig, da sie mit einem anderen \u00d6l auf Basis von Dipropylenglykol (DPG) verd\u00fcnnt werden. DPG ist ein g\u00e4ngiges Tr\u00e4ger\u00f6l, das zum Verd\u00fcnnen von Duft\u00f6len verwendet wird, um deren Wirksamkeit zu erh\u00f6hen. Ihr herrlicher, unverwechselbarer Duft wird sicherlich die Aufmerksamkeit einiger Kunden erregen.<\/p>\n","protected":false},"excerpt":{"rendered":"<p>Aroma Sentia Ping Bubblegum Duft\u00f6le sind sehr langlebig, da sie mit einem anderen \u00d6l auf Basis von Dipropylenglykol (DPG) verd\u00fcnnt werden. DPG ist ein g\u00e4ngiges Tr\u00e4ger\u00f6l, das zum Verd\u00fcnnen von Duft\u00f6len verwendet wird, um deren Wirksamkeit zu erh\u00f6hen. Ihr herrlicher, unverwechselbarer Duft wird sicherlich die Aufmerksamkeit einiger Kunden erregen.<\/p>\n","protected":false},"featured_media":393777,"comment_status":"closed","ping_status":"open","template":"","meta":{"_angie_page":false},"product_brand":[],"product_cat":[16455,16471],"product_tag":[],"class_list":{"0":"post-224165","1":"product","2":"type-product","3":"status-publish","4":"has-post-thumbnail","6":"product_cat-aromatherapie-und-raumdufte","7":"product_cat-duftole","8":"pa_collection-ancient-wisdom-fragrance-oils-unlabelled-de","9":"pa_made-in-vereinigtes-koenigreich","10":"pa_size-10ml","12":"first","13":"instock","14":"purchasable","15":"product-type-simple"},"supplier_id":null,"supplier_sku":"ULFO-76","barcode":null,"atum_controlled":true,"out_stock_date":null,"out_stock_threshold":null,"inheritable":false,"inbound_stock":null,"stock_on_hold":0,"sold_today":0,"sales_last_days":0,"reserved_stock":null,"customer_returns":null,"warehouse_damage":null,"lost_in_post":null,"other_logs":null,"out_stock_days":0,"lost_sales":0,"has_location":null,"update_date":"2026-04-27T07:25:57","atum_locations":[],"atum_stock_status":"instock","restock_status":false,"low_stock_amount":"","sales_update_date":"2026-02-06T00:01:23","calc_backorders":null,"_links":{"self":[{"href":"https:\/\/aromasentia.com\/de\/wp-json\/wp\/v2\/product\/224165","targetHints":{"allow":["GET"]}}],"collection":[{"href":"https:\/\/aromasentia.com\/de\/wp-json\/wp\/v2\/product"}],"about":[{"href":"https:\/\/aromasentia.com\/de\/wp-json\/wp\/v2\/types\/product"}],"replies":[{"embeddable":true,"href":"https:\/\/aromasentia.com\/de\/wp-json\/wp\/v2\/comments?post=224165"}],"version-history":[{"count":0,"href":"https:\/\/aromasentia.com\/de\/wp-json\/wp\/v2\/product\/224165\/revisions"}],"wp:featuredmedia":[{"embeddable":true,"href":"https:\/\/aromasentia.com\/de\/wp-json\/wp\/v2\/media\/393777"}],"wp:attachment":[{"href":"https:\/\/aromasentia.com\/de\/wp-json\/wp\/v2\/media?parent=224165"}],"wp:term":[{"taxonomy":"product_brand","embeddable":true,"href":"https:\/\/aromasentia.com\/de\/wp-json\/wp\/v2\/product_brand?post=224165"},{"taxonomy":"product_cat","embeddable":true,"href":"https:\/\/aromasentia.com\/de\/wp-json\/wp\/v2\/product_cat?post=224165"},{"taxonomy":"product_tag","embeddable":true,"href":"https:\/\/aromasentia.com\/de\/wp-json\/wp\/v2\/product_tag?post=224165"}],"curies":[{"name":"wp","href":"https:\/\/api.w.org\/{rel}","templated":true}]}}