{"id":224053,"date":"2025-03-22T16:59:35","date_gmt":"2025-03-22T16:59:35","guid":{"rendered":"https:\/\/aromasentia.com\/product\/tropical-paradise-simmering-granules-banana\/"},"modified":"2025-12-30T19:45:36","modified_gmt":"2025-12-30T19:45:36","slug":"simmerkoernchen-tropische-duefte-banane","status":"publish","type":"product","link":"https:\/\/aromasentia.com\/de\/simmerkoernchen-tropische-duefte-banane\/","title":{"rendered":"Simmerk\u00f6rnchen &#8211; tropische D\u00fcfte &#8218;Banane&#8216;"},"content":{"rendered":"<p>Erf\u00fcllen Sie Ihren Raum mit dem s\u00fc\u00dfen und beruhigenden Aroma der Banane mit diesem Tropical Paradise Simmering Granulat. Geben Sie einfach einen L\u00f6ffel in Ihren \u00d6lbrenner oder W\u00e4rmer und genie\u00dfen Sie einen warmen und einladenden fruchtigen Duft.<\/p>\n","protected":false},"excerpt":{"rendered":"<p>Erf\u00fcllen Sie Ihren Raum mit dem s\u00fc\u00dfen und beruhigenden Aroma der Banane mit diesem Tropical Paradise Simmering Granulat. Geben Sie einfach einen L\u00f6ffel in Ihren \u00d6lbrenner oder W\u00e4rmer und genie\u00dfen Sie einen warmen und einladenden fruchtigen Duft.<\/p>\n","protected":false},"featured_media":393293,"comment_status":"closed","ping_status":"open","template":"","meta":{"_angie_page":false},"product_brand":[],"product_cat":[16455,26560,25841,16456,26847],"product_tag":[],"class_list":{"0":"post-224053","1":"product","2":"type-product","3":"status-publish","4":"has-post-thumbnail","6":"product_cat-aromatherapie-und-raumdufte","7":"product_cat-banane","8":"product_cat-dufte-aromen","9":"product_cat-duftgranulat","10":"product_cat-fruchtig","11":"pa_collection-tropical-paradise-simmering-granules-de","12":"pa_made-in-vereinigtes-koenigreich","14":"first","15":"instock","16":"purchasable","17":"product-type-simple"},"supplier_id":null,"supplier_sku":"TPSG-10","barcode":null,"atum_controlled":true,"out_stock_date":null,"out_stock_threshold":null,"inheritable":false,"inbound_stock":null,"stock_on_hold":0,"sold_today":0,"sales_last_days":0,"reserved_stock":null,"customer_returns":null,"warehouse_damage":null,"lost_in_post":null,"other_logs":null,"out_stock_days":0,"lost_sales":0,"has_location":null,"update_date":"2026-04-27T07:25:15","atum_locations":[],"atum_stock_status":"instock","restock_status":false,"low_stock_amount":"","sales_update_date":"2026-01-20T05:13:04","calc_backorders":null,"_links":{"self":[{"href":"https:\/\/aromasentia.com\/de\/wp-json\/wp\/v2\/product\/224053","targetHints":{"allow":["GET"]}}],"collection":[{"href":"https:\/\/aromasentia.com\/de\/wp-json\/wp\/v2\/product"}],"about":[{"href":"https:\/\/aromasentia.com\/de\/wp-json\/wp\/v2\/types\/product"}],"replies":[{"embeddable":true,"href":"https:\/\/aromasentia.com\/de\/wp-json\/wp\/v2\/comments?post=224053"}],"version-history":[{"count":0,"href":"https:\/\/aromasentia.com\/de\/wp-json\/wp\/v2\/product\/224053\/revisions"}],"wp:featuredmedia":[{"embeddable":true,"href":"https:\/\/aromasentia.com\/de\/wp-json\/wp\/v2\/media\/393293"}],"wp:attachment":[{"href":"https:\/\/aromasentia.com\/de\/wp-json\/wp\/v2\/media?parent=224053"}],"wp:term":[{"taxonomy":"product_brand","embeddable":true,"href":"https:\/\/aromasentia.com\/de\/wp-json\/wp\/v2\/product_brand?post=224053"},{"taxonomy":"product_cat","embeddable":true,"href":"https:\/\/aromasentia.com\/de\/wp-json\/wp\/v2\/product_cat?post=224053"},{"taxonomy":"product_tag","embeddable":true,"href":"https:\/\/aromasentia.com\/de\/wp-json\/wp\/v2\/product_tag?post=224053"}],"curies":[{"name":"wp","href":"https:\/\/api.w.org\/{rel}","templated":true}]}}