{"id":223993,"date":"2025-03-23T10:29:29","date_gmt":"2025-03-23T10:29:29","guid":{"rendered":"https:\/\/aromasentia.com\/product\/aromatica-premium-incense-lemon\/"},"modified":"2025-12-30T19:45:28","modified_gmt":"2025-12-30T19:45:28","slug":"20-raeucherstaebchen-zitrone","status":"publish","type":"product","link":"https:\/\/aromasentia.com\/de\/20-raeucherstaebchen-zitrone\/","title":{"rendered":"20 R\u00e4ucherst\u00e4bchen &#8211; Zitrone"},"content":{"rendered":"<p style=\"text-align: justify;\"><strong style=\"color: rgb(75, 80, 88);\">Aroma Sentia<\/strong> <strong style=\"color: rgb(75, 80, 88);\">Nat\u00fcrliche Masala-R\u00e4ucherst\u00e4bchen<\/strong> werden nach einem alten <strong>traditionellen Rezept des Ayurveda<\/strong> aus Indien hergestellt. Z\u00fcnden Sie einfach ein R\u00e4ucherst\u00e4bchen an und warten Sie, bis Ihr Zuhause von diesen frischen und belebenden Aromen verwandelt wird.<\/p>\n<p>Diese <strong>Aromatika<\/strong>-R\u00e4ucherst\u00e4bchen werden in Indien <strong>handgerollt<\/strong> und bestehen aus nat\u00fcrlichem Holzpulver, Weihrauchpulver, Gummi, <strong>Harzen<\/strong> und <strong>\u00e4therischen Aroma\u00f6len<\/strong>. Diese St\u00e4bchen sind <strong>ungiftig und frei von Chemikalien<\/strong>. Diese R\u00e4ucherst\u00e4bchen erzeugen <strong>kohlefreien Rauch<\/strong><br \/>Die Anwendung von R\u00e4ucherst\u00e4bchen ist einfach: Z\u00fcnden Sie das Ende an, warten Sie, bis es gl\u00fcht und die Flamme erlischt. Stellen Sie das St\u00e4bchen anschlie\u00dfend in einen R\u00e4ucherst\u00e4bchenhalter und genie\u00dfen Sie den wunderbaren Duft.<\/p>\n<p style=\"text-align: justify;\"><span style=\"color: rgb(141, 186, 216);\"><strong>Lassen Sie dieses Aroma Ihr Zuhause oder B\u00fcro erf\u00fcllen und eine wundervolle Atmosph\u00e4re schaffen. Erweitern Sie Ihr Produktportfolio.<\/strong><\/span><\/p>\n","protected":false},"excerpt":{"rendered":"<p>Aroma Sentia Nat\u00fcrliche Masala-R\u00e4ucherst\u00e4bchen werden nach einem alten traditionellen Rezept des Ayurveda aus Indien hergestellt. Z\u00fcnden Sie einfach ein R\u00e4ucherst\u00e4bchen an und warten Sie, bis Ihr Zuhause von diesen frischen und belebenden Aromen verwandelt wird. Diese Aromatika-R\u00e4ucherst\u00e4bchen werden in Indien handgerollt und bestehen aus nat\u00fcrlichem Holzpulver, Weihrauchpulver, Gummi, Harzen und \u00e4therischen Aroma\u00f6len. Diese St\u00e4bchen sind [&hellip;]<\/p>\n","protected":false},"featured_media":395966,"comment_status":"closed","ping_status":"open","template":"","meta":[],"product_brand":[27103],"product_cat":[25841,15152,26238,26819],"product_tag":[],"class_list":{"0":"post-223993","1":"product","2":"type-product","3":"status-publish","4":"has-post-thumbnail","6":"product_brand-aromatika","7":"product_cat-dufte-aromen","8":"product_cat-raucherwerk-und-rauchergefasse","9":"product_cat-zitrone","10":"product_cat-zitrus","11":"pa_made-in-indien","13":"first","14":"outofstock","15":"purchasable","16":"product-type-simple"},"supplier_id":null,"supplier_sku":"ARomI-04","barcode":null,"atum_controlled":true,"out_stock_date":"2025-10-08 12:05:00","out_stock_threshold":null,"inheritable":false,"inbound_stock":null,"stock_on_hold":0,"sold_today":0,"sales_last_days":0,"reserved_stock":null,"customer_returns":null,"warehouse_damage":null,"lost_in_post":null,"other_logs":null,"out_stock_days":120,"lost_sales":0,"has_location":null,"update_date":"2026-02-06T00:00:51","atum_locations":[],"atum_stock_status":"outofstock","restock_status":false,"low_stock_amount":"","sales_update_date":"2026-02-06T00:00:51","calc_backorders":null,"_links":{"self":[{"href":"https:\/\/aromasentia.com\/de\/wp-json\/wp\/v2\/product\/223993","targetHints":{"allow":["GET"]}}],"collection":[{"href":"https:\/\/aromasentia.com\/de\/wp-json\/wp\/v2\/product"}],"about":[{"href":"https:\/\/aromasentia.com\/de\/wp-json\/wp\/v2\/types\/product"}],"replies":[{"embeddable":true,"href":"https:\/\/aromasentia.com\/de\/wp-json\/wp\/v2\/comments?post=223993"}],"version-history":[{"count":0,"href":"https:\/\/aromasentia.com\/de\/wp-json\/wp\/v2\/product\/223993\/revisions"}],"wp:featuredmedia":[{"embeddable":true,"href":"https:\/\/aromasentia.com\/de\/wp-json\/wp\/v2\/media\/395966"}],"wp:attachment":[{"href":"https:\/\/aromasentia.com\/de\/wp-json\/wp\/v2\/media?parent=223993"}],"wp:term":[{"taxonomy":"product_brand","embeddable":true,"href":"https:\/\/aromasentia.com\/de\/wp-json\/wp\/v2\/product_brand?post=223993"},{"taxonomy":"product_cat","embeddable":true,"href":"https:\/\/aromasentia.com\/de\/wp-json\/wp\/v2\/product_cat?post=223993"},{"taxonomy":"product_tag","embeddable":true,"href":"https:\/\/aromasentia.com\/de\/wp-json\/wp\/v2\/product_tag?post=223993"}],"curies":[{"name":"wp","href":"https:\/\/api.w.org\/{rel}","templated":true}]}}