{"id":223973,"date":"2025-03-23T10:29:29","date_gmt":"2025-03-23T10:29:29","guid":{"rendered":"https:\/\/aromasentia.com\/product\/aromatica-backflow-incense-cones-white-sage\/"},"modified":"2025-12-30T19:45:28","modified_gmt":"2025-12-30T19:45:28","slug":"10-raeucherkegel-weisser-salbei","status":"publish","type":"product","link":"https:\/\/aromasentia.com\/de\/10-raeucherkegel-weisser-salbei\/","title":{"rendered":"10 R\u00e4ucherkegel &#8211; Wei\u00dfer Salbei"},"content":{"rendered":"<p>Die Back Flow R\u00e4ucherkegel \u2013 Wei\u00dfer Salbei mit holzigem Kr\u00e4uterduft reinigen und balancieren das Energiefeld und k\u00f6nnen helfen, die Frequenz von Geist und Emotionen zu erh\u00f6hen. Der Rauch des R\u00e4ucherwerks ist schwerer als Luft und f\u00e4llt daher in dramatischen Wirbeln und Schlingen durch die \u00d6ffnung des speziellen Back Flow R\u00e4uchergef\u00e4\u00dfes \u00fcber den Gegenstand, wo er sich am Boden sammelt. Es ist unglaublich anzusehen und sehr entspannend. Z\u00fcnden Sie den R\u00e4ucherkegel an und warten Sie, bis das Ende gl\u00fcht. Pusten Sie die Flamme aus und stellen Sie den Kegel in das Back Flow R\u00e4uchergef\u00e4\u00df. Der wunderbare Duft wird Ihr Zuhause erf\u00fcllen.<\/p>\n","protected":false},"excerpt":{"rendered":"<p>Die Back Flow R\u00e4ucherkegel \u2013 Wei\u00dfer Salbei mit holzigem Kr\u00e4uterduft reinigen und balancieren das Energiefeld und k\u00f6nnen helfen, die Frequenz von Geist und Emotionen zu erh\u00f6hen. Der Rauch des R\u00e4ucherwerks ist schwerer als Luft und f\u00e4llt daher in dramatischen Wirbeln und Schlingen durch die \u00d6ffnung des speziellen Back Flow R\u00e4uchergef\u00e4\u00dfes \u00fcber den Gegenstand, wo er [&hellip;]<\/p>\n","protected":false},"featured_media":395841,"comment_status":"closed","ping_status":"open","template":"","meta":[],"product_brand":[],"product_cat":[25841,26861,15331,15152,26477],"product_tag":[],"class_list":{"0":"post-223973","1":"product","2":"type-product","3":"status-publish","4":"has-post-thumbnail","6":"product_cat-dufte-aromen","7":"product_cat-krauter-aromatisch","8":"product_cat-raucherkegel","9":"product_cat-raucherwerk-und-rauchergefasse","10":"product_cat-weiser-salbei","11":"pa_collection-aromatika-backflow-incense-cones-de","12":"pa_made-in-indien","14":"first","15":"instock","16":"purchasable","17":"product-type-simple"},"supplier_id":null,"supplier_sku":"AromaBF-09","barcode":null,"atum_controlled":true,"out_stock_date":null,"out_stock_threshold":null,"inheritable":false,"inbound_stock":null,"stock_on_hold":0,"sold_today":0,"sales_last_days":0,"reserved_stock":null,"customer_returns":null,"warehouse_damage":null,"lost_in_post":null,"other_logs":null,"out_stock_days":0,"lost_sales":0,"has_location":null,"update_date":"2026-02-08T21:06:35","atum_locations":[],"atum_stock_status":"instock","restock_status":false,"low_stock_amount":"","sales_update_date":"2025-10-09T03:23:20","calc_backorders":null,"_links":{"self":[{"href":"https:\/\/aromasentia.com\/de\/wp-json\/wp\/v2\/product\/223973","targetHints":{"allow":["GET"]}}],"collection":[{"href":"https:\/\/aromasentia.com\/de\/wp-json\/wp\/v2\/product"}],"about":[{"href":"https:\/\/aromasentia.com\/de\/wp-json\/wp\/v2\/types\/product"}],"replies":[{"embeddable":true,"href":"https:\/\/aromasentia.com\/de\/wp-json\/wp\/v2\/comments?post=223973"}],"version-history":[{"count":0,"href":"https:\/\/aromasentia.com\/de\/wp-json\/wp\/v2\/product\/223973\/revisions"}],"wp:featuredmedia":[{"embeddable":true,"href":"https:\/\/aromasentia.com\/de\/wp-json\/wp\/v2\/media\/395841"}],"wp:attachment":[{"href":"https:\/\/aromasentia.com\/de\/wp-json\/wp\/v2\/media?parent=223973"}],"wp:term":[{"taxonomy":"product_brand","embeddable":true,"href":"https:\/\/aromasentia.com\/de\/wp-json\/wp\/v2\/product_brand?post=223973"},{"taxonomy":"product_cat","embeddable":true,"href":"https:\/\/aromasentia.com\/de\/wp-json\/wp\/v2\/product_cat?post=223973"},{"taxonomy":"product_tag","embeddable":true,"href":"https:\/\/aromasentia.com\/de\/wp-json\/wp\/v2\/product_tag?post=223973"}],"curies":[{"name":"wp","href":"https:\/\/api.w.org\/{rel}","templated":true}]}}