{"id":223965,"date":"2025-03-23T10:29:29","date_gmt":"2025-03-23T10:29:29","guid":{"rendered":"https:\/\/aromasentia.com\/product\/aromatica-backflow-incense-cones-rose\/"},"modified":"2025-12-30T19:45:20","modified_gmt":"2025-12-30T19:45:20","slug":"10-raeucherkegel-rose","status":"publish","type":"product","link":"https:\/\/aromasentia.com\/de\/10-raeucherkegel-rose\/","title":{"rendered":"10 R\u00e4ucherkegel &#8211; Rose"},"content":{"rendered":"<p>Die Backflow-R\u00e4ucherkegel \u2013 Rose fangen den frischen, leichten, romantischen Duft eines Rosengartens ein und erf\u00fcllen Ihr Zuhause mit einem herrlichen Duft.<\/p>\n<p>Der Rauch des Weihrauchs ist schwerer als Luft und f\u00e4llt daher in dramatischen Wirbeln und Schnecken durch die \u00d6ffnung des speziellen Backflow-\u00d6lbrenners \u00fcber den Gegenstand und sammelt sich am Boden. Es ist unglaublich anzusehen und sehr entspannend. Z\u00fcnden Sie den R\u00e4ucherkegel an und warten Sie, bis das Ende gl\u00fcht. Pusten Sie die Flamme aus und stellen Sie den Kegel in den Backflow-R\u00e4ucherbrenner. Der wunderbare Duft wird Ihr Zuhause erf\u00fcllen.<\/p>\n","protected":false},"excerpt":{"rendered":"<p>Die Backflow-R\u00e4ucherkegel \u2013 Rose fangen den frischen, leichten, romantischen Duft eines Rosengartens ein und erf\u00fcllen Ihr Zuhause mit einem herrlichen Duft. Der Rauch des Weihrauchs ist schwerer als Luft und f\u00e4llt daher in dramatischen Wirbeln und Schnecken durch die \u00d6ffnung des speziellen Backflow-\u00d6lbrenners \u00fcber den Gegenstand und sammelt sich am Boden. Es ist unglaublich anzusehen [&hellip;]<\/p>\n","protected":false},"featured_media":395791,"comment_status":"closed","ping_status":"open","template":"","meta":{"_angie_page":false},"product_brand":[],"product_cat":[26833,25841,15331,15152,26370],"product_tag":[],"class_list":{"0":"post-223965","1":"product","2":"type-product","3":"status-publish","4":"has-post-thumbnail","6":"product_cat-blumig","7":"product_cat-dufte-aromen","8":"product_cat-raucherkegel","9":"product_cat-raucherwerk-und-rauchergefasse","10":"product_cat-rosen","11":"pa_collection-aromatika-backflow-incense-cones-de","12":"pa_made-in-indien","14":"first","15":"instock","16":"purchasable","17":"product-type-simple"},"supplier_id":null,"supplier_sku":"AromaBF-07","barcode":null,"atum_controlled":true,"out_stock_date":null,"out_stock_threshold":null,"inheritable":false,"inbound_stock":null,"stock_on_hold":0,"sold_today":0,"sales_last_days":0,"reserved_stock":null,"customer_returns":null,"warehouse_damage":null,"lost_in_post":null,"other_logs":null,"out_stock_days":0,"lost_sales":0,"has_location":null,"update_date":"2026-05-08T05:02:37","atum_locations":[],"atum_stock_status":"instock","restock_status":false,"low_stock_amount":"","sales_update_date":"2026-01-30T01:24:54","calc_backorders":null,"_links":{"self":[{"href":"https:\/\/aromasentia.com\/de\/wp-json\/wp\/v2\/product\/223965","targetHints":{"allow":["GET"]}}],"collection":[{"href":"https:\/\/aromasentia.com\/de\/wp-json\/wp\/v2\/product"}],"about":[{"href":"https:\/\/aromasentia.com\/de\/wp-json\/wp\/v2\/types\/product"}],"replies":[{"embeddable":true,"href":"https:\/\/aromasentia.com\/de\/wp-json\/wp\/v2\/comments?post=223965"}],"version-history":[{"count":0,"href":"https:\/\/aromasentia.com\/de\/wp-json\/wp\/v2\/product\/223965\/revisions"}],"wp:featuredmedia":[{"embeddable":true,"href":"https:\/\/aromasentia.com\/de\/wp-json\/wp\/v2\/media\/395791"}],"wp:attachment":[{"href":"https:\/\/aromasentia.com\/de\/wp-json\/wp\/v2\/media?parent=223965"}],"wp:term":[{"taxonomy":"product_brand","embeddable":true,"href":"https:\/\/aromasentia.com\/de\/wp-json\/wp\/v2\/product_brand?post=223965"},{"taxonomy":"product_cat","embeddable":true,"href":"https:\/\/aromasentia.com\/de\/wp-json\/wp\/v2\/product_cat?post=223965"},{"taxonomy":"product_tag","embeddable":true,"href":"https:\/\/aromasentia.com\/de\/wp-json\/wp\/v2\/product_tag?post=223965"}],"curies":[{"name":"wp","href":"https:\/\/api.w.org\/{rel}","templated":true}]}}