{"id":223933,"date":"2025-03-23T10:29:29","date_gmt":"2025-03-23T10:29:29","guid":{"rendered":"https:\/\/aromasentia.com\/product\/arabic-lump-resin-250g\/"},"modified":"2025-06-28T21:32:13","modified_gmt":"2025-06-28T21:32:13","slug":"arabic-lump-resin-250g","status":"publish","type":"product","link":"https:\/\/aromasentia.com\/de\/arabic-lump-resin-250g\/","title":{"rendered":"Arabic Lump Resin &#8211; 250g"},"content":{"rendered":"<p><strong>Gro\u00dfhandel Arabic Lump Bulk Resin&nbsp;<\/strong>wird von kleinen, dornigen Akazienb\u00e4umen (Acacia nilotica, Acacia Senegal, Acacia Seyal) produziert. Die meisten von ihnen findet man in Nordafrika, vor allem im Sudan, wo derzeit etwa 60-70 % der Weltproduktion herkommen.<\/p>\n<p>Unter nat\u00fcrlichen Bedingungen, w\u00e4hrend einer D\u00fcrreperiode, rei\u00dft die Rinde der B\u00e4ume auf und setzt Saft frei, der zu harten, glasigen Tr\u00e4nen trocknet. Sein Geruch ist sehr mild, weshalb er oft als Grundharz f\u00fcr Kr\u00e4utermischungen verwendet wird. Auf diese Weise k\u00f6nnen Sie den scharfen Weihrauch abmildern.<\/p>\n<p>Verkauft in 250g-Packungen.<\/p>\n<p><strong><span style=\"color: rgb(184, 49, 47);\">Bringen Sie den mystischen Nahen Osten noch heute in Ihr Gesch\u00e4ft.<\/span><\/strong><\/p>\n","protected":false},"excerpt":{"rendered":"<p>Gro\u00dfhandel Arabic Lump Bulk Resin&nbsp;wird von kleinen, dornigen Akazienb\u00e4umen (Acacia nilotica, Acacia Senegal, Acacia Seyal) produziert. Die meisten von ihnen findet man in Nordafrika, vor allem im Sudan, wo derzeit etwa 60-70 % der Weltproduktion herkommen. Unter nat\u00fcrlichen Bedingungen, w\u00e4hrend einer D\u00fcrreperiode, rei\u00dft die Rinde der B\u00e4ume auf und setzt Saft frei, der zu harten, [&hellip;]<\/p>\n","protected":false},"featured_media":395607,"comment_status":"closed","ping_status":"open","template":"","meta":{"_angie_page":false},"product_brand":[],"product_cat":[15231,15152],"product_tag":[],"class_list":{"0":"post-223933","1":"product","2":"type-product","3":"status-publish","4":"has-post-thumbnail","6":"product_cat-raucherharze","7":"product_cat-raucherwerk-und-rauchergefasse","8":"pa_collection-bulk-aromatic-resin-de","9":"pa_made-in-suedsudan","10":"pa_size-250g-2","12":"first","13":"instock","14":"purchasable","15":"product-type-simple"},"supplier_id":null,"supplier_sku":"AResin-25","barcode":null,"atum_controlled":true,"out_stock_date":null,"out_stock_threshold":null,"inheritable":false,"inbound_stock":null,"stock_on_hold":0,"sold_today":0,"sales_last_days":0,"reserved_stock":null,"customer_returns":null,"warehouse_damage":null,"lost_in_post":null,"other_logs":null,"out_stock_days":0,"lost_sales":0,"has_location":null,"update_date":"2026-04-27T06:50:22","atum_locations":[],"atum_stock_status":"instock","restock_status":false,"low_stock_amount":"","sales_update_date":"2026-01-30T01:24:43","calc_backorders":null,"_links":{"self":[{"href":"https:\/\/aromasentia.com\/de\/wp-json\/wp\/v2\/product\/223933","targetHints":{"allow":["GET"]}}],"collection":[{"href":"https:\/\/aromasentia.com\/de\/wp-json\/wp\/v2\/product"}],"about":[{"href":"https:\/\/aromasentia.com\/de\/wp-json\/wp\/v2\/types\/product"}],"replies":[{"embeddable":true,"href":"https:\/\/aromasentia.com\/de\/wp-json\/wp\/v2\/comments?post=223933"}],"version-history":[{"count":0,"href":"https:\/\/aromasentia.com\/de\/wp-json\/wp\/v2\/product\/223933\/revisions"}],"wp:featuredmedia":[{"embeddable":true,"href":"https:\/\/aromasentia.com\/de\/wp-json\/wp\/v2\/media\/395607"}],"wp:attachment":[{"href":"https:\/\/aromasentia.com\/de\/wp-json\/wp\/v2\/media?parent=223933"}],"wp:term":[{"taxonomy":"product_brand","embeddable":true,"href":"https:\/\/aromasentia.com\/de\/wp-json\/wp\/v2\/product_brand?post=223933"},{"taxonomy":"product_cat","embeddable":true,"href":"https:\/\/aromasentia.com\/de\/wp-json\/wp\/v2\/product_cat?post=223933"},{"taxonomy":"product_tag","embeddable":true,"href":"https:\/\/aromasentia.com\/de\/wp-json\/wp\/v2\/product_tag?post=223933"}],"curies":[{"name":"wp","href":"https:\/\/api.w.org\/{rel}","templated":true}]}}