{"id":223929,"date":"2025-03-23T10:29:29","date_gmt":"2025-03-23T10:29:29","guid":{"rendered":"https:\/\/aromasentia.com\/product\/myrrh-resin-250g\/"},"modified":"2025-06-28T21:32:12","modified_gmt":"2025-06-28T21:32:12","slug":"myrrh-resin-250g","status":"publish","type":"product","link":"https:\/\/aromasentia.com\/de\/myrrh-resin-250g\/","title":{"rendered":"Myrrh Resin &#8211; 250g"},"content":{"rendered":"<p><strong>Gro\u00dfhandel Myrrhe Bulk Resin&nbsp;<\/strong>wird aus Str\u00e4uchern und B\u00e4umen gewonnen, die zur Familie der Commiphora geh\u00f6ren. Diese Str\u00e4ucher sind vor allem in den Savannengebieten Ost- und Nordafrikas sowie auf der Arabischen Halbinsel zu finden. Es handelt sich um niedrige, dornige Pflanzen, die auf steinigem Boden wachsen. Seit Jahren werden die Harze traditionell durch Abschneiden des Stammes gewonnen.<\/p>\n<p>Bei Kontakt mit Luft verfestigt sich das fl\u00fcssige Harz schnell und bildet ein Granulat, das dann zu Heil- und Duftzwecken verwendet wird. Aufgrund ihrer Seltenheit und der Schwierigkeit, sie zu z\u00fcchten, hatte Myrrhe einst einen Wert, der dem von Gold entsprach. Fr\u00fcher war sie ein Handelsgut oder ein Geschenk, das gro\u00dfe Freundlichkeit und Respekt signalisierte. Myrrhe zeichnet sich durch eine rot-gelbe Farbe sowie ein warmes, bitteres Aroma aus, von dem auch ihr Name herr\u00fchrt &#8211; im Hebr\u00e4ischen bedeutet &quot;mor&quot; &quot;bitter&quot;.<\/p>\n<p>Verkauft in 250g-Packungen.<\/p>\n<p><strong><span style=\"color: rgb(184, 49, 47);\">Bringen Sie den mystischen Nahen Osten noch heute in Ihr Gesch\u00e4ft.<\/span><\/strong><\/p>\n","protected":false},"excerpt":{"rendered":"<p>Gro\u00dfhandel Myrrhe Bulk Resin&nbsp;wird aus Str\u00e4uchern und B\u00e4umen gewonnen, die zur Familie der Commiphora geh\u00f6ren. Diese Str\u00e4ucher sind vor allem in den Savannengebieten Ost- und Nordafrikas sowie auf der Arabischen Halbinsel zu finden. Es handelt sich um niedrige, dornige Pflanzen, die auf steinigem Boden wachsen. Seit Jahren werden die Harze traditionell durch Abschneiden des Stammes [&hellip;]<\/p>\n","protected":false},"featured_media":395598,"comment_status":"closed","ping_status":"open","template":"","meta":{"_angie_page":false},"product_brand":[],"product_cat":[25841,26882,26284,15231,15152],"product_tag":[],"class_list":{"0":"post-223929","1":"product","2":"type-product","3":"status-publish","4":"has-post-thumbnail","6":"product_cat-dufte-aromen","7":"product_cat-harzig-balsamisch","8":"product_cat-myrrh","9":"product_cat-raucherharze","10":"product_cat-raucherwerk-und-rauchergefasse","11":"pa_collection-bulk-aromatic-resin-de","12":"pa_made-in-somalia","13":"pa_size-250g-2","15":"first","16":"instock","17":"purchasable","18":"product-type-simple"},"supplier_id":null,"supplier_sku":"AResin-24","barcode":null,"atum_controlled":true,"out_stock_date":null,"out_stock_threshold":null,"inheritable":false,"inbound_stock":null,"stock_on_hold":0,"sold_today":0,"sales_last_days":0,"reserved_stock":null,"customer_returns":null,"warehouse_damage":null,"lost_in_post":null,"other_logs":null,"out_stock_days":0,"lost_sales":0,"has_location":null,"update_date":"2026-04-27T06:50:22","atum_locations":[],"atum_stock_status":"instock","restock_status":false,"low_stock_amount":"","sales_update_date":"2026-01-30T01:24:59","calc_backorders":null,"_links":{"self":[{"href":"https:\/\/aromasentia.com\/de\/wp-json\/wp\/v2\/product\/223929","targetHints":{"allow":["GET"]}}],"collection":[{"href":"https:\/\/aromasentia.com\/de\/wp-json\/wp\/v2\/product"}],"about":[{"href":"https:\/\/aromasentia.com\/de\/wp-json\/wp\/v2\/types\/product"}],"replies":[{"embeddable":true,"href":"https:\/\/aromasentia.com\/de\/wp-json\/wp\/v2\/comments?post=223929"}],"version-history":[{"count":0,"href":"https:\/\/aromasentia.com\/de\/wp-json\/wp\/v2\/product\/223929\/revisions"}],"wp:featuredmedia":[{"embeddable":true,"href":"https:\/\/aromasentia.com\/de\/wp-json\/wp\/v2\/media\/395598"}],"wp:attachment":[{"href":"https:\/\/aromasentia.com\/de\/wp-json\/wp\/v2\/media?parent=223929"}],"wp:term":[{"taxonomy":"product_brand","embeddable":true,"href":"https:\/\/aromasentia.com\/de\/wp-json\/wp\/v2\/product_brand?post=223929"},{"taxonomy":"product_cat","embeddable":true,"href":"https:\/\/aromasentia.com\/de\/wp-json\/wp\/v2\/product_cat?post=223929"},{"taxonomy":"product_tag","embeddable":true,"href":"https:\/\/aromasentia.com\/de\/wp-json\/wp\/v2\/product_tag?post=223929"}],"curies":[{"name":"wp","href":"https:\/\/api.w.org\/{rel}","templated":true}]}}