{"id":223921,"date":"2025-03-23T10:29:29","date_gmt":"2025-03-23T10:29:29","guid":{"rendered":"https:\/\/aromasentia.com\/product\/display-set-of-70-incense-smudge-bricks-and-burner-wild-west\/"},"modified":"2025-12-30T19:45:20","modified_gmt":"2025-12-30T19:45:20","slug":"display-set-mit-70-raeuchersteinen-und-brenner-wilder-westen","status":"publish","type":"product","link":"https:\/\/aromasentia.com\/de\/display-set-mit-70-raeuchersteinen-und-brenner-wilder-westen\/","title":{"rendered":"Display-Set mit 70 R\u00e4uchersteinen und Brenner \u2013 Wilder Westen"},"content":{"rendered":"<p><span style=\"color: rgb(75, 80, 88);\">Dieses bezaubernde Display-Set wurde sorgf\u00e4ltig zusammengestellt, um Ihre Kunden zu verf\u00fchren. <strong>Jedes Set enth\u00e4lt 7 D\u00fcfte<\/strong>, davon 10 Steine pro Duftrichtung<\/strong>, insgesamt also beeindruckende <strong>70 Harzsteine<\/strong>. <strong>Ein Terrakotta-Halter ist im Lieferumfang enthalten<\/strong> \u2013 ein Komplettpaket f\u00fcr alle, die Abwechslung suchen.<\/span><\/p>\n<p><span style=\"color: rgb(75, 80, 88);\">Diese aromatischen Sch\u00e4tze duften nicht nur fantastisch, sondern verleihen Ihrem Angebot auch einen Hauch von Eleganz und Vielfalt. Entscheiden Sie sich f\u00fcr unsere Sets mit nat\u00fcrlichen R\u00e4ucherharzsteinen und machen Sie sie zu einer wunderbaren Erg\u00e4nzung Ihres Sortiments, die Ihre Kunden fesselt und bleibende Erinnerungen schafft. &nbsp;<\/span><\/p>\n","protected":false},"excerpt":{"rendered":"<p>Dieses bezaubernde Display-Set wurde sorgf\u00e4ltig zusammengestellt, um Ihre Kunden zu verf\u00fchren. Jedes Set enth\u00e4lt 7 D\u00fcfte, davon 10 Steine pro Duftrichtung, insgesamt also beeindruckende 70 Harzsteine. Ein Terrakotta-Halter ist im Lieferumfang enthalten \u2013 ein Komplettpaket f\u00fcr alle, die Abwechslung suchen. Diese aromatischen Sch\u00e4tze duften nicht nur fantastisch, sondern verleihen Ihrem Angebot auch einen Hauch von [&hellip;]<\/p>\n","protected":false},"featured_media":395540,"comment_status":"closed","ping_status":"open","template":"","meta":{"_angie_page":false},"product_brand":[],"product_cat":[15231,15152,25816],"product_tag":[],"class_list":{"0":"post-223921","1":"product","2":"type-product","3":"status-publish","4":"has-post-thumbnail","6":"product_cat-raucherharze","7":"product_cat-raucherwerk-und-rauchergefasse","8":"product_cat-smudge-sticks","9":"pa_collection-natural-incense-resin-bricks-set-de","10":"pa_made-in-indien","12":"first","13":"instock","14":"purchasable","15":"product-type-simple"},"supplier_id":null,"supplier_sku":"AISB-09","barcode":null,"atum_controlled":true,"out_stock_date":null,"out_stock_threshold":null,"inheritable":false,"inbound_stock":null,"stock_on_hold":0,"sold_today":0,"sales_last_days":0,"reserved_stock":null,"customer_returns":null,"warehouse_damage":null,"lost_in_post":null,"other_logs":null,"out_stock_days":137,"lost_sales":0,"has_location":null,"update_date":"2026-04-27T06:50:18","atum_locations":[],"atum_stock_status":"instock","restock_status":false,"low_stock_amount":"","sales_update_date":"2026-01-20T05:14:51","calc_backorders":null,"_links":{"self":[{"href":"https:\/\/aromasentia.com\/de\/wp-json\/wp\/v2\/product\/223921","targetHints":{"allow":["GET"]}}],"collection":[{"href":"https:\/\/aromasentia.com\/de\/wp-json\/wp\/v2\/product"}],"about":[{"href":"https:\/\/aromasentia.com\/de\/wp-json\/wp\/v2\/types\/product"}],"replies":[{"embeddable":true,"href":"https:\/\/aromasentia.com\/de\/wp-json\/wp\/v2\/comments?post=223921"}],"version-history":[{"count":0,"href":"https:\/\/aromasentia.com\/de\/wp-json\/wp\/v2\/product\/223921\/revisions"}],"wp:featuredmedia":[{"embeddable":true,"href":"https:\/\/aromasentia.com\/de\/wp-json\/wp\/v2\/media\/395540"}],"wp:attachment":[{"href":"https:\/\/aromasentia.com\/de\/wp-json\/wp\/v2\/media?parent=223921"}],"wp:term":[{"taxonomy":"product_brand","embeddable":true,"href":"https:\/\/aromasentia.com\/de\/wp-json\/wp\/v2\/product_brand?post=223921"},{"taxonomy":"product_cat","embeddable":true,"href":"https:\/\/aromasentia.com\/de\/wp-json\/wp\/v2\/product_cat?post=223921"},{"taxonomy":"product_tag","embeddable":true,"href":"https:\/\/aromasentia.com\/de\/wp-json\/wp\/v2\/product_tag?post=223921"}],"curies":[{"name":"wp","href":"https:\/\/api.w.org\/{rel}","templated":true}]}}