{"id":223897,"date":"2025-03-23T10:29:29","date_gmt":"2025-03-23T10:29:29","guid":{"rendered":"https:\/\/aromasentia.com\/product\/pack-of-15-natural-incense-smudge-bricks-and-burner-rose-wood\/"},"modified":"2025-12-30T19:45:12","modified_gmt":"2025-12-30T19:45:12","slug":"packung-mit-15-natuerlichen-raeuchersteinen-und-brenner-rosenholz","status":"publish","type":"product","link":"https:\/\/aromasentia.com\/de\/packung-mit-15-natuerlichen-raeuchersteinen-und-brenner-rosenholz\/","title":{"rendered":"Packung mit 15 nat\u00fcrlichen R\u00e4uchersteinen und Brenner \u2013 Rosenholz"},"content":{"rendered":"<p><span style=\"color: rgb(75, 80, 88);\"><strong>Erfreuen Sie sich am romantischen Duft von Rosenholz.<\/strong> Angereichert mit der Essenz von <strong>Rosen\u00f6l<\/strong> und <strong>Adlerholzpulver<\/strong>. Der dazugeh\u00f6rige Brenner verleiht jedem Raum Charme und Eleganz.<\/span><\/p>\n<p><span style=\"color: rgb(75, 80, 88);\"><strong>Jede Packung enth\u00e4lt 15 Steine mit einem charmanten Terrakotta-Halter, der Stil und Funktionalit\u00e4t m\u00fchelos vereint.<\/strong><\/span><\/p>\n<p><span style=\"color: rgb(75, 80, 88);\">Dies ist eine harmonische Verschmelzung der feinsten D\u00fcfte der Natur, hergestellt aus sorgf\u00e4ltig ausgew\u00e4hlten Materialien. Jeder aromatische Genuss dieser Reihe f\u00e4ngt die Essenz seines Ursprungs ein und bietet ein authentisches Sinneserlebnis wie kein anderes.<\/span><\/p>\n","protected":false},"excerpt":{"rendered":"<p>Erfreuen Sie sich am romantischen Duft von Rosenholz. Angereichert mit der Essenz von Rosen\u00f6l und Adlerholzpulver. Der dazugeh\u00f6rige Brenner verleiht jedem Raum Charme und Eleganz. Jede Packung enth\u00e4lt 15 Steine mit einem charmanten Terrakotta-Halter, der Stil und Funktionalit\u00e4t m\u00fchelos vereint. Dies ist eine harmonische Verschmelzung der feinsten D\u00fcfte der Natur, hergestellt aus sorgf\u00e4ltig ausgew\u00e4hlten Materialien. [&hellip;]<\/p>\n","protected":false},"featured_media":395326,"comment_status":"closed","ping_status":"open","template":"","meta":[],"product_brand":[],"product_cat":[15231,15152,25816],"product_tag":[],"class_list":{"0":"post-223897","1":"product","2":"type-product","3":"status-publish","4":"has-post-thumbnail","6":"product_cat-raucherharze","7":"product_cat-raucherwerk-und-rauchergefasse","8":"product_cat-smudge-sticks","9":"pa_collection-natural-incense-resin-bricks-set-de","10":"pa_made-in-indien","12":"first","13":"instock","14":"purchasable","15":"product-type-simple"},"supplier_id":null,"supplier_sku":"AISB-03","barcode":null,"atum_controlled":true,"out_stock_date":null,"out_stock_threshold":null,"inheritable":false,"inbound_stock":null,"stock_on_hold":0,"sold_today":0,"sales_last_days":0,"reserved_stock":null,"customer_returns":null,"warehouse_damage":null,"lost_in_post":null,"other_logs":null,"out_stock_days":0,"lost_sales":0,"has_location":null,"update_date":"2026-02-10T18:45:13","atum_locations":[],"atum_stock_status":"instock","restock_status":false,"low_stock_amount":"","sales_update_date":"2025-10-09T03:22:58","calc_backorders":null,"_links":{"self":[{"href":"https:\/\/aromasentia.com\/de\/wp-json\/wp\/v2\/product\/223897","targetHints":{"allow":["GET"]}}],"collection":[{"href":"https:\/\/aromasentia.com\/de\/wp-json\/wp\/v2\/product"}],"about":[{"href":"https:\/\/aromasentia.com\/de\/wp-json\/wp\/v2\/types\/product"}],"replies":[{"embeddable":true,"href":"https:\/\/aromasentia.com\/de\/wp-json\/wp\/v2\/comments?post=223897"}],"version-history":[{"count":0,"href":"https:\/\/aromasentia.com\/de\/wp-json\/wp\/v2\/product\/223897\/revisions"}],"wp:featuredmedia":[{"embeddable":true,"href":"https:\/\/aromasentia.com\/de\/wp-json\/wp\/v2\/media\/395326"}],"wp:attachment":[{"href":"https:\/\/aromasentia.com\/de\/wp-json\/wp\/v2\/media?parent=223897"}],"wp:term":[{"taxonomy":"product_brand","embeddable":true,"href":"https:\/\/aromasentia.com\/de\/wp-json\/wp\/v2\/product_brand?post=223897"},{"taxonomy":"product_cat","embeddable":true,"href":"https:\/\/aromasentia.com\/de\/wp-json\/wp\/v2\/product_cat?post=223897"},{"taxonomy":"product_tag","embeddable":true,"href":"https:\/\/aromasentia.com\/de\/wp-json\/wp\/v2\/product_tag?post=223897"}],"curies":[{"name":"wp","href":"https:\/\/api.w.org\/{rel}","templated":true}]}}