{"id":223885,"date":"2025-03-23T10:29:29","date_gmt":"2025-03-23T10:29:29","guid":{"rendered":"https:\/\/aromasentia.com\/product\/masala-backflow-incense-pack-of-10-amber\/"},"modified":"2025-12-30T19:45:12","modified_gmt":"2025-12-30T19:45:12","slug":"packung-mit-10-masala-backflow-raeucherstaebchen-bernstein","status":"publish","type":"product","link":"https:\/\/aromasentia.com\/de\/packung-mit-10-masala-backflow-raeucherstaebchen-bernstein\/","title":{"rendered":"Packung mit 10 Masala Backflow-R\u00e4ucherst\u00e4bchen \u2013 Bernstein"},"content":{"rendered":"<p><span style=\"color: rgb(75, 80, 88);\">Machen Sie sich bereit, Ihre R\u00e4ucherst\u00e4bchensammlung mit den brandneuen <strong>Masala Backflow-R\u00e4ucherkegeln von Aromatika aufzupeppen!<\/strong><\/span><\/p>\n<p><span style=\"color: rgb(75, 80, 88);\">Jede Packung enth\u00e4lt <strong>10 Backflow-R\u00e4ucherkegel in Sechseckform.<\/strong><\/span><\/p>\n<p><strong><span style=\"color: rgb(75, 80, 88);\">H\u00fcllt euren Raum in den warmen und einladenden Duft von Amber.<\/span><\/strong><\/p>\n<p><span style=\"color: rgb(75, 80, 88);\">Dieser Duft bietet eine gem\u00fctliche und wohlige Atmosph\u00e4re, wie eine wohlige Umarmung. Amber-R\u00e4ucherst\u00e4bchen eignen sich perfekt f\u00fcr eine einladende und intime Atmosph\u00e4re. Ihr s\u00fc\u00dfes, harziges Aroma weckt Gef\u00fchle der Ruhe und Zufriedenheit und macht sie ideal zum Entspannen und f\u00fcr sch\u00f6ne Stunden mit Ihren Lieben.<\/span><\/p>\n","protected":false},"excerpt":{"rendered":"<p>Machen Sie sich bereit, Ihre R\u00e4ucherst\u00e4bchensammlung mit den brandneuen Masala Backflow-R\u00e4ucherkegeln von Aromatika aufzupeppen! Jede Packung enth\u00e4lt 10 Backflow-R\u00e4ucherkegel in Sechseckform. H\u00fcllt euren Raum in den warmen und einladenden Duft von Amber. Dieser Duft bietet eine gem\u00fctliche und wohlige Atmosph\u00e4re, wie eine wohlige Umarmung. Amber-R\u00e4ucherst\u00e4bchen eignen sich perfekt f\u00fcr eine einladende und intime Atmosph\u00e4re. Ihr [&hellip;]<\/p>\n","protected":false},"featured_media":395243,"comment_status":"closed","ping_status":"open","template":"","meta":[],"product_brand":[27103],"product_cat":[15331,15152],"product_tag":[],"class_list":{"0":"post-223885","1":"product","2":"type-product","3":"status-publish","4":"has-post-thumbnail","6":"product_brand-aromatika","7":"product_cat-raucherkegel","8":"product_cat-raucherwerk-und-rauchergefasse","9":"pa_collection-masala-backflow-incense-pack-of-10-de","10":"pa_made-in-indien","12":"first","13":"instock","14":"purchasable","15":"product-type-simple"},"supplier_id":null,"supplier_sku":"ABFi-12","barcode":null,"atum_controlled":true,"out_stock_date":null,"out_stock_threshold":null,"inheritable":false,"inbound_stock":null,"stock_on_hold":0,"sold_today":0,"sales_last_days":0,"reserved_stock":null,"customer_returns":null,"warehouse_damage":null,"lost_in_post":null,"other_logs":null,"out_stock_days":0,"lost_sales":0,"has_location":null,"update_date":"2026-02-04T18:52:35","atum_locations":[],"atum_stock_status":"instock","restock_status":false,"low_stock_amount":"","sales_update_date":"2025-10-09T03:22:21","calc_backorders":null,"_links":{"self":[{"href":"https:\/\/aromasentia.com\/de\/wp-json\/wp\/v2\/product\/223885","targetHints":{"allow":["GET"]}}],"collection":[{"href":"https:\/\/aromasentia.com\/de\/wp-json\/wp\/v2\/product"}],"about":[{"href":"https:\/\/aromasentia.com\/de\/wp-json\/wp\/v2\/types\/product"}],"replies":[{"embeddable":true,"href":"https:\/\/aromasentia.com\/de\/wp-json\/wp\/v2\/comments?post=223885"}],"version-history":[{"count":0,"href":"https:\/\/aromasentia.com\/de\/wp-json\/wp\/v2\/product\/223885\/revisions"}],"wp:featuredmedia":[{"embeddable":true,"href":"https:\/\/aromasentia.com\/de\/wp-json\/wp\/v2\/media\/395243"}],"wp:attachment":[{"href":"https:\/\/aromasentia.com\/de\/wp-json\/wp\/v2\/media?parent=223885"}],"wp:term":[{"taxonomy":"product_brand","embeddable":true,"href":"https:\/\/aromasentia.com\/de\/wp-json\/wp\/v2\/product_brand?post=223885"},{"taxonomy":"product_cat","embeddable":true,"href":"https:\/\/aromasentia.com\/de\/wp-json\/wp\/v2\/product_cat?post=223885"},{"taxonomy":"product_tag","embeddable":true,"href":"https:\/\/aromasentia.com\/de\/wp-json\/wp\/v2\/product_tag?post=223885"}],"curies":[{"name":"wp","href":"https:\/\/api.w.org\/{rel}","templated":true}]}}