{"id":223861,"date":"2025-03-23T10:29:29","date_gmt":"2025-03-23T10:29:29","guid":{"rendered":"https:\/\/aromasentia.com\/product\/masala-backflow-incense-pack-of-10-coconut-mango\/"},"modified":"2025-12-30T19:45:04","modified_gmt":"2025-12-30T19:45:04","slug":"packung-mit-10-masala-backflow-raeucherstaebchen-kokosnuss-und-mango","status":"publish","type":"product","link":"https:\/\/aromasentia.com\/de\/packung-mit-10-masala-backflow-raeucherstaebchen-kokosnuss-und-mango\/","title":{"rendered":"Packung mit 10 Masala Backflow-R\u00e4ucherst\u00e4bchen \u2013 Kokosnuss und Mango"},"content":{"rendered":"<p><span style=\"color: rgb(75, 80, 88);\">Machen Sie sich bereit, Ihre R\u00e4ucherst\u00e4bchensammlung mit den brandneuen <strong>Masala Backflow-R\u00e4ucherkegeln von Aromatika aufzupeppen!<\/strong><\/span><\/p>\n<p><span style=\"color: rgb(75, 80, 88);\">Jede Packung enth\u00e4lt <strong>10 Backflow-R\u00e4ucherkegel in Sechseckform.<\/strong><\/span><\/p>\n<p><span style=\"color: rgb(75, 80, 88);\"><\/span><span style=\"color: rgb(75, 80, 88);\"><strong>Begeben Sie sich auf eine Sinnesreise in ein tropisches Paradies mit der s\u00fc\u00dfen und fruchtigen Mischung aus Kokosnuss und Mango.<\/strong><strong><\/strong><\/span><\/p>\n<p><span style=\"color: rgb(75, 80, 88);\">Diese Duftkombination bietet eine Flucht an sonnige K\u00fcsten mit dem k\u00f6stlichen Aroma reifer Mangos und den cremigen Untert\u00f6nen von Kokosnuss. Z\u00fcnden Sie dieses R\u00e4ucherst\u00e4bchen an, um Ihrem Raum eine urlaubs\u00e4hnliche Atmosph\u00e4re zu verleihen \u2013 perfekt, um Ihrer Umgebung einen Hauch von Sommer zu verleihen.<\/span><\/p>\n","protected":false},"excerpt":{"rendered":"<p>Machen Sie sich bereit, Ihre R\u00e4ucherst\u00e4bchensammlung mit den brandneuen Masala Backflow-R\u00e4ucherkegeln von Aromatika aufzupeppen! Jede Packung enth\u00e4lt 10 Backflow-R\u00e4ucherkegel in Sechseckform. Begeben Sie sich auf eine Sinnesreise in ein tropisches Paradies mit der s\u00fc\u00dfen und fruchtigen Mischung aus Kokosnuss und Mango. Diese Duftkombination bietet eine Flucht an sonnige K\u00fcsten mit dem k\u00f6stlichen Aroma reifer Mangos [&hellip;]<\/p>\n","protected":false},"featured_media":395141,"comment_status":"closed","ping_status":"open","template":"","meta":[],"product_brand":[27103],"product_cat":[15331,15152],"product_tag":[],"class_list":{"0":"post-223861","1":"product","2":"type-product","3":"status-publish","4":"has-post-thumbnail","6":"product_brand-aromatika","7":"product_cat-raucherkegel","8":"product_cat-raucherwerk-und-rauchergefasse","9":"pa_collection-masala-backflow-incense-pack-of-10-de","10":"pa_made-in-indien","12":"first","13":"instock","14":"purchasable","15":"product-type-simple"},"supplier_id":null,"supplier_sku":"ABFi-06","barcode":null,"atum_controlled":true,"out_stock_date":null,"out_stock_threshold":null,"inheritable":false,"inbound_stock":null,"stock_on_hold":0,"sold_today":0,"sales_last_days":0,"reserved_stock":null,"customer_returns":null,"warehouse_damage":null,"lost_in_post":null,"other_logs":null,"out_stock_days":0,"lost_sales":0,"has_location":null,"update_date":"2026-02-10T15:20:06","atum_locations":[],"atum_stock_status":"instock","restock_status":false,"low_stock_amount":"","sales_update_date":"2025-10-09T03:22:21","calc_backorders":null,"_links":{"self":[{"href":"https:\/\/aromasentia.com\/de\/wp-json\/wp\/v2\/product\/223861","targetHints":{"allow":["GET"]}}],"collection":[{"href":"https:\/\/aromasentia.com\/de\/wp-json\/wp\/v2\/product"}],"about":[{"href":"https:\/\/aromasentia.com\/de\/wp-json\/wp\/v2\/types\/product"}],"replies":[{"embeddable":true,"href":"https:\/\/aromasentia.com\/de\/wp-json\/wp\/v2\/comments?post=223861"}],"version-history":[{"count":0,"href":"https:\/\/aromasentia.com\/de\/wp-json\/wp\/v2\/product\/223861\/revisions"}],"wp:featuredmedia":[{"embeddable":true,"href":"https:\/\/aromasentia.com\/de\/wp-json\/wp\/v2\/media\/395141"}],"wp:attachment":[{"href":"https:\/\/aromasentia.com\/de\/wp-json\/wp\/v2\/media?parent=223861"}],"wp:term":[{"taxonomy":"product_brand","embeddable":true,"href":"https:\/\/aromasentia.com\/de\/wp-json\/wp\/v2\/product_brand?post=223861"},{"taxonomy":"product_cat","embeddable":true,"href":"https:\/\/aromasentia.com\/de\/wp-json\/wp\/v2\/product_cat?post=223861"},{"taxonomy":"product_tag","embeddable":true,"href":"https:\/\/aromasentia.com\/de\/wp-json\/wp\/v2\/product_tag?post=223861"}],"curies":[{"name":"wp","href":"https:\/\/api.w.org\/{rel}","templated":true}]}}