{"id":223853,"date":"2025-03-23T10:29:29","date_gmt":"2025-03-23T10:29:29","guid":{"rendered":"https:\/\/aromasentia.com\/product\/masala-backflow-incense-pack-of-10-aloe-vera\/"},"modified":"2025-12-30T19:45:04","modified_gmt":"2025-12-30T19:45:04","slug":"packung-mit-10-masala-backflow-raeucherstaebchen-aloe-vera","status":"publish","type":"product","link":"https:\/\/aromasentia.com\/de\/packung-mit-10-masala-backflow-raeucherstaebchen-aloe-vera\/","title":{"rendered":"Packung mit 10 Masala Backflow-R\u00e4ucherst\u00e4bchen \u2013 Aloe Vera"},"content":{"rendered":"<p><span style=\"color: rgb(75, 80, 88);\">Erweitern Sie Ihre R\u00e4ucherst\u00e4bchensammlung mit den brandneuen <strong>Masala Backflow R\u00e4ucherkegeln von Aromatika!<\/strong><\/span><\/p>\n<p><span style=\"color: rgb(75, 80, 88);\">Jede Packung enth\u00e4lt <strong>10 Backflow R\u00e4ucherkegel in Sechseckform.<\/strong><\/span><\/p>\n<p><strong><span style=\"color: rgb(75, 80, 88);\">Bringen Sie die wohltuende Essenz der Aloe Vera in Ihre Umgebung.<\/span><\/strong><\/p>\n<p><span style=\"color: rgb(75, 80, 88);\">Aloe Vera R\u00e4ucherst\u00e4bchen bieten einen frischen Kr\u00e4uterduft, der \u00fcber Verj\u00fcngung. Dieser Duft kann ein Gef\u00fchl der Erneuerung und Revitalisierung erzeugen und ist ideal, um eine ruhige und beruhigende Atmosph\u00e4re zu schaffen. Z\u00fcnden Sie ihn an, um Stress abzubauen und ein Gef\u00fchl des Wohlbefindens zu f\u00f6rdern.<\/span><\/p>\n","protected":false},"excerpt":{"rendered":"<p>Erweitern Sie Ihre R\u00e4ucherst\u00e4bchensammlung mit den brandneuen Masala Backflow R\u00e4ucherkegeln von Aromatika! Jede Packung enth\u00e4lt 10 Backflow R\u00e4ucherkegel in Sechseckform. Bringen Sie die wohltuende Essenz der Aloe Vera in Ihre Umgebung. Aloe Vera R\u00e4ucherst\u00e4bchen bieten einen frischen Kr\u00e4uterduft, der \u00fcber Verj\u00fcngung. Dieser Duft kann ein Gef\u00fchl der Erneuerung und Revitalisierung erzeugen und ist ideal, um [&hellip;]<\/p>\n","protected":false},"featured_media":395107,"comment_status":"closed","ping_status":"open","template":"","meta":[],"product_brand":[27103],"product_cat":[26579,25841,26840,15331,15152],"product_tag":[],"class_list":{"0":"post-223853","1":"product","2":"type-product","3":"status-publish","4":"has-post-thumbnail","6":"product_brand-aromatika","7":"product_cat-aloe-vera","8":"product_cat-dufte-aromen","9":"product_cat-frisch-sauber","10":"product_cat-raucherkegel","11":"product_cat-raucherwerk-und-rauchergefasse","12":"pa_collection-masala-backflow-incense-pack-of-10-de","13":"pa_made-in-indien","15":"first","16":"instock","17":"purchasable","18":"product-type-simple"},"supplier_id":null,"supplier_sku":"ABFi-04","barcode":null,"atum_controlled":true,"out_stock_date":null,"out_stock_threshold":null,"inheritable":false,"inbound_stock":null,"stock_on_hold":0,"sold_today":0,"sales_last_days":0,"reserved_stock":null,"customer_returns":null,"warehouse_damage":null,"lost_in_post":null,"other_logs":null,"out_stock_days":0,"lost_sales":0,"has_location":null,"update_date":"2026-02-10T15:23:20","atum_locations":[],"atum_stock_status":"instock","restock_status":false,"low_stock_amount":"","sales_update_date":"2025-10-09T03:22:21","calc_backorders":null,"_links":{"self":[{"href":"https:\/\/aromasentia.com\/de\/wp-json\/wp\/v2\/product\/223853","targetHints":{"allow":["GET"]}}],"collection":[{"href":"https:\/\/aromasentia.com\/de\/wp-json\/wp\/v2\/product"}],"about":[{"href":"https:\/\/aromasentia.com\/de\/wp-json\/wp\/v2\/types\/product"}],"replies":[{"embeddable":true,"href":"https:\/\/aromasentia.com\/de\/wp-json\/wp\/v2\/comments?post=223853"}],"version-history":[{"count":0,"href":"https:\/\/aromasentia.com\/de\/wp-json\/wp\/v2\/product\/223853\/revisions"}],"wp:featuredmedia":[{"embeddable":true,"href":"https:\/\/aromasentia.com\/de\/wp-json\/wp\/v2\/media\/395107"}],"wp:attachment":[{"href":"https:\/\/aromasentia.com\/de\/wp-json\/wp\/v2\/media?parent=223853"}],"wp:term":[{"taxonomy":"product_brand","embeddable":true,"href":"https:\/\/aromasentia.com\/de\/wp-json\/wp\/v2\/product_brand?post=223853"},{"taxonomy":"product_cat","embeddable":true,"href":"https:\/\/aromasentia.com\/de\/wp-json\/wp\/v2\/product_cat?post=223853"},{"taxonomy":"product_tag","embeddable":true,"href":"https:\/\/aromasentia.com\/de\/wp-json\/wp\/v2\/product_tag?post=223853"}],"curies":[{"name":"wp","href":"https:\/\/api.w.org\/{rel}","templated":true}]}}