{"id":223849,"date":"2025-03-23T10:29:29","date_gmt":"2025-03-23T10:29:29","guid":{"rendered":"https:\/\/aromasentia.com\/product\/masala-backflow-incense-pack-of-10-sandalwood-vanilla\/"},"modified":"2025-12-30T19:45:04","modified_gmt":"2025-12-30T19:45:04","slug":"packung-mit-10-masala-backflow-raeucherstaebchen-sandelholz-und-vanille","status":"publish","type":"product","link":"https:\/\/aromasentia.com\/de\/packung-mit-10-masala-backflow-raeucherstaebchen-sandelholz-und-vanille\/","title":{"rendered":"Packung mit 10 Masala Backflow-R\u00e4ucherst\u00e4bchen \u2013 Sandelholz und Vanille"},"content":{"rendered":"<p><span style=\"color: rgb(75, 80, 88);\">Machen Sie sich bereit, Ihre R\u00e4ucherst\u00e4bchensammlung mit den brandneuen <strong>Masala Backflow-R\u00e4ucherkegeln von Aromatika aufzupeppen!<\/strong><\/span><\/p>\n<p><span style=\"color: rgb(75, 80, 88);\">Jede Packung enth\u00e4lt <strong>10 Backflow-R\u00e4ucherkegel in Sechseckform.<\/strong><\/span><\/p>\n<p><span style=\"color: rgb(75, 80, 88);\"><strong>G\u00f6nnen Sie sich die warme und wohlige Umarmung von Sandelholz und Vanille.<\/strong><\/span><\/p>\n<p><span style=\"color: rgb(75, 80, 88);\">Diese einzigartige Kombination bietet ein s\u00fc\u00dfes und holziges Aroma, das die Sinne beruhigt. Sandelholz wird oft mit Entspannung und spirituellem Erwachen assoziiert, w\u00e4hrend Vanille einen Hauch von S\u00fc\u00dfe verleiht. Zusammen ergeben sie einen herrlichen und beruhigenden Duft, der perfekt zum Entspannen nach einem langen Tag ist.<\/span><\/p>\n","protected":false},"excerpt":{"rendered":"<p>Machen Sie sich bereit, Ihre R\u00e4ucherst\u00e4bchensammlung mit den brandneuen Masala Backflow-R\u00e4ucherkegeln von Aromatika aufzupeppen! Jede Packung enth\u00e4lt 10 Backflow-R\u00e4ucherkegel in Sechseckform. G\u00f6nnen Sie sich die warme und wohlige Umarmung von Sandelholz und Vanille. Diese einzigartige Kombination bietet ein s\u00fc\u00dfes und holziges Aroma, das die Sinne beruhigt. Sandelholz wird oft mit Entspannung und spirituellem Erwachen assoziiert, [&hellip;]<\/p>\n","protected":false},"featured_media":395090,"comment_status":"closed","ping_status":"open","template":"","meta":{"_angie_page":false},"product_brand":[27103],"product_cat":[25841,26896,15331,15152,26387],"product_tag":[],"class_list":{"0":"post-223849","1":"product","2":"type-product","3":"status-publish","4":"has-post-thumbnail","6":"product_brand-aromatika","7":"product_cat-dufte-aromen","8":"product_cat-holzig","9":"product_cat-raucherkegel","10":"product_cat-raucherwerk-und-rauchergefasse","11":"product_cat-sandelholz","12":"pa_collection-masala-backflow-incense-pack-of-10-de","13":"pa_made-in-indien","15":"first","16":"instock","17":"purchasable","18":"product-type-simple"},"supplier_id":null,"supplier_sku":"ABFi-03","barcode":null,"atum_controlled":true,"out_stock_date":null,"out_stock_threshold":null,"inheritable":false,"inbound_stock":null,"stock_on_hold":0,"sold_today":0,"sales_last_days":0,"reserved_stock":null,"customer_returns":null,"warehouse_damage":null,"lost_in_post":null,"other_logs":null,"out_stock_days":0,"lost_sales":0,"has_location":null,"update_date":"2026-04-27T06:48:53","atum_locations":[],"atum_stock_status":"instock","restock_status":false,"low_stock_amount":"","sales_update_date":"2026-01-20T05:14:07","calc_backorders":null,"_links":{"self":[{"href":"https:\/\/aromasentia.com\/de\/wp-json\/wp\/v2\/product\/223849","targetHints":{"allow":["GET"]}}],"collection":[{"href":"https:\/\/aromasentia.com\/de\/wp-json\/wp\/v2\/product"}],"about":[{"href":"https:\/\/aromasentia.com\/de\/wp-json\/wp\/v2\/types\/product"}],"replies":[{"embeddable":true,"href":"https:\/\/aromasentia.com\/de\/wp-json\/wp\/v2\/comments?post=223849"}],"version-history":[{"count":0,"href":"https:\/\/aromasentia.com\/de\/wp-json\/wp\/v2\/product\/223849\/revisions"}],"wp:featuredmedia":[{"embeddable":true,"href":"https:\/\/aromasentia.com\/de\/wp-json\/wp\/v2\/media\/395090"}],"wp:attachment":[{"href":"https:\/\/aromasentia.com\/de\/wp-json\/wp\/v2\/media?parent=223849"}],"wp:term":[{"taxonomy":"product_brand","embeddable":true,"href":"https:\/\/aromasentia.com\/de\/wp-json\/wp\/v2\/product_brand?post=223849"},{"taxonomy":"product_cat","embeddable":true,"href":"https:\/\/aromasentia.com\/de\/wp-json\/wp\/v2\/product_cat?post=223849"},{"taxonomy":"product_tag","embeddable":true,"href":"https:\/\/aromasentia.com\/de\/wp-json\/wp\/v2\/product_tag?post=223849"}],"curies":[{"name":"wp","href":"https:\/\/api.w.org\/{rel}","templated":true}]}}