{"id":223837,"date":"2025-03-23T10:29:38","date_gmt":"2025-03-23T10:29:38","guid":{"rendered":"https:\/\/aromasentia.com\/product\/banjara-buddha-wisdom\/"},"modified":"2025-12-30T19:45:04","modified_gmt":"2025-12-30T19:45:04","slug":"banjara-buddha-weisheit","status":"publish","type":"product","link":"https:\/\/aromasentia.com\/de\/banjara-buddha-weisheit\/","title":{"rendered":"Banjara Buddha &#8211; Weisheit"},"content":{"rendered":"<p>Genie\u00dfen Sie die Energie der Weisheit mit dieser wundersch\u00f6n gearbeiteten Banjara-Buddha-Figur. Jedes St\u00fcck ist einzigartig und spiegelt die nomadische Kunstfertigkeit des Banjara-Volkes wider. Stellen Sie diesen ruhigen Buddha in Ihren Raum, um Klarheit, Einsicht und Verst\u00e4ndnis zu f\u00f6rdern.<\/p>\n","protected":false},"excerpt":{"rendered":"<p>Genie\u00dfen Sie die Energie der Weisheit mit dieser wundersch\u00f6n gearbeiteten Banjara-Buddha-Figur. Jedes St\u00fcck ist einzigartig und spiegelt die nomadische Kunstfertigkeit des Banjara-Volkes wider. Stellen Sie diesen ruhigen Buddha in Ihren Raum, um Klarheit, Einsicht und Verst\u00e4ndnis zu f\u00f6rdern.<\/p>\n","protected":false},"featured_media":397211,"comment_status":"closed","ping_status":"open","template":"","meta":{"_angie_page":false},"product_brand":[27104],"product_cat":[15197,15152],"product_tag":[],"class_list":{"0":"post-223837","1":"product","2":"type-product","3":"status-publish","4":"has-post-thumbnail","6":"product_brand-banjara","7":"product_cat-raucherstabchen","8":"product_cat-raucherwerk-und-rauchergefasse","9":"pa_collection-banjara-buddha-incense-de","10":"pa_made-in-indien","12":"first","13":"instock","14":"purchasable","15":"product-type-simple"},"supplier_id":null,"supplier_sku":"BanBud-01","barcode":null,"atum_controlled":true,"out_stock_date":null,"out_stock_threshold":null,"inheritable":false,"inbound_stock":null,"stock_on_hold":0,"sold_today":0,"sales_last_days":0,"reserved_stock":null,"customer_returns":null,"warehouse_damage":null,"lost_in_post":null,"other_logs":null,"out_stock_days":0,"lost_sales":0,"has_location":null,"update_date":"2026-04-27T06:53:32","atum_locations":[],"atum_stock_status":"instock","restock_status":false,"low_stock_amount":"","sales_update_date":"2025-10-09T03:25:19","calc_backorders":null,"_links":{"self":[{"href":"https:\/\/aromasentia.com\/de\/wp-json\/wp\/v2\/product\/223837","targetHints":{"allow":["GET"]}}],"collection":[{"href":"https:\/\/aromasentia.com\/de\/wp-json\/wp\/v2\/product"}],"about":[{"href":"https:\/\/aromasentia.com\/de\/wp-json\/wp\/v2\/types\/product"}],"replies":[{"embeddable":true,"href":"https:\/\/aromasentia.com\/de\/wp-json\/wp\/v2\/comments?post=223837"}],"version-history":[{"count":0,"href":"https:\/\/aromasentia.com\/de\/wp-json\/wp\/v2\/product\/223837\/revisions"}],"wp:featuredmedia":[{"embeddable":true,"href":"https:\/\/aromasentia.com\/de\/wp-json\/wp\/v2\/media\/397211"}],"wp:attachment":[{"href":"https:\/\/aromasentia.com\/de\/wp-json\/wp\/v2\/media?parent=223837"}],"wp:term":[{"taxonomy":"product_brand","embeddable":true,"href":"https:\/\/aromasentia.com\/de\/wp-json\/wp\/v2\/product_brand?post=223837"},{"taxonomy":"product_cat","embeddable":true,"href":"https:\/\/aromasentia.com\/de\/wp-json\/wp\/v2\/product_cat?post=223837"},{"taxonomy":"product_tag","embeddable":true,"href":"https:\/\/aromasentia.com\/de\/wp-json\/wp\/v2\/product_tag?post=223837"}],"curies":[{"name":"wp","href":"https:\/\/api.w.org\/{rel}","templated":true}]}}