{"id":223821,"date":"2025-03-23T10:29:38","date_gmt":"2025-03-23T10:29:38","guid":{"rendered":"https:\/\/aromasentia.com\/product\/backflow-incense-burner-money-cat-tube\/"},"modified":"2025-12-30T19:44:56","modified_gmt":"2025-12-30T19:44:56","slug":"brunnen-raeuchergefaess-geldkatzenroehre","status":"publish","type":"product","link":"https:\/\/aromasentia.com\/de\/brunnen-raeuchergefaess-geldkatzenroehre\/","title":{"rendered":"Brunnen R\u00e4uchergef\u00e4\u00df &#8211; Geldkatzenr\u00f6hre"},"content":{"rendered":"<p><span style=\"color: rgb(75, 80, 88);\"><strong>Bringen Sie Wohlstand und Gl\u00fcck in Ihre Umgebung mit dem Money Cat Tube Backflow Incense Burner.<\/strong><\/span><\/p>\n<p><span style=\"color: rgb(75, 80, 88);\">Dieser Brenner mit seinem charmanten Katzendesign verleiht Ihrem Raum ein verspieltes Element. Der aufsteigende Rauch, der F\u00fclle symbolisiert, macht ihn zu einem einzigartigen und faszinierenden St\u00fcck, das \u00c4sthetik mit positiver Energie verbindet.<\/span><\/p>\n<p><span style=\"color: rgb(75, 80, 88);\">Sobald Sie Ihren R\u00e4ucherkegel angez\u00fcndet haben, beginnt er zu rauchen. Der Weihrauch ist schwerer als Luft und f\u00e4llt in dramatischen Wirbeln und Drehungen durch das Loch und \u00fcber den Gegenstand, um sich am Boden zu sammeln. Es ist unglaublich anzusehen und sehr entspannend.<\/span><\/p>\n<p><span style=\"color: rgb(75, 80, 88);\"><strong>Bitte beachten:<\/strong> Um den Rauchkaskadeneffekt zu erzeugen, m\u00fcssen Sie R\u00fcckfluss-R\u00e4ucherkegel verwenden.<\/span><\/p>\n","protected":false},"excerpt":{"rendered":"<p>Bringen Sie Wohlstand und Gl\u00fcck in Ihre Umgebung mit dem Money Cat Tube Backflow Incense Burner. Dieser Brenner mit seinem charmanten Katzendesign verleiht Ihrem Raum ein verspieltes Element. Der aufsteigende Rauch, der F\u00fclle symbolisiert, macht ihn zu einem einzigartigen und faszinierenden St\u00fcck, das \u00c4sthetik mit positiver Energie verbindet. Sobald Sie Ihren R\u00e4ucherkegel angez\u00fcndet haben, beginnt [&hellip;]<\/p>\n","protected":false},"featured_media":397135,"comment_status":"closed","ping_status":"open","template":"","meta":{"_angie_page":false},"product_brand":[],"product_cat":[15153,15152,15151],"product_tag":[],"class_list":{"0":"post-223821","1":"product","2":"type-product","3":"status-publish","4":"has-post-thumbnail","6":"product_cat-rauchergefasse-und-raucherstabchenhalter","7":"product_cat-raucherwerk-und-rauchergefasse","8":"product_cat-ruckfluss-weihrauchbrenner","9":"pa_collection-backflow-incense-burners-de","10":"pa_made-in-china","12":"first","13":"instock","14":"purchasable","15":"product-type-simple"},"supplier_id":null,"supplier_sku":"BackF-71","barcode":null,"atum_controlled":true,"out_stock_date":null,"out_stock_threshold":null,"inheritable":false,"inbound_stock":null,"stock_on_hold":0,"sold_today":0,"sales_last_days":0,"reserved_stock":null,"customer_returns":null,"warehouse_damage":null,"lost_in_post":null,"other_logs":null,"out_stock_days":0,"lost_sales":0,"has_location":null,"update_date":"2026-04-27T06:53:02","atum_locations":[],"atum_stock_status":"instock","restock_status":false,"low_stock_amount":"","sales_update_date":"2026-01-30T01:26:33","calc_backorders":null,"_links":{"self":[{"href":"https:\/\/aromasentia.com\/de\/wp-json\/wp\/v2\/product\/223821","targetHints":{"allow":["GET"]}}],"collection":[{"href":"https:\/\/aromasentia.com\/de\/wp-json\/wp\/v2\/product"}],"about":[{"href":"https:\/\/aromasentia.com\/de\/wp-json\/wp\/v2\/types\/product"}],"replies":[{"embeddable":true,"href":"https:\/\/aromasentia.com\/de\/wp-json\/wp\/v2\/comments?post=223821"}],"version-history":[{"count":0,"href":"https:\/\/aromasentia.com\/de\/wp-json\/wp\/v2\/product\/223821\/revisions"}],"wp:featuredmedia":[{"embeddable":true,"href":"https:\/\/aromasentia.com\/de\/wp-json\/wp\/v2\/media\/397135"}],"wp:attachment":[{"href":"https:\/\/aromasentia.com\/de\/wp-json\/wp\/v2\/media?parent=223821"}],"wp:term":[{"taxonomy":"product_brand","embeddable":true,"href":"https:\/\/aromasentia.com\/de\/wp-json\/wp\/v2\/product_brand?post=223821"},{"taxonomy":"product_cat","embeddable":true,"href":"https:\/\/aromasentia.com\/de\/wp-json\/wp\/v2\/product_cat?post=223821"},{"taxonomy":"product_tag","embeddable":true,"href":"https:\/\/aromasentia.com\/de\/wp-json\/wp\/v2\/product_tag?post=223821"}],"curies":[{"name":"wp","href":"https:\/\/api.w.org\/{rel}","templated":true}]}}