{"id":223817,"date":"2025-03-23T10:29:38","date_gmt":"2025-03-23T10:29:38","guid":{"rendered":"https:\/\/aromasentia.com\/product\/backflow-incense-burner-unity-tube\/"},"modified":"2025-12-30T19:44:56","modified_gmt":"2025-12-30T19:44:56","slug":"brunnen-raeuchergefaess-unity-roehre","status":"publish","type":"product","link":"https:\/\/aromasentia.com\/de\/brunnen-raeuchergefaess-unity-roehre\/","title":{"rendered":"Brunnen R\u00e4uchergef\u00e4\u00df &#8211; Unity-R\u00f6hre"},"content":{"rendered":"<p><span style=\"color: rgb(75, 80, 88);\"><strong>Entfachen Sie den Geist der Einheit und Harmonie mit unserem Unity Tube Backflow Incense Burner.<\/strong><\/span><\/p>\n<p><span style=\"color: rgb(75, 80, 88);\">Das schlanke und moderne Design dieses Brenners strahlt Schlichtheit und Eleganz aus. W\u00e4hrend der Backflow-R\u00e4ucherkegel seinen Duft freisetzt, erleben Sie die Einheit von Geruch und Anblick, w\u00e4hrend der Rauch anmutig durch das Rohr str\u00f6mt und eine beruhigende und besinnliche Atmosph\u00e4re schafft.<\/span><\/p>\n<p><span style=\"color: rgb(75, 80, 88);\">Sobald Sie Ihren R\u00e4ucherkegel angez\u00fcndet haben, beginnt er zu rauchen. Der Weihrauch ist schwerer als Luft und f\u00e4llt in dramatischen Wirbeln und Drehungen durch das Loch und \u00fcber den Gegenstand, um sich am Boden zu sammeln. Es ist unglaublich anzusehen und sehr entspannend.<\/span><\/p>\n<p><span style=\"color: rgb(75, 80, 88);\"><strong>Bitte beachten: <\/strong>Um den Rauchkaskadeneffekt zu erzeugen, m\u00fcssen Sie R\u00fcckfluss-R\u00e4ucherkegel verwenden.<\/span><\/p>\n","protected":false},"excerpt":{"rendered":"<p>Entfachen Sie den Geist der Einheit und Harmonie mit unserem Unity Tube Backflow Incense Burner. Das schlanke und moderne Design dieses Brenners strahlt Schlichtheit und Eleganz aus. W\u00e4hrend der Backflow-R\u00e4ucherkegel seinen Duft freisetzt, erleben Sie die Einheit von Geruch und Anblick, w\u00e4hrend der Rauch anmutig durch das Rohr str\u00f6mt und eine beruhigende und besinnliche Atmosph\u00e4re [&hellip;]<\/p>\n","protected":false},"featured_media":397126,"comment_status":"closed","ping_status":"open","template":"","meta":{"_angie_page":false},"product_brand":[],"product_cat":[15153,15152,15151],"product_tag":[],"class_list":{"0":"post-223817","1":"product","2":"type-product","3":"status-publish","4":"has-post-thumbnail","6":"product_cat-rauchergefasse-und-raucherstabchenhalter","7":"product_cat-raucherwerk-und-rauchergefasse","8":"product_cat-ruckfluss-weihrauchbrenner","9":"pa_collection-backflow-incense-burners-de","10":"pa_made-in-china","12":"first","13":"instock","14":"purchasable","15":"product-type-simple"},"supplier_id":null,"supplier_sku":"BackF-70","barcode":null,"atum_controlled":true,"out_stock_date":null,"out_stock_threshold":null,"inheritable":false,"inbound_stock":null,"stock_on_hold":0,"sold_today":0,"sales_last_days":0,"reserved_stock":null,"customer_returns":null,"warehouse_damage":null,"lost_in_post":null,"other_logs":null,"out_stock_days":0,"lost_sales":0,"has_location":null,"update_date":"2026-04-29T05:09:16","atum_locations":[],"atum_stock_status":"instock","restock_status":false,"low_stock_amount":"","sales_update_date":"2026-01-20T05:14:14","calc_backorders":null,"_links":{"self":[{"href":"https:\/\/aromasentia.com\/de\/wp-json\/wp\/v2\/product\/223817","targetHints":{"allow":["GET"]}}],"collection":[{"href":"https:\/\/aromasentia.com\/de\/wp-json\/wp\/v2\/product"}],"about":[{"href":"https:\/\/aromasentia.com\/de\/wp-json\/wp\/v2\/types\/product"}],"replies":[{"embeddable":true,"href":"https:\/\/aromasentia.com\/de\/wp-json\/wp\/v2\/comments?post=223817"}],"version-history":[{"count":0,"href":"https:\/\/aromasentia.com\/de\/wp-json\/wp\/v2\/product\/223817\/revisions"}],"wp:featuredmedia":[{"embeddable":true,"href":"https:\/\/aromasentia.com\/de\/wp-json\/wp\/v2\/media\/397126"}],"wp:attachment":[{"href":"https:\/\/aromasentia.com\/de\/wp-json\/wp\/v2\/media?parent=223817"}],"wp:term":[{"taxonomy":"product_brand","embeddable":true,"href":"https:\/\/aromasentia.com\/de\/wp-json\/wp\/v2\/product_brand?post=223817"},{"taxonomy":"product_cat","embeddable":true,"href":"https:\/\/aromasentia.com\/de\/wp-json\/wp\/v2\/product_cat?post=223817"},{"taxonomy":"product_tag","embeddable":true,"href":"https:\/\/aromasentia.com\/de\/wp-json\/wp\/v2\/product_tag?post=223817"}],"curies":[{"name":"wp","href":"https:\/\/api.w.org\/{rel}","templated":true}]}}