{"id":223793,"date":"2025-03-23T10:29:38","date_gmt":"2025-03-23T10:29:38","guid":{"rendered":"https:\/\/aromasentia.com\/product\/backflow-incense-burner-weeping-skull-with-light\/"},"modified":"2025-12-30T19:44:56","modified_gmt":"2025-12-30T19:44:56","slug":"rueckfluss-raeuchergefaess-weinender-totenkopf-mit-licht","status":"publish","type":"product","link":"https:\/\/aromasentia.com\/de\/rueckfluss-raeuchergefaess-weinender-totenkopf-mit-licht\/","title":{"rendered":"R\u00fcckfluss-R\u00e4uchergef\u00e4\u00df \u2013 Weinender Totenkopf (mit Licht)"},"content":{"rendered":"<p><span style=\"color: rgb(75, 80, 88);\"><strong>Der R\u00fcckfluss-R\u00e4uchergef\u00e4\u00df<\/strong> wurde speziell daf\u00fcr entwickelt, Rauch zu erzeugen, der in Kaskaden nach unten str\u00f6mt und dramatisch den Turm hinunterstr\u00f6mt. Dies erzeugt einen atemberaubenden Effekt, der die Aufmerksamkeit Ihrer Kunden auf sich ziehen wird.<\/span><\/p>\n<p><span style=\"color: rgb(75, 80, 88);\">Sobald Sie Ihren R\u00e4ucherkegel angez\u00fcndet haben, beginnt er zu rauchen. Der Weihrauch ist schwerer als Luft und f\u00e4llt in dramatischen Wirbeln und Drehungen durch das Loch und \u00fcber den Gegenstand nach unten, um sich unten zu sammeln. Es ist unglaublich anzusehen und sehr entspannend.<\/span><\/p>\n<p><span style=\"color: rgb(75, 80, 88);\">F\u00fcr alle mit einer Vorliebe f\u00fcr das Gotische und Mysteri\u00f6se ist das <strong>Weeping Skull R\u00fcckfluss-R\u00e4uchergef\u00e4\u00df<\/strong> eine atemberaubende Wahl. Ein wundersch\u00f6n detaillierter Totenkopf, der \u201eTr\u00e4nen\u201c vergie\u00dft aus duftendem Rauch verleiht jedem Raum einen Hauch dunkler Eleganz. Es ist ein Gespr\u00e4chsstarter und ein einzigartiges Kunstwerk f\u00fcr den Makabre-Liebhaber.<\/span><\/p>\n<p><span style=\"color: rgb(75, 80, 88);\"><strong>Bitte beachten: Um den Rauchkaskadeneffekt zu erzeugen, ben\u00f6tigen Sie R\u00fcckfluss-R\u00e4ucherkegel.<\/strong><\/span><\/p>\n","protected":false},"excerpt":{"rendered":"<p>Der R\u00fcckfluss-R\u00e4uchergef\u00e4\u00df wurde speziell daf\u00fcr entwickelt, Rauch zu erzeugen, der in Kaskaden nach unten str\u00f6mt und dramatisch den Turm hinunterstr\u00f6mt. Dies erzeugt einen atemberaubenden Effekt, der die Aufmerksamkeit Ihrer Kunden auf sich ziehen wird. Sobald Sie Ihren R\u00e4ucherkegel angez\u00fcndet haben, beginnt er zu rauchen. Der Weihrauch ist schwerer als Luft und f\u00e4llt in dramatischen Wirbeln [&hellip;]<\/p>\n","protected":false},"featured_media":397024,"comment_status":"closed","ping_status":"open","template":"","meta":{"_angie_page":false},"product_brand":[],"product_cat":[15153,15152,15151],"product_tag":[],"class_list":{"0":"post-223793","1":"product","2":"type-product","3":"status-publish","4":"has-post-thumbnail","6":"product_cat-rauchergefasse-und-raucherstabchenhalter","7":"product_cat-raucherwerk-und-rauchergefasse","8":"product_cat-ruckfluss-weihrauchbrenner","9":"pa_collection-backflow-incense-burners-de","10":"pa_made-in-china","12":"first","13":"instock","14":"purchasable","15":"product-type-simple"},"supplier_id":null,"supplier_sku":"BackF-63","barcode":null,"atum_controlled":true,"out_stock_date":null,"out_stock_threshold":null,"inheritable":false,"inbound_stock":null,"stock_on_hold":0,"sold_today":0,"sales_last_days":0,"reserved_stock":null,"customer_returns":null,"warehouse_damage":null,"lost_in_post":null,"other_logs":null,"out_stock_days":0,"lost_sales":0,"has_location":null,"update_date":"2026-04-30T19:05:32","atum_locations":[],"atum_stock_status":"instock","restock_status":false,"low_stock_amount":"","sales_update_date":"2025-10-09T03:24:58","calc_backorders":null,"_links":{"self":[{"href":"https:\/\/aromasentia.com\/de\/wp-json\/wp\/v2\/product\/223793","targetHints":{"allow":["GET"]}}],"collection":[{"href":"https:\/\/aromasentia.com\/de\/wp-json\/wp\/v2\/product"}],"about":[{"href":"https:\/\/aromasentia.com\/de\/wp-json\/wp\/v2\/types\/product"}],"replies":[{"embeddable":true,"href":"https:\/\/aromasentia.com\/de\/wp-json\/wp\/v2\/comments?post=223793"}],"version-history":[{"count":0,"href":"https:\/\/aromasentia.com\/de\/wp-json\/wp\/v2\/product\/223793\/revisions"}],"wp:featuredmedia":[{"embeddable":true,"href":"https:\/\/aromasentia.com\/de\/wp-json\/wp\/v2\/media\/397024"}],"wp:attachment":[{"href":"https:\/\/aromasentia.com\/de\/wp-json\/wp\/v2\/media?parent=223793"}],"wp:term":[{"taxonomy":"product_brand","embeddable":true,"href":"https:\/\/aromasentia.com\/de\/wp-json\/wp\/v2\/product_brand?post=223793"},{"taxonomy":"product_cat","embeddable":true,"href":"https:\/\/aromasentia.com\/de\/wp-json\/wp\/v2\/product_cat?post=223793"},{"taxonomy":"product_tag","embeddable":true,"href":"https:\/\/aromasentia.com\/de\/wp-json\/wp\/v2\/product_tag?post=223793"}],"curies":[{"name":"wp","href":"https:\/\/api.w.org\/{rel}","templated":true}]}}