{"id":223789,"date":"2025-03-23T10:29:38","date_gmt":"2025-03-23T10:29:38","guid":{"rendered":"https:\/\/aromasentia.com\/product\/backflow-incense-burner-zen-pebbles-classic\/"},"modified":"2025-12-30T19:44:48","modified_gmt":"2025-12-30T19:44:48","slug":"backflow-raeuchergefaess-zen-pebbles-classic","status":"publish","type":"product","link":"https:\/\/aromasentia.com\/de\/backflow-raeuchergefaess-zen-pebbles-classic\/","title":{"rendered":"Backflow-R\u00e4uchergef\u00e4\u00df \u2013 Zen Pebbles Classic"},"content":{"rendered":"<p><strong><span style=\"color: rgb(75, 80, 88);\">Backflow-R\u00e4uchergef\u00e4\u00df<\/span><\/strong><span style=\"color: rgb(75, 80, 88);\">wurde speziell daf\u00fcr entwickelt, Rauch zu erzeugen, der nach unten str\u00f6mt und dramatisch den Turm hinunterstr\u00f6mt \u2013 ein atemberaubender Effekt, der die Aufmerksamkeit Ihrer Kunden auf sich zieht.<\/span><\/p>\n<p><span style=\"color: rgb(75, 80, 88);\">Sobald Sie Ihren R\u00e4ucherkegel angez\u00fcndet haben, beginnt er zu rauchen. Der Weihrauch ist schwerer als Luft und f\u00e4llt in dramatischen Wirbeln und Drehungen durch das Loch und \u00fcber den Gegenstand, um sich am Boden zu sammeln. Es ist unglaublich anzusehen und sehr entspannend.<\/span><\/p>\n<p><span style=\"color: rgb(75, 80, 88);\">Finden Sie Ruhe und Einfachheit im <strong>Zen Pebbles Backflow-R\u00e4uchergef\u00e4\u00df<\/strong>. Dieser R\u00e4ucherbrenner imitiert die Ruhe eines mit Kieselsteinen \u00fcbers\u00e4ten Zen-Gartens und besticht durch sein minimalistisches Design. Platzieren Sie Ihren R\u00e4ucherkegel auf der Kieselformation und beobachten Sie, wie der duftende Rauch beim Schwelen sanft zwischen den Kieselsteinen hindurchstr\u00f6mt und eine beruhigende und meditative Atmosph\u00e4re schafft. Perfekt f\u00fcr alle, die die friedliche Essenz eines Zen-Gartens in ihrem Wohnraum suchen.<\/span><\/p>\n<p><strong><span style=\"color: rgb(75, 80, 88);\">Hinweis: F\u00fcr den Rauchkaskadeneffekt ben\u00f6tigen Sie R\u00fcckfluss-R\u00e4ucherkegel.<\/span><\/strong><\/p>\n","protected":false},"excerpt":{"rendered":"<p>Backflow-R\u00e4uchergef\u00e4\u00dfwurde speziell daf\u00fcr entwickelt, Rauch zu erzeugen, der nach unten str\u00f6mt und dramatisch den Turm hinunterstr\u00f6mt \u2013 ein atemberaubender Effekt, der die Aufmerksamkeit Ihrer Kunden auf sich zieht. Sobald Sie Ihren R\u00e4ucherkegel angez\u00fcndet haben, beginnt er zu rauchen. Der Weihrauch ist schwerer als Luft und f\u00e4llt in dramatischen Wirbeln und Drehungen durch das Loch und [&hellip;]<\/p>\n","protected":false},"featured_media":397015,"comment_status":"closed","ping_status":"open","template":"","meta":[],"product_brand":[],"product_cat":[15153,15152,15151],"product_tag":[],"class_list":{"0":"post-223789","1":"product","2":"type-product","3":"status-publish","4":"has-post-thumbnail","6":"product_cat-rauchergefasse-und-raucherstabchenhalter","7":"product_cat-raucherwerk-und-rauchergefasse","8":"product_cat-ruckfluss-weihrauchbrenner","9":"pa_collection-backflow-incense-burners-de","10":"pa_made-in-china","12":"first","13":"instock","14":"purchasable","15":"product-type-simple"},"supplier_id":null,"supplier_sku":"BackF-62","barcode":null,"atum_controlled":true,"out_stock_date":null,"out_stock_threshold":null,"inheritable":false,"inbound_stock":null,"stock_on_hold":0,"sold_today":0,"sales_last_days":0,"reserved_stock":null,"customer_returns":null,"warehouse_damage":null,"lost_in_post":null,"other_logs":null,"out_stock_days":0,"lost_sales":0,"has_location":null,"update_date":"2026-01-29T22:30:37","atum_locations":[],"atum_stock_status":"instock","restock_status":false,"low_stock_amount":"","sales_update_date":"2025-10-09T03:24:56","calc_backorders":null,"_links":{"self":[{"href":"https:\/\/aromasentia.com\/de\/wp-json\/wp\/v2\/product\/223789","targetHints":{"allow":["GET"]}}],"collection":[{"href":"https:\/\/aromasentia.com\/de\/wp-json\/wp\/v2\/product"}],"about":[{"href":"https:\/\/aromasentia.com\/de\/wp-json\/wp\/v2\/types\/product"}],"replies":[{"embeddable":true,"href":"https:\/\/aromasentia.com\/de\/wp-json\/wp\/v2\/comments?post=223789"}],"version-history":[{"count":0,"href":"https:\/\/aromasentia.com\/de\/wp-json\/wp\/v2\/product\/223789\/revisions"}],"wp:featuredmedia":[{"embeddable":true,"href":"https:\/\/aromasentia.com\/de\/wp-json\/wp\/v2\/media\/397015"}],"wp:attachment":[{"href":"https:\/\/aromasentia.com\/de\/wp-json\/wp\/v2\/media?parent=223789"}],"wp:term":[{"taxonomy":"product_brand","embeddable":true,"href":"https:\/\/aromasentia.com\/de\/wp-json\/wp\/v2\/product_brand?post=223789"},{"taxonomy":"product_cat","embeddable":true,"href":"https:\/\/aromasentia.com\/de\/wp-json\/wp\/v2\/product_cat?post=223789"},{"taxonomy":"product_tag","embeddable":true,"href":"https:\/\/aromasentia.com\/de\/wp-json\/wp\/v2\/product_tag?post=223789"}],"curies":[{"name":"wp","href":"https:\/\/api.w.org\/{rel}","templated":true}]}}