{"id":223785,"date":"2025-03-23T10:29:38","date_gmt":"2025-03-23T10:29:38","guid":{"rendered":"https:\/\/aromasentia.com\/product\/backflow-incense-burner-lotus-flower\/"},"modified":"2025-12-30T19:44:48","modified_gmt":"2025-12-30T19:44:48","slug":"rueckfluss-raeuchergefaess-lotusbluete","status":"publish","type":"product","link":"https:\/\/aromasentia.com\/de\/rueckfluss-raeuchergefaess-lotusbluete\/","title":{"rendered":"R\u00fcckfluss-R\u00e4uchergef\u00e4\u00df &#8211; Lotusbl\u00fcte"},"content":{"rendered":"<p><span style=\"color: rgb(75, 80, 88);\"><strong>Der R\u00fcckfluss-R\u00e4uchergef\u00e4\u00df<\/strong> wurde speziell daf\u00fcr entwickelt, Rauch zu erzeugen, der nach unten str\u00f6mt und dramatisch den Turm hinunterstr\u00f6mt. Dies erzeugt einen atemberaubenden Effekt, der die Aufmerksamkeit Ihrer Kunden auf sich zieht.<\/span><\/p>\n<p><span style=\"color: rgb(75, 80, 88);\">Sobald Sie Ihren R\u00e4ucherkegel angez\u00fcndet haben, beginnt er zu rauchen. Der Weihrauch ist schwerer als Luft und f\u00e4llt in dramatischen Wirbeln und Drehungen durch das Loch und \u00fcber den Gegenstand nach unten, um sich am Boden zu sammeln. Es ist unglaublich anzusehen und sehr entspannend.<\/span><\/p>\n<p><span style=\"color: rgb(75, 80, 88);\">Finden Sie inneren Frieden und Erleuchtung mit dem <strong>Lotusblumen-R\u00fcckfluss-R\u00e4uchergef\u00e4\u00df<\/strong>. Eine zart geformte Lotusblume sitzt auf einem ruhigen Teich. W\u00e4hrend der R\u00e4ucherkegel glimmt, entsteht ein ruhiger Wasserfall aus Rauch, der um die Lotusbl\u00fctenbl\u00e4tter flie\u00dft und Reinheit und spirituelles Erwachen symbolisiert.<\/span><\/p>\n<p><span style=\"color: rgb(75, 80, 88);\"><strong>Bitte beachten: Um den Rauchkaskadeneffekt zu erzeugen, m\u00fcssen Sie R\u00fcckfluss-R\u00e4ucherkegel verwenden.<\/strong><\/span><\/p>\n","protected":false},"excerpt":{"rendered":"<p>Der R\u00fcckfluss-R\u00e4uchergef\u00e4\u00df wurde speziell daf\u00fcr entwickelt, Rauch zu erzeugen, der nach unten str\u00f6mt und dramatisch den Turm hinunterstr\u00f6mt. Dies erzeugt einen atemberaubenden Effekt, der die Aufmerksamkeit Ihrer Kunden auf sich zieht. Sobald Sie Ihren R\u00e4ucherkegel angez\u00fcndet haben, beginnt er zu rauchen. Der Weihrauch ist schwerer als Luft und f\u00e4llt in dramatischen Wirbeln und Drehungen durch [&hellip;]<\/p>\n","protected":false},"featured_media":396998,"comment_status":"closed","ping_status":"open","template":"","meta":{"_angie_page":false},"product_brand":[],"product_cat":[15153,15152,15151],"product_tag":[],"class_list":{"0":"post-223785","1":"product","2":"type-product","3":"status-publish","4":"has-post-thumbnail","6":"product_cat-rauchergefasse-und-raucherstabchenhalter","7":"product_cat-raucherwerk-und-rauchergefasse","8":"product_cat-ruckfluss-weihrauchbrenner","9":"pa_collection-backflow-incense-burners-de","10":"pa_made-in-china","12":"first","13":"instock","14":"purchasable","15":"product-type-simple"},"supplier_id":null,"supplier_sku":"BackF-61","barcode":null,"atum_controlled":true,"out_stock_date":null,"out_stock_threshold":null,"inheritable":false,"inbound_stock":null,"stock_on_hold":0,"sold_today":0,"sales_last_days":0,"reserved_stock":null,"customer_returns":null,"warehouse_damage":null,"lost_in_post":null,"other_logs":null,"out_stock_days":0,"lost_sales":0,"has_location":null,"update_date":"2026-05-08T05:04:55","atum_locations":[],"atum_stock_status":"instock","restock_status":false,"low_stock_amount":"","sales_update_date":"2026-01-30T01:26:30","calc_backorders":null,"_links":{"self":[{"href":"https:\/\/aromasentia.com\/de\/wp-json\/wp\/v2\/product\/223785","targetHints":{"allow":["GET"]}}],"collection":[{"href":"https:\/\/aromasentia.com\/de\/wp-json\/wp\/v2\/product"}],"about":[{"href":"https:\/\/aromasentia.com\/de\/wp-json\/wp\/v2\/types\/product"}],"replies":[{"embeddable":true,"href":"https:\/\/aromasentia.com\/de\/wp-json\/wp\/v2\/comments?post=223785"}],"version-history":[{"count":0,"href":"https:\/\/aromasentia.com\/de\/wp-json\/wp\/v2\/product\/223785\/revisions"}],"wp:featuredmedia":[{"embeddable":true,"href":"https:\/\/aromasentia.com\/de\/wp-json\/wp\/v2\/media\/396998"}],"wp:attachment":[{"href":"https:\/\/aromasentia.com\/de\/wp-json\/wp\/v2\/media?parent=223785"}],"wp:term":[{"taxonomy":"product_brand","embeddable":true,"href":"https:\/\/aromasentia.com\/de\/wp-json\/wp\/v2\/product_brand?post=223785"},{"taxonomy":"product_cat","embeddable":true,"href":"https:\/\/aromasentia.com\/de\/wp-json\/wp\/v2\/product_cat?post=223785"},{"taxonomy":"product_tag","embeddable":true,"href":"https:\/\/aromasentia.com\/de\/wp-json\/wp\/v2\/product_tag?post=223785"}],"curies":[{"name":"wp","href":"https:\/\/api.w.org\/{rel}","templated":true}]}}