{"id":223761,"date":"2025-03-23T10:29:38","date_gmt":"2025-03-23T10:29:38","guid":{"rendered":"https:\/\/aromasentia.com\/product\/backflow-incense-burner-dragon-waterfall\/"},"modified":"2025-12-30T19:44:48","modified_gmt":"2025-12-30T19:44:48","slug":"brunnen-raeuchergefaess-drachen-wasserfall","status":"publish","type":"product","link":"https:\/\/aromasentia.com\/de\/brunnen-raeuchergefaess-drachen-wasserfall\/","title":{"rendered":"Brunnen R\u00e4uchergef\u00e4\u00df &#8211; Drachen Wasserfall"},"content":{"rendered":"<p><strong><span style=\"color: rgb(75, 80, 88);\">R\u00fcckfluss-R\u00e4uchergef\u00e4\u00df \u2013 Drachenwasserfall<\/span><\/strong><span style=\"color: rgb(75, 80, 88);\">Der R\u00fcckfluss-R\u00e4uchergef\u00e4\u00df wurde speziell entwickelt, um kaskadenartig nach unten str\u00f6menden Rauch zu erzeugen, der dramatisch den Turm hinunterstr\u00f6mt und einen atemberaubenden Effekt erzeugt, der die Aufmerksamkeit Ihrer Kunden auf sich zieht. Es ist unglaublich anzusehen und sehr entspannend. Geeignet f\u00fcr Zuhause, B\u00fcro, Teehaus, Meditation, Yogastudio&#8230;<\/span><\/p>\n","protected":false},"excerpt":{"rendered":"<p>R\u00fcckfluss-R\u00e4uchergef\u00e4\u00df \u2013 DrachenwasserfallDer R\u00fcckfluss-R\u00e4uchergef\u00e4\u00df wurde speziell entwickelt, um kaskadenartig nach unten str\u00f6menden Rauch zu erzeugen, der dramatisch den Turm hinunterstr\u00f6mt und einen atemberaubenden Effekt erzeugt, der die Aufmerksamkeit Ihrer Kunden auf sich zieht. Es ist unglaublich anzusehen und sehr entspannend. Geeignet f\u00fcr Zuhause, B\u00fcro, Teehaus, Meditation, Yogastudio&#8230;<\/p>\n","protected":false},"featured_media":396912,"comment_status":"closed","ping_status":"open","template":"","meta":[],"product_brand":[],"product_cat":[15153,15152,15151],"product_tag":[],"class_list":{"0":"post-223761","1":"product","2":"type-product","3":"status-publish","4":"has-post-thumbnail","6":"product_cat-rauchergefasse-und-raucherstabchenhalter","7":"product_cat-raucherwerk-und-rauchergefasse","8":"product_cat-ruckfluss-weihrauchbrenner","9":"pa_collection-backflow-incense-burners-de","10":"pa_made-in-china","12":"first","13":"instock","14":"purchasable","15":"product-type-simple"},"supplier_id":null,"supplier_sku":"BackF-33","barcode":null,"atum_controlled":true,"out_stock_date":null,"out_stock_threshold":null,"inheritable":false,"inbound_stock":null,"stock_on_hold":0,"sold_today":0,"sales_last_days":0,"reserved_stock":null,"customer_returns":null,"warehouse_damage":null,"lost_in_post":null,"other_logs":null,"out_stock_days":0,"lost_sales":0,"has_location":null,"update_date":"2026-02-06T00:02:16","atum_locations":[],"atum_stock_status":"instock","restock_status":false,"low_stock_amount":"","sales_update_date":"2026-02-06T00:02:16","calc_backorders":null,"_links":{"self":[{"href":"https:\/\/aromasentia.com\/de\/wp-json\/wp\/v2\/product\/223761","targetHints":{"allow":["GET"]}}],"collection":[{"href":"https:\/\/aromasentia.com\/de\/wp-json\/wp\/v2\/product"}],"about":[{"href":"https:\/\/aromasentia.com\/de\/wp-json\/wp\/v2\/types\/product"}],"replies":[{"embeddable":true,"href":"https:\/\/aromasentia.com\/de\/wp-json\/wp\/v2\/comments?post=223761"}],"version-history":[{"count":0,"href":"https:\/\/aromasentia.com\/de\/wp-json\/wp\/v2\/product\/223761\/revisions"}],"wp:featuredmedia":[{"embeddable":true,"href":"https:\/\/aromasentia.com\/de\/wp-json\/wp\/v2\/media\/396912"}],"wp:attachment":[{"href":"https:\/\/aromasentia.com\/de\/wp-json\/wp\/v2\/media?parent=223761"}],"wp:term":[{"taxonomy":"product_brand","embeddable":true,"href":"https:\/\/aromasentia.com\/de\/wp-json\/wp\/v2\/product_brand?post=223761"},{"taxonomy":"product_cat","embeddable":true,"href":"https:\/\/aromasentia.com\/de\/wp-json\/wp\/v2\/product_cat?post=223761"},{"taxonomy":"product_tag","embeddable":true,"href":"https:\/\/aromasentia.com\/de\/wp-json\/wp\/v2\/product_tag?post=223761"}],"curies":[{"name":"wp","href":"https:\/\/api.w.org\/{rel}","templated":true}]}}