{"id":223749,"date":"2025-03-23T10:29:38","date_gmt":"2025-03-23T10:29:38","guid":{"rendered":"https:\/\/aromasentia.com\/product\/backflow-incense-burner-dragon-in-mountain\/"},"modified":"2025-12-30T19:44:39","modified_gmt":"2025-12-30T19:44:39","slug":"brunnen-raeuchergefaess-drache-im-berg","status":"publish","type":"product","link":"https:\/\/aromasentia.com\/de\/brunnen-raeuchergefaess-drache-im-berg\/","title":{"rendered":"Brunnen R\u00e4uchergef\u00e4\u00df &#8211; Drache im Berg"},"content":{"rendered":"<p>Entspannen Sie sich beim Anblick des Rauchs, der sanft flie\u00dfendes Wasser nachahmt und \u00fcber diesen wundersch\u00f6n gefertigten R\u00e4uchergef\u00e4\u00df str\u00f6mt. <strong>Der Backflow-R\u00e4uchergef\u00e4\u00df \u201eDrache im Berg\u201c<\/strong> wurde speziell f\u00fcr die Erzeugung von kaskadenf\u00f6rmigem Rauch entwickelt. Sobald der Backflow-R\u00e4ucherkegel angez\u00fcndet und an der daf\u00fcr vorgesehenen Stelle platziert wird, entsteht Rauch, der den Turm hinunterstr\u00f6mt \u2013 ein atemberaubender Effekt, der alle Blicke auf sich zieht. <nbsp;<\/p>\n<p>Hinweis: F\u00fcr den Rauchkaskadeneffekt ben\u00f6tigen Sie Backflow-R\u00e4ucherkegel.<\/p>\n","protected":false},"excerpt":{"rendered":"<p>Entspannen Sie sich beim Anblick des Rauchs, der sanft flie\u00dfendes Wasser nachahmt und \u00fcber diesen wundersch\u00f6n gefertigten R\u00e4uchergef\u00e4\u00df str\u00f6mt. Der Backflow-R\u00e4uchergef\u00e4\u00df \u201eDrache im Berg\u201c wurde speziell f\u00fcr die Erzeugung von kaskadenf\u00f6rmigem Rauch entwickelt. Sobald der Backflow-R\u00e4ucherkegel angez\u00fcndet und an der daf\u00fcr vorgesehenen Stelle platziert wird, entsteht Rauch, der den Turm hinunterstr\u00f6mt \u2013 ein atemberaubender Effekt, [&hellip;]<\/p>\n","protected":false},"featured_media":396837,"comment_status":"closed","ping_status":"open","template":"","meta":[],"product_brand":[],"product_cat":[15153,15152,15151],"product_tag":[],"class_list":{"0":"post-223749","1":"product","2":"type-product","3":"status-publish","4":"has-post-thumbnail","6":"product_cat-rauchergefasse-und-raucherstabchenhalter","7":"product_cat-raucherwerk-und-rauchergefasse","8":"product_cat-ruckfluss-weihrauchbrenner","9":"pa_collection-backflow-incense-burners-de","10":"pa_made-in-china","12":"first","13":"instock","14":"purchasable","15":"product-type-simple"},"supplier_id":null,"supplier_sku":"BackF-13A","barcode":null,"atum_controlled":true,"out_stock_date":null,"out_stock_threshold":null,"inheritable":false,"inbound_stock":null,"stock_on_hold":0,"sold_today":0,"sales_last_days":0,"reserved_stock":null,"customer_returns":null,"warehouse_damage":null,"lost_in_post":null,"other_logs":null,"out_stock_days":0,"lost_sales":0,"has_location":null,"update_date":"2026-02-09T14:53:10","atum_locations":[],"atum_stock_status":"instock","restock_status":false,"low_stock_amount":"","sales_update_date":"2026-02-06T00:01:38","calc_backorders":null,"_links":{"self":[{"href":"https:\/\/aromasentia.com\/de\/wp-json\/wp\/v2\/product\/223749","targetHints":{"allow":["GET"]}}],"collection":[{"href":"https:\/\/aromasentia.com\/de\/wp-json\/wp\/v2\/product"}],"about":[{"href":"https:\/\/aromasentia.com\/de\/wp-json\/wp\/v2\/types\/product"}],"replies":[{"embeddable":true,"href":"https:\/\/aromasentia.com\/de\/wp-json\/wp\/v2\/comments?post=223749"}],"version-history":[{"count":0,"href":"https:\/\/aromasentia.com\/de\/wp-json\/wp\/v2\/product\/223749\/revisions"}],"wp:featuredmedia":[{"embeddable":true,"href":"https:\/\/aromasentia.com\/de\/wp-json\/wp\/v2\/media\/396837"}],"wp:attachment":[{"href":"https:\/\/aromasentia.com\/de\/wp-json\/wp\/v2\/media?parent=223749"}],"wp:term":[{"taxonomy":"product_brand","embeddable":true,"href":"https:\/\/aromasentia.com\/de\/wp-json\/wp\/v2\/product_brand?post=223749"},{"taxonomy":"product_cat","embeddable":true,"href":"https:\/\/aromasentia.com\/de\/wp-json\/wp\/v2\/product_cat?post=223749"},{"taxonomy":"product_tag","embeddable":true,"href":"https:\/\/aromasentia.com\/de\/wp-json\/wp\/v2\/product_tag?post=223749"}],"curies":[{"name":"wp","href":"https:\/\/api.w.org\/{rel}","templated":true}]}}