{"id":223717,"date":"2025-03-23T10:29:38","date_gmt":"2025-03-23T10:29:38","guid":{"rendered":"https:\/\/aromasentia.com\/product\/back-flow-incense-burner-large-pools-to-pools\/"},"modified":"2025-12-30T19:44:39","modified_gmt":"2025-12-30T19:44:39","slug":"brunnen-raeuchergefaess-wasserfall","status":"publish","type":"product","link":"https:\/\/aromasentia.com\/de\/brunnen-raeuchergefaess-wasserfall\/","title":{"rendered":"Brunnen  R\u00e4uchergef\u00e4\u00df &#8211; Wasserfall"},"content":{"rendered":"<p>Entspannen Sie sich beim Anblick des Rauchs, der sanft flie\u00dfendes Wasser nachahmt und durch diesen wundersch\u00f6n gefertigten Brenner str\u00f6mt. <strong>Der Backflow-R\u00e4ucherkegel Large Pools to Pools<\/strong> wurde speziell entwickelt, um kaskadenartig nach unten str\u00f6menden Rauch zu erzeugen. Sobald der Backflow-R\u00e4ucherkegel angez\u00fcndet und an der daf\u00fcr vorgesehenen Stelle platziert wird, entsteht Rauch, der durch den Turm str\u00f6mt und einen atemberaubenden Effekt erzeugt, der alle Blicke auf sich zieht. <nbsp;<\/p>\n<p>Bitte beachten: Um den Rauchkaskadeneffekt zu erzeugen, ben\u00f6tigen Sie Backflow-R\u00e4ucherkegel.<\/p>\n","protected":false},"excerpt":{"rendered":"<p>Entspannen Sie sich beim Anblick des Rauchs, der sanft flie\u00dfendes Wasser nachahmt und durch diesen wundersch\u00f6n gefertigten Brenner str\u00f6mt. Der Backflow-R\u00e4ucherkegel Large Pools to Pools wurde speziell entwickelt, um kaskadenartig nach unten str\u00f6menden Rauch zu erzeugen. Sobald der Backflow-R\u00e4ucherkegel angez\u00fcndet und an der daf\u00fcr vorgesehenen Stelle platziert wird, entsteht Rauch, der durch den Turm str\u00f6mt [&hellip;]<\/p>\n","protected":false},"featured_media":396645,"comment_status":"closed","ping_status":"open","template":"","meta":{"_angie_page":false},"product_brand":[],"product_cat":[15153,15152,15151],"product_tag":[],"class_list":{"0":"post-223717","1":"product","2":"type-product","3":"status-publish","4":"has-post-thumbnail","6":"product_cat-rauchergefasse-und-raucherstabchenhalter","7":"product_cat-raucherwerk-und-rauchergefasse","8":"product_cat-ruckfluss-weihrauchbrenner","9":"pa_collection-backflow-incense-burners-de","10":"pa_made-in-china","12":"first","13":"instock","14":"purchasable","15":"product-type-simple"},"supplier_id":null,"supplier_sku":"BackF-08","barcode":null,"atum_controlled":true,"out_stock_date":null,"out_stock_threshold":null,"inheritable":false,"inbound_stock":null,"stock_on_hold":0,"sold_today":0,"sales_last_days":0,"reserved_stock":null,"customer_returns":null,"warehouse_damage":null,"lost_in_post":null,"other_logs":null,"out_stock_days":0,"lost_sales":0,"has_location":null,"update_date":"2026-04-27T06:52:59","atum_locations":[],"atum_stock_status":"instock","restock_status":false,"low_stock_amount":"","sales_update_date":"2025-10-09T03:24:55","calc_backorders":null,"_links":{"self":[{"href":"https:\/\/aromasentia.com\/de\/wp-json\/wp\/v2\/product\/223717","targetHints":{"allow":["GET"]}}],"collection":[{"href":"https:\/\/aromasentia.com\/de\/wp-json\/wp\/v2\/product"}],"about":[{"href":"https:\/\/aromasentia.com\/de\/wp-json\/wp\/v2\/types\/product"}],"replies":[{"embeddable":true,"href":"https:\/\/aromasentia.com\/de\/wp-json\/wp\/v2\/comments?post=223717"}],"version-history":[{"count":0,"href":"https:\/\/aromasentia.com\/de\/wp-json\/wp\/v2\/product\/223717\/revisions"}],"wp:featuredmedia":[{"embeddable":true,"href":"https:\/\/aromasentia.com\/de\/wp-json\/wp\/v2\/media\/396645"}],"wp:attachment":[{"href":"https:\/\/aromasentia.com\/de\/wp-json\/wp\/v2\/media?parent=223717"}],"wp:term":[{"taxonomy":"product_brand","embeddable":true,"href":"https:\/\/aromasentia.com\/de\/wp-json\/wp\/v2\/product_brand?post=223717"},{"taxonomy":"product_cat","embeddable":true,"href":"https:\/\/aromasentia.com\/de\/wp-json\/wp\/v2\/product_cat?post=223717"},{"taxonomy":"product_tag","embeddable":true,"href":"https:\/\/aromasentia.com\/de\/wp-json\/wp\/v2\/product_tag?post=223717"}],"curies":[{"name":"wp","href":"https:\/\/api.w.org\/{rel}","templated":true}]}}