{"id":223705,"date":"2025-03-23T10:29:38","date_gmt":"2025-03-23T10:29:38","guid":{"rendered":"https:\/\/aromasentia.com\/product\/back-flow-incense-burner-split-bamboo-fountain\/"},"modified":"2025-12-30T19:44:31","modified_gmt":"2025-12-30T19:44:31","slug":"brunnen-raeuchergefaess-gespaltener-bambus","status":"publish","type":"product","link":"https:\/\/aromasentia.com\/de\/brunnen-raeuchergefaess-gespaltener-bambus\/","title":{"rendered":"Brunnen R\u00e4uchergef\u00e4\u00df &#8211; gespaltener Bambus"},"content":{"rendered":"<p>Entspannen Sie sich beim Anblick des Rauchs, der sanft flie\u00dfendes Wasser nachahmt und \u00fcber diesen wundersch\u00f6n gefertigten R\u00e4uchergef\u00e4\u00df str\u00f6mt. <strong>Der Backflow R\u00e4uchergef\u00e4\u00df Split Bamboo Fountain<\/strong> wurde speziell f\u00fcr die Erzeugung von kaskadenf\u00f6rmigem Rauch entwickelt. Sobald der Backflow R\u00e4ucherkegel angez\u00fcndet und an der daf\u00fcr vorgesehenen Stelle platziert wird, entsteht Rauch, der den Turm hinunterstr\u00f6mt \u2013 ein atemberaubender Effekt, der alle Blicke auf sich zieht. <nbsp;<\/p>\n<p>Hinweis: F\u00fcr den Rauchkaskadeneffekt ben\u00f6tigen Sie Backflow R\u00e4ucherkegel.<\/p>\n","protected":false},"excerpt":{"rendered":"<p>Entspannen Sie sich beim Anblick des Rauchs, der sanft flie\u00dfendes Wasser nachahmt und \u00fcber diesen wundersch\u00f6n gefertigten R\u00e4uchergef\u00e4\u00df str\u00f6mt. Der Backflow R\u00e4uchergef\u00e4\u00df Split Bamboo Fountain wurde speziell f\u00fcr die Erzeugung von kaskadenf\u00f6rmigem Rauch entwickelt. Sobald der Backflow R\u00e4ucherkegel angez\u00fcndet und an der daf\u00fcr vorgesehenen Stelle platziert wird, entsteht Rauch, der den Turm hinunterstr\u00f6mt \u2013 ein [&hellip;]<\/p>\n","protected":false},"featured_media":396570,"comment_status":"closed","ping_status":"open","template":"","meta":{"_angie_page":false},"product_brand":[],"product_cat":[15153,15152,15151],"product_tag":[],"class_list":{"0":"post-223705","1":"product","2":"type-product","3":"status-publish","4":"has-post-thumbnail","6":"product_cat-rauchergefasse-und-raucherstabchenhalter","7":"product_cat-raucherwerk-und-rauchergefasse","8":"product_cat-ruckfluss-weihrauchbrenner","9":"pa_collection-backflow-incense-burners-de","10":"pa_made-in-china","12":"first","13":"instock","14":"purchasable","15":"product-type-simple"},"supplier_id":null,"supplier_sku":"BackF-04","barcode":null,"atum_controlled":true,"out_stock_date":null,"out_stock_threshold":null,"inheritable":false,"inbound_stock":null,"stock_on_hold":0,"sold_today":0,"sales_last_days":0,"reserved_stock":null,"customer_returns":null,"warehouse_damage":null,"lost_in_post":null,"other_logs":null,"out_stock_days":0,"lost_sales":0,"has_location":null,"update_date":"2026-04-27T06:52:59","atum_locations":[],"atum_stock_status":"instock","restock_status":false,"low_stock_amount":"","sales_update_date":"2025-10-09T03:24:54","calc_backorders":null,"_links":{"self":[{"href":"https:\/\/aromasentia.com\/de\/wp-json\/wp\/v2\/product\/223705","targetHints":{"allow":["GET"]}}],"collection":[{"href":"https:\/\/aromasentia.com\/de\/wp-json\/wp\/v2\/product"}],"about":[{"href":"https:\/\/aromasentia.com\/de\/wp-json\/wp\/v2\/types\/product"}],"replies":[{"embeddable":true,"href":"https:\/\/aromasentia.com\/de\/wp-json\/wp\/v2\/comments?post=223705"}],"version-history":[{"count":0,"href":"https:\/\/aromasentia.com\/de\/wp-json\/wp\/v2\/product\/223705\/revisions"}],"wp:featuredmedia":[{"embeddable":true,"href":"https:\/\/aromasentia.com\/de\/wp-json\/wp\/v2\/media\/396570"}],"wp:attachment":[{"href":"https:\/\/aromasentia.com\/de\/wp-json\/wp\/v2\/media?parent=223705"}],"wp:term":[{"taxonomy":"product_brand","embeddable":true,"href":"https:\/\/aromasentia.com\/de\/wp-json\/wp\/v2\/product_brand?post=223705"},{"taxonomy":"product_cat","embeddable":true,"href":"https:\/\/aromasentia.com\/de\/wp-json\/wp\/v2\/product_cat?post=223705"},{"taxonomy":"product_tag","embeddable":true,"href":"https:\/\/aromasentia.com\/de\/wp-json\/wp\/v2\/product_tag?post=223705"}],"curies":[{"name":"wp","href":"https:\/\/api.w.org\/{rel}","templated":true}]}}