{"id":223661,"date":"2025-03-23T10:29:38","date_gmt":"2025-03-23T10:29:38","guid":{"rendered":"https:\/\/aromasentia.com\/product\/brass-verdigris-tibetan-incense-burner-small-lotus\/"},"modified":"2025-12-30T19:44:23","modified_gmt":"2025-12-30T19:44:23","slug":"tibetischer-weihrauchbrenner-aus-messing-mit-gruenspan-kleiner-lotus","status":"publish","type":"product","link":"https:\/\/aromasentia.com\/de\/tibetischer-weihrauchbrenner-aus-messing-mit-gruenspan-kleiner-lotus\/","title":{"rendered":"Tibetischer Weihrauchbrenner aus Messing mit Gr\u00fcnspan &#8211; Kleiner Lotus"},"content":{"rendered":"<p><span style=\"color: rgb(75, 80, 88);\">Dieses <strong>tibetische R\u00e4uchergef\u00e4\u00df &#8211; Kleiner Lotus<\/strong> wird in Indien mit Hingabe aus feinstem Messing handgefertigt.<\/span><\/p>\n<p><span style=\"color: rgb(75, 80, 88);\">Diese R\u00e4ucherst\u00e4bchenhalter werden von erfahrenen Kunsthandwerkern zum Leben erweckt. Die Gr\u00fcnspan-Beschichtung, eine Technik, bei der kunstvoll eine gr\u00fcne Patina erzeugt wird, verwandelt jedes St\u00fcck in ein Relikt von antiker Sch\u00f6nheit und f\u00e4ngt die Essenz altehrw\u00fcrdiger tibetischer Traditionen in jedem noch so kleinen Detail ein.<\/span><\/p>\n<p><span style=\"color: rgb(75, 80, 88);\">Unsere Kollektion wurde f\u00fcr den modernen spirituellen Sucher entworfen und <strong>beinhaltet verschiedene Formen von R\u00e4ucherst\u00e4bchen<\/strong> \u2013 sei es als <strong>Stick<\/strong>, <strong>Kegel<\/strong> oder <strong>Spulen<\/strong> \u2013 ein vielseitiger Ansatz zur Schaffung einer ruhigen und aromatischen Atmosph\u00e4re.<\/span><\/p>\n<p><span style=\"color: rgb(75, 80, 88);\">Versch\u00f6nern Sie Ihr Gesch\u00e4ft mit St\u00fccken, die eine Geschichte erz\u00e4hlen, Ruhe einladen und als Symbole des k\u00fcnstlerischen und spirituellen Erbes gelten.<\/span><\/p>\n","protected":false},"excerpt":{"rendered":"<p>Dieses tibetische R\u00e4uchergef\u00e4\u00df &#8211; Kleiner Lotus wird in Indien mit Hingabe aus feinstem Messing handgefertigt. Diese R\u00e4ucherst\u00e4bchenhalter werden von erfahrenen Kunsthandwerkern zum Leben erweckt. Die Gr\u00fcnspan-Beschichtung, eine Technik, bei der kunstvoll eine gr\u00fcne Patina erzeugt wird, verwandelt jedes St\u00fcck in ein Relikt von antiker Sch\u00f6nheit und f\u00e4ngt die Essenz altehrw\u00fcrdiger tibetischer Traditionen in jedem noch [&hellip;]<\/p>\n","protected":false},"featured_media":396287,"comment_status":"closed","ping_status":"open","template":"","meta":{"_angie_page":false},"product_brand":[],"product_cat":[15153,15167,15152],"product_tag":[],"class_list":{"0":"post-223661","1":"product","2":"type-product","3":"status-publish","4":"has-post-thumbnail","6":"product_cat-rauchergefasse-und-raucherstabchenhalter","7":"product_cat-raucherkegelhalter","8":"product_cat-raucherwerk-und-rauchergefasse","9":"pa_collection-antique-tibetan-incense-holders-de","10":"pa_made-in-indien","12":"first","13":"instock","14":"purchasable","15":"product-type-simple"},"supplier_id":null,"supplier_sku":"ATIH-01","barcode":null,"atum_controlled":true,"out_stock_date":null,"out_stock_threshold":null,"inheritable":false,"inbound_stock":null,"stock_on_hold":0,"sold_today":0,"sales_last_days":0,"reserved_stock":null,"customer_returns":null,"warehouse_damage":null,"lost_in_post":null,"other_logs":null,"out_stock_days":0,"lost_sales":0,"has_location":null,"update_date":"2026-04-27T06:51:19","atum_locations":[],"atum_stock_status":"instock","restock_status":false,"low_stock_amount":"","sales_update_date":"2025-10-09T03:23:51","calc_backorders":null,"_links":{"self":[{"href":"https:\/\/aromasentia.com\/de\/wp-json\/wp\/v2\/product\/223661","targetHints":{"allow":["GET"]}}],"collection":[{"href":"https:\/\/aromasentia.com\/de\/wp-json\/wp\/v2\/product"}],"about":[{"href":"https:\/\/aromasentia.com\/de\/wp-json\/wp\/v2\/types\/product"}],"replies":[{"embeddable":true,"href":"https:\/\/aromasentia.com\/de\/wp-json\/wp\/v2\/comments?post=223661"}],"version-history":[{"count":0,"href":"https:\/\/aromasentia.com\/de\/wp-json\/wp\/v2\/product\/223661\/revisions"}],"wp:featuredmedia":[{"embeddable":true,"href":"https:\/\/aromasentia.com\/de\/wp-json\/wp\/v2\/media\/396287"}],"wp:attachment":[{"href":"https:\/\/aromasentia.com\/de\/wp-json\/wp\/v2\/media?parent=223661"}],"wp:term":[{"taxonomy":"product_brand","embeddable":true,"href":"https:\/\/aromasentia.com\/de\/wp-json\/wp\/v2\/product_brand?post=223661"},{"taxonomy":"product_cat","embeddable":true,"href":"https:\/\/aromasentia.com\/de\/wp-json\/wp\/v2\/product_cat?post=223661"},{"taxonomy":"product_tag","embeddable":true,"href":"https:\/\/aromasentia.com\/de\/wp-json\/wp\/v2\/product_tag?post=223661"}],"curies":[{"name":"wp","href":"https:\/\/api.w.org\/{rel}","templated":true}]}}