{"id":223621,"date":"2025-03-23T10:29:45","date_gmt":"2025-03-23T10:29:45","guid":{"rendered":"https:\/\/aromasentia.com\/product\/chakra-charcoal-incense-jar-crown\/"},"modified":"2025-12-30T19:44:15","modified_gmt":"2025-12-30T19:44:15","slug":"chakra-charcoal-incense-jar-crown","status":"publish","type":"product","link":"https:\/\/aromasentia.com\/de\/chakra-charcoal-incense-jar-crown\/","title":{"rendered":"Chakra Charcoal Incense Jar &#8211; Crown"},"content":{"rendered":"<p>R\u00e4uchergef\u00e4\u00df aus Holzkohle in sch\u00f6ner lila Farbe. Verziert mit goldenen Mustern, handgefertigt in Indien. Dieses R\u00e4uchergef\u00e4\u00df kann bei Ritualen zur Reinigung oder Aktivierung des Kronenchakras verwendet werden.<\/p>\n<p>Kohlegef\u00e4\u00dfe k\u00f6nnen mit Harz und Kohletabletten verwendet werden. Legen Sie diese einfach auf den abnehmbaren Rost, so dass die Asche in den Beh\u00e4lter f\u00e4llt.<\/p>\n<p><em>ACHTUNG: R\u00e4uchergef\u00e4\u00dfe werden sehr hei\u00df, stellen Sie sie daher immer auf eine hitzebest\u00e4ndige Unterlage und ber\u00fchren Sie sie nicht, wenn sie in Gebrauch sind. Halten Sie sie von brennbaren Gegenst\u00e4nden fern. Nachdem die Holzkohle ausgebrannt ist, lassen Sie sie abk\u00fchlen, bevor Sie sie wegwerfen.<\/em><\/p>\n","protected":false},"excerpt":{"rendered":"<p>R\u00e4uchergef\u00e4\u00df aus Holzkohle in sch\u00f6ner lila Farbe. Verziert mit goldenen Mustern, handgefertigt in Indien. Dieses R\u00e4uchergef\u00e4\u00df kann bei Ritualen zur Reinigung oder Aktivierung des Kronenchakras verwendet werden. Kohlegef\u00e4\u00dfe k\u00f6nnen mit Harz und Kohletabletten verwendet werden. Legen Sie diese einfach auf den abnehmbaren Rost, so dass die Asche in den Beh\u00e4lter f\u00e4llt. ACHTUNG: R\u00e4uchergef\u00e4\u00dfe werden sehr [&hellip;]<\/p>\n","protected":false},"featured_media":398377,"comment_status":"closed","ping_status":"open","template":"","meta":[],"product_brand":[],"product_cat":[15153,15152],"product_tag":[],"class_list":{"0":"post-223621","1":"product","2":"type-product","3":"status-publish","4":"has-post-thumbnail","6":"product_cat-rauchergefasse-und-raucherstabchenhalter","7":"product_cat-raucherwerk-und-rauchergefasse","8":"pa_collection-chakra-charcoal-incense-jar-de","9":"pa_made-in-indien","11":"first","12":"instock","13":"purchasable","14":"product-type-simple"},"supplier_id":null,"supplier_sku":"BCI-01","barcode":null,"atum_controlled":true,"out_stock_date":null,"out_stock_threshold":null,"inheritable":false,"inbound_stock":null,"stock_on_hold":0,"sold_today":0,"sales_last_days":0,"reserved_stock":null,"customer_returns":null,"warehouse_damage":null,"lost_in_post":null,"other_logs":null,"out_stock_days":0,"lost_sales":0,"has_location":null,"update_date":"2026-02-06T00:02:38","atum_locations":[],"atum_stock_status":"instock","restock_status":false,"low_stock_amount":"","sales_update_date":"2026-02-06T00:02:38","calc_backorders":null,"_links":{"self":[{"href":"https:\/\/aromasentia.com\/de\/wp-json\/wp\/v2\/product\/223621","targetHints":{"allow":["GET"]}}],"collection":[{"href":"https:\/\/aromasentia.com\/de\/wp-json\/wp\/v2\/product"}],"about":[{"href":"https:\/\/aromasentia.com\/de\/wp-json\/wp\/v2\/types\/product"}],"replies":[{"embeddable":true,"href":"https:\/\/aromasentia.com\/de\/wp-json\/wp\/v2\/comments?post=223621"}],"version-history":[{"count":0,"href":"https:\/\/aromasentia.com\/de\/wp-json\/wp\/v2\/product\/223621\/revisions"}],"wp:featuredmedia":[{"embeddable":true,"href":"https:\/\/aromasentia.com\/de\/wp-json\/wp\/v2\/media\/398377"}],"wp:attachment":[{"href":"https:\/\/aromasentia.com\/de\/wp-json\/wp\/v2\/media?parent=223621"}],"wp:term":[{"taxonomy":"product_brand","embeddable":true,"href":"https:\/\/aromasentia.com\/de\/wp-json\/wp\/v2\/product_brand?post=223621"},{"taxonomy":"product_cat","embeddable":true,"href":"https:\/\/aromasentia.com\/de\/wp-json\/wp\/v2\/product_cat?post=223621"},{"taxonomy":"product_tag","embeddable":true,"href":"https:\/\/aromasentia.com\/de\/wp-json\/wp\/v2\/product_tag?post=223621"}],"curies":[{"name":"wp","href":"https:\/\/api.w.org\/{rel}","templated":true}]}}