{"id":223609,"date":"2025-03-23T10:29:45","date_gmt":"2025-03-23T10:29:45","guid":{"rendered":"https:\/\/aromasentia.com\/product\/banjara-tree-resin-healing-blend\/"},"modified":"2025-12-30T19:44:15","modified_gmt":"2025-12-30T19:44:15","slug":"banjara-baumharz-heilmischung","status":"publish","type":"product","link":"https:\/\/aromasentia.com\/de\/banjara-baumharz-heilmischung\/","title":{"rendered":"Banjara-Baumharz \u2013 Heilmischung"},"content":{"rendered":"<p><span style=\"color: rgb(75, 80, 88);\"><strong>E<\/strong><strong>Wir pr\u00e4sentieren das brandneue Banjara\u2019s Tree Resin Incense<\/strong> \u2013 eine Sinnesreise, die jeden Raum in eine Oase bet\u00f6render D\u00fcfte und spiritueller Gelassenheit verwandelt.<\/span><\/p>\n<p><span style=\"color: rgb(75, 80, 88);\"><strong>Healing Blend vereint die therapeutischen D\u00fcfte der Natur<\/strong>. Es bietet Trost und Behaglichkeit, ideal f\u00fcr alle, die emotionale und k\u00f6rperliche Erholung suchen.<\/span> <\/p>\n","protected":false},"excerpt":{"rendered":"<p>EWir pr\u00e4sentieren das brandneue Banjara\u2019s Tree Resin Incense \u2013 eine Sinnesreise, die jeden Raum in eine Oase bet\u00f6render D\u00fcfte und spiritueller Gelassenheit verwandelt. Healing Blend vereint die therapeutischen D\u00fcfte der Natur. Es bietet Trost und Behaglichkeit, ideal f\u00fcr alle, die emotionale und k\u00f6rperliche Erholung suchen.<\/p>\n","protected":false},"featured_media":398302,"comment_status":"closed","ping_status":"open","template":"","meta":{"_angie_page":false},"product_brand":[27104],"product_cat":[15231,15152],"product_tag":[],"class_list":{"0":"post-223609","1":"product","2":"type-product","3":"status-publish","4":"has-post-thumbnail","6":"product_brand-banjara","7":"product_cat-raucherharze","8":"product_cat-raucherwerk-und-rauchergefasse","9":"pa_collection-banjara-tree-resin-incense-de","10":"pa_made-in-indien","12":"first","13":"instock","14":"purchasable","15":"product-type-simple"},"supplier_id":null,"supplier_sku":"BanjTR-08","barcode":null,"atum_controlled":true,"out_stock_date":null,"out_stock_threshold":null,"inheritable":false,"inbound_stock":null,"stock_on_hold":0,"sold_today":0,"sales_last_days":0,"reserved_stock":null,"customer_returns":null,"warehouse_damage":null,"lost_in_post":null,"other_logs":null,"out_stock_days":0,"lost_sales":0,"has_location":null,"update_date":"2026-04-27T06:53:47","atum_locations":[],"atum_stock_status":"instock","restock_status":false,"low_stock_amount":"","sales_update_date":"2026-02-06T00:02:21","calc_backorders":null,"_links":{"self":[{"href":"https:\/\/aromasentia.com\/de\/wp-json\/wp\/v2\/product\/223609","targetHints":{"allow":["GET"]}}],"collection":[{"href":"https:\/\/aromasentia.com\/de\/wp-json\/wp\/v2\/product"}],"about":[{"href":"https:\/\/aromasentia.com\/de\/wp-json\/wp\/v2\/types\/product"}],"replies":[{"embeddable":true,"href":"https:\/\/aromasentia.com\/de\/wp-json\/wp\/v2\/comments?post=223609"}],"version-history":[{"count":0,"href":"https:\/\/aromasentia.com\/de\/wp-json\/wp\/v2\/product\/223609\/revisions"}],"wp:featuredmedia":[{"embeddable":true,"href":"https:\/\/aromasentia.com\/de\/wp-json\/wp\/v2\/media\/398302"}],"wp:attachment":[{"href":"https:\/\/aromasentia.com\/de\/wp-json\/wp\/v2\/media?parent=223609"}],"wp:term":[{"taxonomy":"product_brand","embeddable":true,"href":"https:\/\/aromasentia.com\/de\/wp-json\/wp\/v2\/product_brand?post=223609"},{"taxonomy":"product_cat","embeddable":true,"href":"https:\/\/aromasentia.com\/de\/wp-json\/wp\/v2\/product_cat?post=223609"},{"taxonomy":"product_tag","embeddable":true,"href":"https:\/\/aromasentia.com\/de\/wp-json\/wp\/v2\/product_tag?post=223609"}],"curies":[{"name":"wp","href":"https:\/\/api.w.org\/{rel}","templated":true}]}}