{"id":223601,"date":"2025-03-23T10:29:45","date_gmt":"2025-03-23T10:29:45","guid":{"rendered":"https:\/\/aromasentia.com\/product\/banjara-tree-resin-white-sage\/"},"modified":"2025-12-30T19:44:15","modified_gmt":"2025-12-30T19:44:15","slug":"banjara-baumharz-weisser-salbei","status":"publish","type":"product","link":"https:\/\/aromasentia.com\/de\/banjara-baumharz-weisser-salbei\/","title":{"rendered":"Banjara-Baumharz \u2013 Wei\u00dfer Salbei"},"content":{"rendered":"<p><span style=\"color: rgb(75, 80, 88);\"><strong>E<\/strong><strong>Wir stellen das brandneue Banjara-Baumharz-R\u00e4ucherwerk vor<\/strong> \u2013 eine Sinnesreise, die jeden Raum in eine Oase bet\u00f6render D\u00fcfte und spiritueller Gelassenheit verwandelt.<\/span><\/p>\n<p><span style=\"color: rgb(75, 80, 88);\"><strong>Die reinigende Kraft des Wei\u00dfen Salbeis steckt in seinem Duft.<\/strong> Verwenden Sie ihn, um Negativit\u00e4t zu beseitigen und eine frische, belebende Atmosph\u00e4re in Ihrem Raum zu schaffen.<\/span> <\/p>\n","protected":false},"excerpt":{"rendered":"<p>EWir stellen das brandneue Banjara-Baumharz-R\u00e4ucherwerk vor \u2013 eine Sinnesreise, die jeden Raum in eine Oase bet\u00f6render D\u00fcfte und spiritueller Gelassenheit verwandelt. Die reinigende Kraft des Wei\u00dfen Salbeis steckt in seinem Duft. Verwenden Sie ihn, um Negativit\u00e4t zu beseitigen und eine frische, belebende Atmosph\u00e4re in Ihrem Raum zu schaffen.<\/p>\n","protected":false},"featured_media":398252,"comment_status":"closed","ping_status":"open","template":"","meta":{"_angie_page":false},"product_brand":[27104],"product_cat":[15231,15152],"product_tag":[],"class_list":{"0":"post-223601","1":"product","2":"type-product","3":"status-publish","4":"has-post-thumbnail","6":"product_brand-banjara","7":"product_cat-raucherharze","8":"product_cat-raucherwerk-und-rauchergefasse","9":"pa_collection-banjara-tree-resin-incense-de","10":"pa_made-in-indien","12":"first","13":"instock","14":"purchasable","15":"product-type-simple"},"supplier_id":null,"supplier_sku":"BanjTR-06","barcode":null,"atum_controlled":true,"out_stock_date":null,"out_stock_threshold":null,"inheritable":false,"inbound_stock":null,"stock_on_hold":0,"sold_today":0,"sales_last_days":0,"reserved_stock":null,"customer_returns":null,"warehouse_damage":null,"lost_in_post":null,"other_logs":null,"out_stock_days":0,"lost_sales":0,"has_location":null,"update_date":"2026-05-04T00:02:50","atum_locations":[],"atum_stock_status":"instock","restock_status":false,"low_stock_amount":"","sales_update_date":"2025-10-09T03:25:30","calc_backorders":null,"_links":{"self":[{"href":"https:\/\/aromasentia.com\/de\/wp-json\/wp\/v2\/product\/223601","targetHints":{"allow":["GET"]}}],"collection":[{"href":"https:\/\/aromasentia.com\/de\/wp-json\/wp\/v2\/product"}],"about":[{"href":"https:\/\/aromasentia.com\/de\/wp-json\/wp\/v2\/types\/product"}],"replies":[{"embeddable":true,"href":"https:\/\/aromasentia.com\/de\/wp-json\/wp\/v2\/comments?post=223601"}],"version-history":[{"count":0,"href":"https:\/\/aromasentia.com\/de\/wp-json\/wp\/v2\/product\/223601\/revisions"}],"wp:featuredmedia":[{"embeddable":true,"href":"https:\/\/aromasentia.com\/de\/wp-json\/wp\/v2\/media\/398252"}],"wp:attachment":[{"href":"https:\/\/aromasentia.com\/de\/wp-json\/wp\/v2\/media?parent=223601"}],"wp:term":[{"taxonomy":"product_brand","embeddable":true,"href":"https:\/\/aromasentia.com\/de\/wp-json\/wp\/v2\/product_brand?post=223601"},{"taxonomy":"product_cat","embeddable":true,"href":"https:\/\/aromasentia.com\/de\/wp-json\/wp\/v2\/product_cat?post=223601"},{"taxonomy":"product_tag","embeddable":true,"href":"https:\/\/aromasentia.com\/de\/wp-json\/wp\/v2\/product_tag?post=223601"}],"curies":[{"name":"wp","href":"https:\/\/api.w.org\/{rel}","templated":true}]}}