{"id":223593,"date":"2025-03-23T10:29:45","date_gmt":"2025-03-23T10:29:45","guid":{"rendered":"https:\/\/aromasentia.com\/product\/banjara-tree-resin-vatican\/"},"modified":"2025-12-30T19:44:15","modified_gmt":"2025-12-30T19:44:15","slug":"banjara-baumharz-vatikan","status":"publish","type":"product","link":"https:\/\/aromasentia.com\/de\/banjara-baumharz-vatikan\/","title":{"rendered":"Banjara-Baumharz \u2013 Vatikan"},"content":{"rendered":"<p><span style=\"color: rgb(75, 80, 88);\"><strong>E<\/strong><strong>Wir stellen das brandneue Banjara\u2019s Tree Resin Incense vor<\/strong> \u2013 eine Sinnesreise, die jeden Raum in eine Oase bet\u00f6render D\u00fcfte und spiritueller Gelassenheit verwandelt.&nbsp;<\/span><\/p>\n<p><span style=\"color: rgb(75, 80, 88);\"><strong>Vatican bietet eine g\u00f6ttliche olfaktorische Reise.<\/strong> Seine aromatische Mischung erinnert an heilige Orte und erhebt Ihre Umgebung in ein himmlisches Reich.<\/span> <\/p>\n","protected":false},"excerpt":{"rendered":"<p>EWir stellen das brandneue Banjara\u2019s Tree Resin Incense vor \u2013 eine Sinnesreise, die jeden Raum in eine Oase bet\u00f6render D\u00fcfte und spiritueller Gelassenheit verwandelt.&nbsp; Vatican bietet eine g\u00f6ttliche olfaktorische Reise. Seine aromatische Mischung erinnert an heilige Orte und erhebt Ihre Umgebung in ein himmlisches Reich.<\/p>\n","protected":false},"featured_media":398202,"comment_status":"closed","ping_status":"open","template":"","meta":{"_angie_page":false},"product_brand":[27104],"product_cat":[15231,15152],"product_tag":[],"class_list":{"0":"post-223593","1":"product","2":"type-product","3":"status-publish","4":"has-post-thumbnail","6":"product_brand-banjara","7":"product_cat-raucherharze","8":"product_cat-raucherwerk-und-rauchergefasse","9":"pa_collection-banjara-tree-resin-incense-de","10":"pa_made-in-indien","12":"first","13":"instock","14":"purchasable","15":"product-type-simple"},"supplier_id":null,"supplier_sku":"BanjTR-04","barcode":null,"atum_controlled":true,"out_stock_date":null,"out_stock_threshold":null,"inheritable":false,"inbound_stock":null,"stock_on_hold":0,"sold_today":0,"sales_last_days":0,"reserved_stock":null,"customer_returns":null,"warehouse_damage":null,"lost_in_post":null,"other_logs":null,"out_stock_days":0,"lost_sales":0,"has_location":null,"update_date":"2026-05-04T00:02:50","atum_locations":[],"atum_stock_status":"instock","restock_status":false,"low_stock_amount":"","sales_update_date":"2026-01-30T01:24:56","calc_backorders":null,"_links":{"self":[{"href":"https:\/\/aromasentia.com\/de\/wp-json\/wp\/v2\/product\/223593","targetHints":{"allow":["GET"]}}],"collection":[{"href":"https:\/\/aromasentia.com\/de\/wp-json\/wp\/v2\/product"}],"about":[{"href":"https:\/\/aromasentia.com\/de\/wp-json\/wp\/v2\/types\/product"}],"replies":[{"embeddable":true,"href":"https:\/\/aromasentia.com\/de\/wp-json\/wp\/v2\/comments?post=223593"}],"version-history":[{"count":0,"href":"https:\/\/aromasentia.com\/de\/wp-json\/wp\/v2\/product\/223593\/revisions"}],"wp:featuredmedia":[{"embeddable":true,"href":"https:\/\/aromasentia.com\/de\/wp-json\/wp\/v2\/media\/398202"}],"wp:attachment":[{"href":"https:\/\/aromasentia.com\/de\/wp-json\/wp\/v2\/media?parent=223593"}],"wp:term":[{"taxonomy":"product_brand","embeddable":true,"href":"https:\/\/aromasentia.com\/de\/wp-json\/wp\/v2\/product_brand?post=223593"},{"taxonomy":"product_cat","embeddable":true,"href":"https:\/\/aromasentia.com\/de\/wp-json\/wp\/v2\/product_cat?post=223593"},{"taxonomy":"product_tag","embeddable":true,"href":"https:\/\/aromasentia.com\/de\/wp-json\/wp\/v2\/product_tag?post=223593"}],"curies":[{"name":"wp","href":"https:\/\/api.w.org\/{rel}","templated":true}]}}