{"id":223561,"date":"2025-03-23T10:29:45","date_gmt":"2025-03-23T10:29:45","guid":{"rendered":"https:\/\/aromasentia.com\/product\/banjara-tribal-smudge-incense-white-sage\/"},"modified":"2025-12-30T19:44:07","modified_gmt":"2025-12-30T19:44:07","slug":"banjara-tribal-raeucherstaebchen-weisser-salbei","status":"publish","type":"product","link":"https:\/\/aromasentia.com\/de\/banjara-tribal-raeucherstaebchen-weisser-salbei\/","title":{"rendered":"Banjara Tribal R\u00e4ucherst\u00e4bchen \u2013 Wei\u00dfer Salbei"},"content":{"rendered":"<p><span style=\"color: rgb(75, 80, 88);\"><strong>Wir stellen Banjaras Tribal Smudge R\u00e4ucherst\u00e4bchen vor<\/strong> \u2013 eine fesselnde und aromatische Reise, die alten Traditionen und Ritualen Tribut zollt. Jede Schachtel ist ein Tor zu einer Welt nat\u00fcrlicher D\u00fcfte und bietet ein tiefgreifendes Sinneserlebnis.<\/span><\/p>\n<p><span style=\"color: rgb(75, 80, 88);\"><strong>Tribal Smudge R\u00e4ucherst\u00e4bchen werden in einer h\u00fcbsch gestalteten Packung geliefert, die mit aufwendigen, von St\u00e4mmen inspirierten Kunstwerken verziert ist und ca. 10 R\u00e4ucherst\u00e4bchen enth\u00e4lt<\/strong>.&nbsp;<\/span><\/p>\n<p><span style=\"color: rgb(75, 80, 88);\"><strong>Erleben Sie die Reinheit von wei\u00dfem Salbei<\/strong>, einer klassischen Wahl f\u00fcr R\u00e4ucherrituale. Sein reinigender und kl\u00e4render Duft vertreibt negative Energien und bringt Klarheit und Erneuerung in Ihre Umgebung.<\/span><\/p>\n","protected":false},"excerpt":{"rendered":"<p>Wir stellen Banjaras Tribal Smudge R\u00e4ucherst\u00e4bchen vor \u2013 eine fesselnde und aromatische Reise, die alten Traditionen und Ritualen Tribut zollt. Jede Schachtel ist ein Tor zu einer Welt nat\u00fcrlicher D\u00fcfte und bietet ein tiefgreifendes Sinneserlebnis. Tribal Smudge R\u00e4ucherst\u00e4bchen werden in einer h\u00fcbsch gestalteten Packung geliefert, die mit aufwendigen, von St\u00e4mmen inspirierten Kunstwerken verziert ist und [&hellip;]<\/p>\n","protected":false},"featured_media":398002,"comment_status":"closed","ping_status":"open","template":"","meta":[],"product_brand":[27104],"product_cat":[25841,26861,15197,15152,25816,26477],"product_tag":[],"class_list":{"0":"post-223561","1":"product","2":"type-product","3":"status-publish","4":"has-post-thumbnail","6":"product_brand-banjara","7":"product_cat-dufte-aromen","8":"product_cat-krauter-aromatisch","9":"product_cat-raucherstabchen","10":"product_cat-raucherwerk-und-rauchergefasse","11":"product_cat-smudge-sticks","12":"product_cat-weiser-salbei","13":"pa_collection-banjara-tribal-smudge-incense-sticks-de","14":"pa_made-in-indien","16":"first","17":"instock","18":"purchasable","19":"product-type-simple"},"supplier_id":null,"supplier_sku":"BanjSI-05","barcode":null,"atum_controlled":true,"out_stock_date":null,"out_stock_threshold":null,"inheritable":false,"inbound_stock":null,"stock_on_hold":0,"sold_today":0,"sales_last_days":0,"reserved_stock":null,"customer_returns":null,"warehouse_damage":null,"lost_in_post":null,"other_logs":null,"out_stock_days":0,"lost_sales":0,"has_location":null,"update_date":"2026-02-10T10:30:23","atum_locations":[],"atum_stock_status":"instock","restock_status":false,"low_stock_amount":"","sales_update_date":"2025-10-09T03:25:27","calc_backorders":null,"_links":{"self":[{"href":"https:\/\/aromasentia.com\/de\/wp-json\/wp\/v2\/product\/223561","targetHints":{"allow":["GET"]}}],"collection":[{"href":"https:\/\/aromasentia.com\/de\/wp-json\/wp\/v2\/product"}],"about":[{"href":"https:\/\/aromasentia.com\/de\/wp-json\/wp\/v2\/types\/product"}],"replies":[{"embeddable":true,"href":"https:\/\/aromasentia.com\/de\/wp-json\/wp\/v2\/comments?post=223561"}],"version-history":[{"count":0,"href":"https:\/\/aromasentia.com\/de\/wp-json\/wp\/v2\/product\/223561\/revisions"}],"wp:featuredmedia":[{"embeddable":true,"href":"https:\/\/aromasentia.com\/de\/wp-json\/wp\/v2\/media\/398002"}],"wp:attachment":[{"href":"https:\/\/aromasentia.com\/de\/wp-json\/wp\/v2\/media?parent=223561"}],"wp:term":[{"taxonomy":"product_brand","embeddable":true,"href":"https:\/\/aromasentia.com\/de\/wp-json\/wp\/v2\/product_brand?post=223561"},{"taxonomy":"product_cat","embeddable":true,"href":"https:\/\/aromasentia.com\/de\/wp-json\/wp\/v2\/product_cat?post=223561"},{"taxonomy":"product_tag","embeddable":true,"href":"https:\/\/aromasentia.com\/de\/wp-json\/wp\/v2\/product_tag?post=223561"}],"curies":[{"name":"wp","href":"https:\/\/api.w.org\/{rel}","templated":true}]}}