{"id":223549,"date":"2025-03-23T10:29:45","date_gmt":"2025-03-23T10:29:45","guid":{"rendered":"https:\/\/aromasentia.com\/product\/banjara-tribal-smudge-incense-sandalwood\/"},"modified":"2025-12-30T19:44:07","modified_gmt":"2025-12-30T19:44:07","slug":"banjara-tribal-raeucherstaebchen-sandelholz","status":"publish","type":"product","link":"https:\/\/aromasentia.com\/de\/banjara-tribal-raeucherstaebchen-sandelholz\/","title":{"rendered":"Banjara Tribal R\u00e4ucherst\u00e4bchen \u2013 Sandelholz"},"content":{"rendered":"<p><span style=\"color: rgb(75, 80, 88);\"><strong>Wir stellen Banjaras Tribal Smudge R\u00e4ucherst\u00e4bchen vor<\/strong> \u2013 eine fesselnde und aromatische Reise, die alten Traditionen und Ritualen Tribut zollt. Jede Schachtel ist ein Tor zu einer Welt nat\u00fcrlicher D\u00fcfte und bietet ein tiefgreifendes Sinneserlebnis.<\/span><\/p>\n<p><span style=\"color: rgb(75, 80, 88);\"><strong>Tribal Smudge R\u00e4ucherst\u00e4bchen werden in einer h\u00fcbsch gestalteten Packung geliefert, die mit aufwendigen, tribal-inspirierten Kunstwerken verziert ist und ca. 10 R\u00e4ucherst\u00e4bchen enth\u00e4lt<\/strong>.&nbsp;<\/span><\/p>\n<p><span style=\"color: rgb(75, 80, 88);\"><strong>Sandelholz ist eine Holzart von B\u00e4umen der Gattung Santalum. Die H\u00f6lzer sind schwer, gelb und feink\u00f6rnig und behalten im Gegensatz zu vielen anderen aromatischen H\u00f6lzern ihren Duft jahrzehntelang. Sie f\u00f6rdern geistige Klarheit und Entspannung.<\/strong><\/span><\/p>\n<p><span style=\"color: rgb(75, 80, 88);\">Verwenden Sie brennende R\u00e4ucherst\u00e4bchen mit Sandelholzaroma, um nat\u00fcrliche Antiseptika freizusetzen und die Luft zu reinigen. Dank seiner besonderen Eigenschaften kann das Einatmen des aromatischen Sandelholzduftes Ihnen helfen, leichter einzuschlafen, \u00c4ngste abzubauen und Melancholie zu vertreiben.<\/span><\/p>\n","protected":false},"excerpt":{"rendered":"<p>Wir stellen Banjaras Tribal Smudge R\u00e4ucherst\u00e4bchen vor \u2013 eine fesselnde und aromatische Reise, die alten Traditionen und Ritualen Tribut zollt. Jede Schachtel ist ein Tor zu einer Welt nat\u00fcrlicher D\u00fcfte und bietet ein tiefgreifendes Sinneserlebnis. Tribal Smudge R\u00e4ucherst\u00e4bchen werden in einer h\u00fcbsch gestalteten Packung geliefert, die mit aufwendigen, tribal-inspirierten Kunstwerken verziert ist und ca. 10 [&hellip;]<\/p>\n","protected":false},"featured_media":397927,"comment_status":"closed","ping_status":"open","template":"","meta":[],"product_brand":[27104],"product_cat":[25841,26896,15197,15152,26387,25816],"product_tag":[],"class_list":{"0":"post-223549","1":"product","2":"type-product","3":"status-publish","4":"has-post-thumbnail","6":"product_brand-banjara","7":"product_cat-dufte-aromen","8":"product_cat-holzig","9":"product_cat-raucherstabchen","10":"product_cat-raucherwerk-und-rauchergefasse","11":"product_cat-sandelholz","12":"product_cat-smudge-sticks","13":"pa_collection-banjara-tribal-smudge-incense-sticks-de","14":"pa_made-in-indien","16":"first","17":"instock","18":"purchasable","19":"product-type-simple"},"supplier_id":null,"supplier_sku":"BanjSI-02","barcode":null,"atum_controlled":true,"out_stock_date":null,"out_stock_threshold":null,"inheritable":false,"inbound_stock":null,"stock_on_hold":0,"sold_today":0,"sales_last_days":0,"reserved_stock":null,"customer_returns":null,"warehouse_damage":null,"lost_in_post":null,"other_logs":null,"out_stock_days":0,"lost_sales":0,"has_location":null,"update_date":"2026-02-08T21:09:34","atum_locations":[],"atum_stock_status":"instock","restock_status":false,"low_stock_amount":"","sales_update_date":"2025-10-09T03:25:27","calc_backorders":null,"_links":{"self":[{"href":"https:\/\/aromasentia.com\/de\/wp-json\/wp\/v2\/product\/223549","targetHints":{"allow":["GET"]}}],"collection":[{"href":"https:\/\/aromasentia.com\/de\/wp-json\/wp\/v2\/product"}],"about":[{"href":"https:\/\/aromasentia.com\/de\/wp-json\/wp\/v2\/types\/product"}],"replies":[{"embeddable":true,"href":"https:\/\/aromasentia.com\/de\/wp-json\/wp\/v2\/comments?post=223549"}],"version-history":[{"count":0,"href":"https:\/\/aromasentia.com\/de\/wp-json\/wp\/v2\/product\/223549\/revisions"}],"wp:featuredmedia":[{"embeddable":true,"href":"https:\/\/aromasentia.com\/de\/wp-json\/wp\/v2\/media\/397927"}],"wp:attachment":[{"href":"https:\/\/aromasentia.com\/de\/wp-json\/wp\/v2\/media?parent=223549"}],"wp:term":[{"taxonomy":"product_brand","embeddable":true,"href":"https:\/\/aromasentia.com\/de\/wp-json\/wp\/v2\/product_brand?post=223549"},{"taxonomy":"product_cat","embeddable":true,"href":"https:\/\/aromasentia.com\/de\/wp-json\/wp\/v2\/product_cat?post=223549"},{"taxonomy":"product_tag","embeddable":true,"href":"https:\/\/aromasentia.com\/de\/wp-json\/wp\/v2\/product_tag?post=223549"}],"curies":[{"name":"wp","href":"https:\/\/api.w.org\/{rel}","templated":true}]}}