{"id":223533,"date":"2025-03-23T10:29:45","date_gmt":"2025-03-23T10:29:45","guid":{"rendered":"https:\/\/aromasentia.com\/product\/banjara-smudge-pyramid-cones-white-sage\/"},"modified":"2025-12-30T19:43:59","modified_gmt":"2025-12-30T19:43:59","slug":"banjara-smudge-pyramid-kegel-weisser-salbei","status":"publish","type":"product","link":"https:\/\/aromasentia.com\/de\/banjara-smudge-pyramid-kegel-weisser-salbei\/","title":{"rendered":"Banjara Smudge Pyramid Kegel \u2013 Wei\u00dfer Salbei"},"content":{"rendered":"<p><span style=\"color: rgb(75, 80, 88);\"><strong>Entdecken Sie die Kraft der Pyramide mit Banjaras brandneuen Smudge Pyramid Cones<\/strong>, einer revolution\u00e4ren Erg\u00e4nzung unserer ganzheitlichen Wellness-Produktlinie. Diese bemerkenswerten Kegel wurden entwickelt, um das Potenzial der Pyramidenkraft freizusetzen und bieten eine Reihe von Vorteilen, die Ihr Wohlbefinden steigern und Ihre Umgebung aufwerten k\u00f6nnen.<\/span><\/p>\n<p><span style=\"color: rgb(75, 80, 88);\">Jedes Set Smudge Pyramid Cones wird elegant in einer stilvollen Verpackung pr\u00e4sentiert. <strong>Jede Packung enth\u00e4lt 10 dieser einzigartigen pyramidenf\u00f6rmigen R\u00e4ucherkegel.<\/strong><\/span><\/p>\n<p><span style=\"color: rgb(75, 80, 88);\"><strong>Wei\u00dfer Salbei hat einen sauberen Kr\u00e4uterduft, der seit Jahrhunderten in den Traditionen der amerikanischen Ureinwohner f\u00fcr Reinigungs- und S\u00e4uberungsrituale verwendet wird.&nbsp;<\/strong><\/span><\/p>\n<p><span style=\"color: rgb(75, 80, 88);\">Er ist ideal zum R\u00e4uchern und Beseitigen negativer Energien, sodass Sie Ihre Umgebung erfrischen und Klarheit und Positivit\u00e4t f\u00f6rdern k\u00f6nnen.<\/span><\/p>\n","protected":false},"excerpt":{"rendered":"<p>Entdecken Sie die Kraft der Pyramide mit Banjaras brandneuen Smudge Pyramid Cones, einer revolution\u00e4ren Erg\u00e4nzung unserer ganzheitlichen Wellness-Produktlinie. Diese bemerkenswerten Kegel wurden entwickelt, um das Potenzial der Pyramidenkraft freizusetzen und bieten eine Reihe von Vorteilen, die Ihr Wohlbefinden steigern und Ihre Umgebung aufwerten k\u00f6nnen. Jedes Set Smudge Pyramid Cones wird elegant in einer stilvollen Verpackung [&hellip;]<\/p>\n","protected":false},"featured_media":397811,"comment_status":"closed","ping_status":"open","template":"","meta":[],"product_brand":[27104],"product_cat":[25841,26861,15331,15152,25816,26477],"product_tag":[],"class_list":{"0":"post-223533","1":"product","2":"type-product","3":"status-publish","4":"has-post-thumbnail","6":"product_brand-banjara","7":"product_cat-dufte-aromen","8":"product_cat-krauter-aromatisch","9":"product_cat-raucherkegel","10":"product_cat-raucherwerk-und-rauchergefasse","11":"product_cat-smudge-sticks","12":"product_cat-weiser-salbei","13":"pa_collection-banjara-smudge-pyramid-cones-de","14":"pa_made-in-indien","16":"first","17":"instock","18":"purchasable","19":"product-type-simple"},"supplier_id":null,"supplier_sku":"BanjSC-04","barcode":null,"atum_controlled":true,"out_stock_date":null,"out_stock_threshold":null,"inheritable":false,"inbound_stock":null,"stock_on_hold":0,"sold_today":0,"sales_last_days":0,"reserved_stock":null,"customer_returns":null,"warehouse_damage":null,"lost_in_post":null,"other_logs":null,"out_stock_days":0,"lost_sales":0,"has_location":null,"update_date":"2026-02-03T05:14:39","atum_locations":[],"atum_stock_status":"instock","restock_status":false,"low_stock_amount":"","sales_update_date":"2025-10-09T03:25:27","calc_backorders":null,"_links":{"self":[{"href":"https:\/\/aromasentia.com\/de\/wp-json\/wp\/v2\/product\/223533","targetHints":{"allow":["GET"]}}],"collection":[{"href":"https:\/\/aromasentia.com\/de\/wp-json\/wp\/v2\/product"}],"about":[{"href":"https:\/\/aromasentia.com\/de\/wp-json\/wp\/v2\/types\/product"}],"replies":[{"embeddable":true,"href":"https:\/\/aromasentia.com\/de\/wp-json\/wp\/v2\/comments?post=223533"}],"version-history":[{"count":0,"href":"https:\/\/aromasentia.com\/de\/wp-json\/wp\/v2\/product\/223533\/revisions"}],"wp:featuredmedia":[{"embeddable":true,"href":"https:\/\/aromasentia.com\/de\/wp-json\/wp\/v2\/media\/397811"}],"wp:attachment":[{"href":"https:\/\/aromasentia.com\/de\/wp-json\/wp\/v2\/media?parent=223533"}],"wp:term":[{"taxonomy":"product_brand","embeddable":true,"href":"https:\/\/aromasentia.com\/de\/wp-json\/wp\/v2\/product_brand?post=223533"},{"taxonomy":"product_cat","embeddable":true,"href":"https:\/\/aromasentia.com\/de\/wp-json\/wp\/v2\/product_cat?post=223533"},{"taxonomy":"product_tag","embeddable":true,"href":"https:\/\/aromasentia.com\/de\/wp-json\/wp\/v2\/product_tag?post=223533"}],"curies":[{"name":"wp","href":"https:\/\/api.w.org\/{rel}","templated":true}]}}