{"id":223497,"date":"2025-03-23T10:29:45","date_gmt":"2025-03-23T10:29:45","guid":{"rendered":"https:\/\/aromasentia.com\/product\/banjara-smudge-beads-palo-santo\/"},"modified":"2025-12-30T19:43:51","modified_gmt":"2025-12-30T19:43:51","slug":"banjara-raeucherperlen-fuenf-palo-santo","status":"publish","type":"product","link":"https:\/\/aromasentia.com\/de\/banjara-raeucherperlen-fuenf-palo-santo\/","title":{"rendered":"Banjara R\u00e4ucherperlen (f\u00fcnf) &#8211; Palo Santo"},"content":{"rendered":"<p><span style=\"color: rgb(75, 80, 88);\"><strong>Banjara Smudge Beads Palo Santo<\/strong> (Reinigung, Heilung, Positivit\u00e4t) werden in Indien aus komprimierten aromatischen Kr\u00e4utern, Harzen und \u00e4therischen \u00d6len hergestellt. Diese <strong>umweltfreundlichen<\/strong> Smudge Beads bieten eine <strong>nat\u00fcrliche M\u00f6glichkeit, R\u00e4ume zu reinigen und zu kl\u00e4ren<\/strong>. Ideal f\u00fcr <strong>spirituelle Rituale<\/strong>, <strong>Meditation<\/strong> oder einfach zum <strong>Schaffen einer friedlichen und duftenden Atmosph\u00e4re.<\/strong><\/span><\/p>\n<p><span style=\"color: rgb(75, 80, 88);\">Jede <strong>Box enth\u00e4lt 5 R\u00e4ucherperlen<\/strong> und einen <strong>kleinen R\u00e4ucherperlenhalter<\/strong>.&nbsp;<\/span><\/p>\n<p><span style=\"color: rgb(141, 186, 216);\"><strong>F\u00fcgen Sie diese Premium-R\u00e4ucherperlen Ihrem Gesch\u00e4ft hinzu und erf\u00fcllen Sie die wachsende Nachfrage nach nat\u00fcrlichen, spirituellen Produkten.<\/strong><\/span><\/p>\n","protected":false},"excerpt":{"rendered":"<p>Banjara Smudge Beads Palo Santo (Reinigung, Heilung, Positivit\u00e4t) werden in Indien aus komprimierten aromatischen Kr\u00e4utern, Harzen und \u00e4therischen \u00d6len hergestellt. Diese umweltfreundlichen Smudge Beads bieten eine nat\u00fcrliche M\u00f6glichkeit, R\u00e4ume zu reinigen und zu kl\u00e4ren. Ideal f\u00fcr spirituelle Rituale, Meditation oder einfach zum Schaffen einer friedlichen und duftenden Atmosph\u00e4re. Jede Box enth\u00e4lt 5 R\u00e4ucherperlen und einen [&hellip;]<\/p>\n","protected":false},"featured_media":397626,"comment_status":"closed","ping_status":"open","template":"","meta":[],"product_brand":[27104],"product_cat":[25841,26896,26323,15152,25816],"product_tag":[],"class_list":{"0":"post-223497","1":"product","2":"type-product","3":"status-publish","4":"has-post-thumbnail","6":"product_brand-banjara","7":"product_cat-dufte-aromen","8":"product_cat-holzig","9":"product_cat-palo-santo-scents-aromas","10":"product_cat-raucherwerk-und-rauchergefasse","11":"product_cat-smudge-sticks","12":"pa_collection-banjara-smudge-beads-de","13":"pa_made-in-indien","15":"first","16":"instock","17":"purchasable","18":"product-type-simple"},"supplier_id":null,"supplier_sku":"BanjSB-01","barcode":null,"atum_controlled":true,"out_stock_date":null,"out_stock_threshold":null,"inheritable":false,"inbound_stock":null,"stock_on_hold":0,"sold_today":0,"sales_last_days":0,"reserved_stock":null,"customer_returns":null,"warehouse_damage":null,"lost_in_post":null,"other_logs":null,"out_stock_days":0,"lost_sales":0,"has_location":null,"update_date":"2026-02-09T08:35:07","atum_locations":[],"atum_stock_status":"instock","restock_status":false,"low_stock_amount":"","sales_update_date":"2025-10-09T03:25:23","calc_backorders":null,"_links":{"self":[{"href":"https:\/\/aromasentia.com\/de\/wp-json\/wp\/v2\/product\/223497","targetHints":{"allow":["GET"]}}],"collection":[{"href":"https:\/\/aromasentia.com\/de\/wp-json\/wp\/v2\/product"}],"about":[{"href":"https:\/\/aromasentia.com\/de\/wp-json\/wp\/v2\/types\/product"}],"replies":[{"embeddable":true,"href":"https:\/\/aromasentia.com\/de\/wp-json\/wp\/v2\/comments?post=223497"}],"version-history":[{"count":0,"href":"https:\/\/aromasentia.com\/de\/wp-json\/wp\/v2\/product\/223497\/revisions"}],"wp:featuredmedia":[{"embeddable":true,"href":"https:\/\/aromasentia.com\/de\/wp-json\/wp\/v2\/media\/397626"}],"wp:attachment":[{"href":"https:\/\/aromasentia.com\/de\/wp-json\/wp\/v2\/media?parent=223497"}],"wp:term":[{"taxonomy":"product_brand","embeddable":true,"href":"https:\/\/aromasentia.com\/de\/wp-json\/wp\/v2\/product_brand?post=223497"},{"taxonomy":"product_cat","embeddable":true,"href":"https:\/\/aromasentia.com\/de\/wp-json\/wp\/v2\/product_cat?post=223497"},{"taxonomy":"product_tag","embeddable":true,"href":"https:\/\/aromasentia.com\/de\/wp-json\/wp\/v2\/product_tag?post=223497"}],"curies":[{"name":"wp","href":"https:\/\/api.w.org\/{rel}","templated":true}]}}